{"id":381079,"date":"2023-02-02T17:47:41","date_gmt":"2023-02-02T16:47:41","guid":{"rendered":"https:\/\/www.claret.cat\/llibre\/cervesa-i-pais-9788417116712\/"},"modified":"2025-02-22T12:55:12","modified_gmt":"2025-02-22T11:55:12","slug":"cervesa-i-pais-9788417116712","status":"publish","type":"product","link":"https:\/\/www.claret.cat\/es\/libro\/cervesa-i-pais-9788417116712\/","title":{"rendered":"CERVESA I PA\u00cdS"},"content":{"rendered":"<p>La cervesa est\u00e0 estretament vinculada a la nostra vida social com un petit plaer i avui Catalunya \u00e9s un gran pa\u00eds cerveser amb lloat prestigi mundial.<\/p>\n<p>Amb aquest llibre us oferim un tomb per la hist\u00f2ria de la popular beguda i un ampli receptari que incorpora notes de tast i maridatges dels diferents estils emprats (cerveses roses i ambrades, les d\u2019estil belga i mon\u00e0stic, amb herbes, esp\u00e8cies i flors, les llupolades, les sour (\u00e0cides), les fumades, les negres i les Strong Ale d\u2019estil brit\u00e0nic), demostrant que la cervesa \u00e9s un ingredient top per fer elaboracions dolces o salades, fresques o contundents, tradicionals o modernes, per\u00f2 sempre a l\u2019abast de tothom.<\/p>\n<p>L\u2019univers de la cervesa catalana \u00e9s tant emocionant com complex i aqu\u00ed teniu un llibre aclaridor, que li traureu molt bon partit i est\u00e0 tan viu com les nostres cerveseries, les que hi ha i les que hi haur\u00e0. Us atreviu a cuinar-la? Us atreviu a fer cervesa a casa? Us ho expliquem en detall.<\/p>\n","protected":false},"excerpt":{"rendered":"<p>BEA I CASTA\u00d1O, DAVID; SOL\u00c9 I TORN\u00c9, DAVID<\/p>\n","protected":false},"featured_media":381149,"template":"","meta":{"_acf_changed":false,"om_disable_all_campaigns":false,"rs_blank_template":"","rs_page_bg_color":"","slide_template_v7":"","inline_featured_image":false,"_monsterinsights_skip_tracking":false,"_monsterinsights_sitenote_active":false,"_monsterinsights_sitenote_note":"","_monsterinsights_sitenote_category":0},"product_brand":[],"product_cat":[553,103],"product_tag":[],"class_list":{"0":"post-381079","1":"product","2":"type-product","3":"status-publish","4":"has-post-thumbnail","6":"product_cat-cocina","7":"product_cat-cuina","9":"first","10":"instock","11":"taxable","12":"shipping-taxable","13":"purchasable","14":"product-type-simple"},"acf":{"editorial":[{"ID":148065,"post_author":"3","post_date":"2022-10-14 11:55:22","post_date_gmt":"2022-10-14 09:55:22","post_content":"","post_title":"EL FARELL","post_excerpt":"","post_status":"publish","comment_status":"closed","ping_status":"closed","post_password":"","post_name":"el-farell","to_ping":"","pinged":"","post_modified":"2022-10-14 11:55:22","post_modified_gmt":"2022-10-14 09:55:22","post_content_filtered":"","post_parent":0,"guid":"http:\/\/dev.claret.cat\/editorial\/el-farell\/","menu_order":0,"post_type":"editorial","post_mime_type":"","comment_count":"0","filter":"raw"}],"autores-libros":[{"ID":381078,"post_author":"3","post_date":"2023-02-02 17:47:39","post_date_gmt":"2023-02-02 16:47:39","post_content":"","post_title":"DAVID BEA I CASTA\u00d1O","post_excerpt":"","post_status":"publish","comment_status":"closed","ping_status":"closed","post_password":"","post_name":"david-bea-i-castano","to_ping":"","pinged":"","post_modified":"2023-02-02 17:47:39","post_modified_gmt":"2023-02-02 16:47:39","post_content_filtered":"","post_parent":0,"guid":"https:\/\/www.claret.cat\/autor\/david-bea-i-castano\/","menu_order":0,"post_type":"autor","post_mime_type":"","comment_count":"0","filter":"raw"},{"ID":153960,"post_author":"3","post_date":"2022-10-14 15:00:56","post_date_gmt":"2022-10-14 13:00:56","post_content":"","post_title":"DAVID SOLE I TORNE","post_excerpt":"","post_status":"publish","comment_status":"closed","ping_status":"closed","post_password":"","post_name":"david-sole-i-torne","to_ping":"","pinged":"","post_modified":"2022-10-14 15:00:56","post_modified_gmt":"2022-10-14 13:00:56","post_content_filtered":"","post_parent":0,"guid":"http:\/\/dev.claret.cat\/autor\/david-sole-i-torne\/","menu_order":0,"post_type":"autor","post_mime_type":"","comment_count":"0","filter":"raw"}],"autor":"BEA I CASTA\u00d1O, DAVID; SOL\u00c9 I TORN\u00c9, DAVID","codart":"841711671","libros-coleccion":"","ediciones":"1","encuadernacion":"R\u00fastica","fecha_de_publicacion":"02\/02\/2023","novedad":"1","paginas":"194","subtitulo":"HIST\u00d2RIA I CUINA DE LES CERVESES CATALANES","orden":"0","portada":"0","idioma":"cat"},"aioseo_notices":[],"_links":{"self":[{"href":"https:\/\/www.claret.cat\/es\/wp-json\/wp\/v2\/product\/381079","targetHints":{"allow":["GET"]}}],"collection":[{"href":"https:\/\/www.claret.cat\/es\/wp-json\/wp\/v2\/product"}],"about":[{"href":"https:\/\/www.claret.cat\/es\/wp-json\/wp\/v2\/types\/product"}],"wp:featuredmedia":[{"embeddable":true,"href":"https:\/\/www.claret.cat\/es\/wp-json\/wp\/v2\/media\/381149"}],"wp:attachment":[{"href":"https:\/\/www.claret.cat\/es\/wp-json\/wp\/v2\/media?parent=381079"}],"wp:term":[{"taxonomy":"product_brand","embeddable":true,"href":"https:\/\/www.claret.cat\/es\/wp-json\/wp\/v2\/product_brand?post=381079"},{"taxonomy":"product_cat","embeddable":true,"href":"https:\/\/www.claret.cat\/es\/wp-json\/wp\/v2\/product_cat?post=381079"},{"taxonomy":"product_tag","embeddable":true,"href":"https:\/\/www.claret.cat\/es\/wp-json\/wp\/v2\/product_tag?post=381079"}],"curies":[{"name":"wp","href":"https:\/\/api.w.org\/{rel}","templated":true}]}}