{"id":381250,"date":"2023-02-02T19:10:02","date_gmt":"2023-02-02T18:10:02","guid":{"rendered":"https:\/\/www.claret.cat\/llibre\/resistencia-9788412465990\/"},"modified":"2023-10-06T05:57:23","modified_gmt":"2023-10-06T03:57:23","slug":"resistencia-9788412465990","status":"publish","type":"product","link":"https:\/\/www.claret.cat\/es\/libro\/resistencia-9788412465990\/","title":{"rendered":"RESISTENCIA"},"content":{"rendered":"<p>A a\u00f1os luz de la claudicaci\u00f3n melanc\u00f3lica de nuestros intelectuales, que en su mayor\u00eda han abdicado de su responsabilidad moral de alzar la voz contra las falacias consolatorias, cuando no las mentiras, de nuestras clases dirigentes, Noam Chomsky, que el pasado 7 de diciembre cumpli\u00f3 94 a\u00f1os, sigue habl\u00e1ndonos desde la racionalidad y la lucidez, des- de un compromiso personal que ha puesto a prueba en numerosas ocasiones y que le ha llevado a la convicci\u00f3n de que la tenacidad y el coraje de hom- bres y mujeres nos llevar\u00e1 finalmente \u00aba un mundo decente en el que la gente sienta que puede vivir sin verg\u00fcenza. Un mundo mejor\u00bb.<\/p>\n","protected":false},"excerpt":{"rendered":"<p>CHOMSKY, NOAM<\/p>\n","protected":false},"featured_media":381422,"template":"","meta":{"_acf_changed":false,"om_disable_all_campaigns":false,"rs_blank_template":"","rs_page_bg_color":"","slide_template_v7":"","inline_featured_image":false,"_monsterinsights_skip_tracking":false,"_monsterinsights_sitenote_active":false,"_monsterinsights_sitenote_note":"","_monsterinsights_sitenote_category":0},"product_brand":[],"product_cat":[436,569],"product_tag":[],"class_list":{"0":"post-381250","1":"product","2":"type-product","3":"status-publish","4":"has-post-thumbnail","6":"product_cat-economica-y-politica","7":"product_cat-politica-2_humanidades-spa","9":"first","10":"instock","11":"taxable","12":"shipping-taxable","13":"purchasable","14":"product-type-simple"},"acf":{"editorial":[{"ID":6232,"post_author":"3","post_date":"2022-07-28 17:47:45","post_date_gmt":"2022-07-28 15:47:45","post_content":"","post_title":"EDITORIAL PASADO Y PRESENTE","post_excerpt":"","post_status":"publish","comment_status":"closed","ping_status":"closed","post_password":"","post_name":"editorial-pasado-y-presente","to_ping":"","pinged":"","post_modified":"2022-07-28 17:47:45","post_modified_gmt":"2022-07-28 15:47:45","post_content_filtered":"","post_parent":0,"guid":"http:\/\/dev.claret.cat\/editorial\/editorial-pasado-y-presente\/","menu_order":0,"post_type":"editorial","post_mime_type":"","comment_count":"0","filter":"raw"}],"autores-libros":[{"ID":165919,"post_author":"3","post_date":"2022-10-14 17:58:59","post_date_gmt":"2022-10-14 15:58:59","post_content":"","post_title":"NOAM CHOMSKY","post_excerpt":"","post_status":"publish","comment_status":"closed","ping_status":"closed","post_password":"","post_name":"noam-chomsky","to_ping":"","pinged":"","post_modified":"2022-10-14 17:58:59","post_modified_gmt":"2022-10-14 15:58:59","post_content_filtered":"","post_parent":0,"guid":"http:\/\/dev.claret.cat\/autor\/noam-chomsky\/","menu_order":0,"post_type":"autor","post_mime_type":"","comment_count":"0","filter":"raw"}],"autor":"CHOMSKY, NOAM","codart":"841246599","libros-coleccion":"Ensayo","ediciones":"1","encuadernacion":"R\u00fastica","fecha_de_publicacion":"01\/02\/2023","novedad":"1","paginas":"272","subtitulo":"ENTREVISTAS CON DAVID BARSAMIAN","orden":"0","portada":"0","idioma":"spa"},"aioseo_notices":[],"_links":{"self":[{"href":"https:\/\/www.claret.cat\/es\/wp-json\/wp\/v2\/product\/381250","targetHints":{"allow":["GET"]}}],"collection":[{"href":"https:\/\/www.claret.cat\/es\/wp-json\/wp\/v2\/product"}],"about":[{"href":"https:\/\/www.claret.cat\/es\/wp-json\/wp\/v2\/types\/product"}],"wp:featuredmedia":[{"embeddable":true,"href":"https:\/\/www.claret.cat\/es\/wp-json\/wp\/v2\/media\/381422"}],"wp:attachment":[{"href":"https:\/\/www.claret.cat\/es\/wp-json\/wp\/v2\/media?parent=381250"}],"wp:term":[{"taxonomy":"product_brand","embeddable":true,"href":"https:\/\/www.claret.cat\/es\/wp-json\/wp\/v2\/product_brand?post=381250"},{"taxonomy":"product_cat","embeddable":true,"href":"https:\/\/www.claret.cat\/es\/wp-json\/wp\/v2\/product_cat?post=381250"},{"taxonomy":"product_tag","embeddable":true,"href":"https:\/\/www.claret.cat\/es\/wp-json\/wp\/v2\/product_tag?post=381250"}],"curies":[{"name":"wp","href":"https:\/\/api.w.org\/{rel}","templated":true}]}}