{"id":382104,"date":"2023-02-03T14:12:53","date_gmt":"2023-02-03T13:12:53","guid":{"rendered":"https:\/\/www.claret.cat\/llibre\/la-profundidad-de-los-sexos-9788493610227\/"},"modified":"2025-05-26T11:10:21","modified_gmt":"2025-05-26T09:10:21","slug":"la-profundidad-de-los-sexos-9788493610227","status":"publish","type":"product","link":"https:\/\/www.claret.cat\/es\/libro\/la-profundidad-de-los-sexos-9788493610227\/","title":{"rendered":"LA PROFUNDIDAD DE LOS SEXOS"},"content":{"rendered":"<p>\u00bfQue son esos sexos que creemos conocer tan sobradamente? Algunos se preocupan por su longitud y propugnan su desinhici\u00f3n; otros recuerdan sus diferencias y temen su confusi\u00f3n. Pero, \u00bfno es posible, m\u00e1s all\u00e1 de su reducci\u00f3n biol\u00f3gica o de su sublime psicol\u00f3gica, considerarlos en toda su profundidad? \u00bfY si se abrieran bajo nuestras cinturas caminos impenetrables? Contra todo dualialismo (tambi\u00e9n contra todo proyecto t\u00e9cnico que reduzca el hombre a un material), este libro quisiera reconocer el esp\u00edritu que se da en la carne misma. Contra todo moralismo (tambi\u00e9n contra todo ese inmoralismo que no deja de aleccionarnos), se esfuerza en descubrir &#8216;una moral que ser r\u00ede de la moral&#8217;, reservando un lugar para la dramaturgia del deseo. Su itinerario a trav\u00e9s de la literatura, la filosif\u00eda y los textos sagrados nos invita a sumergirnos en profundidades sexuales sucesivas. el cuerpo, la pareja, el hijo, la Ciudad y finalmente, el Cielo posible. La esposa del Cantar de los Cantares no teme decir a prop\u00f3sito del Esposo divino: Meti\u00f3 la mano poe el agujero de la cerradura, y toda entera me estremec\u00ed (Ct 5, 4).<\/p>\n","protected":false},"excerpt":{"rendered":"<p>HADJADJ, FABRICE<\/p>\n","protected":false},"featured_media":1023553,"template":"","meta":{"_acf_changed":false,"om_disable_all_campaigns":false,"rs_blank_template":"","rs_page_bg_color":"","slide_template_v7":"","inline_featured_image":false,"_monsterinsights_skip_tracking":false,"_monsterinsights_sitenote_active":false,"_monsterinsights_sitenote_note":"","_monsterinsights_sitenote_category":0},"product_brand":[],"product_cat":[345,79],"product_tag":[],"class_list":{"0":"post-382104","1":"product","2":"type-product","3":"status-publish","4":"has-post-thumbnail","6":"product_cat-espiritualidad","7":"product_cat-espiritualitat","9":"first","10":"instock","11":"taxable","12":"shipping-taxable","13":"purchasable","14":"product-type-simple"},"acf":{"editorial":[{"ID":148011,"post_author":"3","post_date":"2022-10-14 11:54:57","post_date_gmt":"2022-10-14 09:54:57","post_content":"","post_title":"EDITORIAL NUEVO INICIO","post_excerpt":"","post_status":"publish","comment_status":"closed","ping_status":"closed","post_password":"","post_name":"editorial-nuevo-inicio","to_ping":"","pinged":"","post_modified":"2022-10-14 11:54:57","post_modified_gmt":"2022-10-14 09:54:57","post_content_filtered":"","post_parent":0,"guid":"http:\/\/dev.claret.cat\/editorial\/editorial-nuevo-inicio\/","menu_order":0,"post_type":"editorial","post_mime_type":"","comment_count":"0","filter":"raw"}],"autores-libros":[{"ID":155615,"post_author":"3","post_date":"2022-10-14 15:14:15","post_date_gmt":"2022-10-14 13:14:15","post_content":"","post_title":"FABRICE HADJADJ","post_excerpt":"","post_status":"publish","comment_status":"closed","ping_status":"closed","post_password":"","post_name":"fabrice-hadjadj","to_ping":"","pinged":"","post_modified":"2022-10-14 15:14:15","post_modified_gmt":"2022-10-14 13:14:15","post_content_filtered":"","post_parent":0,"guid":"http:\/\/dev.claret.cat\/autor\/fabrice-hadjadj\/","menu_order":0,"post_type":"autor","post_mime_type":"","comment_count":"0","filter":"raw"}],"autor":"HADJADJ, FABRICE","codart":"849361022","libros-coleccion":"Are\u00f3pagos","ediciones":"1","encuadernacion":"R\u00fastica","fecha_de_publicacion":"01\/06\/2010","novedad":"0","paginas":"302","subtitulo":"(POR UNA M\u00cdSTICA DE LA CARNE)","orden":"999","portada":"0","idioma":"spa","booktrailer":"","resenas":""},"aioseo_notices":[],"_links":{"self":[{"href":"https:\/\/www.claret.cat\/es\/wp-json\/wp\/v2\/product\/382104","targetHints":{"allow":["GET"]}}],"collection":[{"href":"https:\/\/www.claret.cat\/es\/wp-json\/wp\/v2\/product"}],"about":[{"href":"https:\/\/www.claret.cat\/es\/wp-json\/wp\/v2\/types\/product"}],"wp:featuredmedia":[{"embeddable":true,"href":"https:\/\/www.claret.cat\/es\/wp-json\/wp\/v2\/media\/1023553"}],"wp:attachment":[{"href":"https:\/\/www.claret.cat\/es\/wp-json\/wp\/v2\/media?parent=382104"}],"wp:term":[{"taxonomy":"product_brand","embeddable":true,"href":"https:\/\/www.claret.cat\/es\/wp-json\/wp\/v2\/product_brand?post=382104"},{"taxonomy":"product_cat","embeddable":true,"href":"https:\/\/www.claret.cat\/es\/wp-json\/wp\/v2\/product_cat?post=382104"},{"taxonomy":"product_tag","embeddable":true,"href":"https:\/\/www.claret.cat\/es\/wp-json\/wp\/v2\/product_tag?post=382104"}],"curies":[{"name":"wp","href":"https:\/\/api.w.org\/{rel}","templated":true}]}}