{"id":38252,"date":"2022-10-02T18:48:49","date_gmt":"2022-10-02T16:48:49","guid":{"rendered":"http:\/\/dev.claret.cat\/producte\/el-meu-primer-llibre-delectromagnetisme\/"},"modified":"2023-10-06T10:16:33","modified_gmt":"2023-10-06T08:16:33","slug":"el-meu-primer-llibre-delectromagnetisme-9788426147448","status":"publish","type":"product","link":"https:\/\/www.claret.cat\/es\/libro\/el-meu-primer-llibre-delectromagnetisme-9788426147448\/","title":{"rendered":"EL MEU PRIMER LLIBRE D&#8217;ELECTROMAGNETISME"},"content":{"rendered":"<p>Qu\u00e8 \u00e9s en realitat l&#8217;electricitat? Qu\u00e8 t\u00e9 a veure amb els imants? Qu\u00e8 \u00e9s el magnetisme? I el m\u00e9s intrigant de tot: qu\u00e8 t\u00e9 tot plegat a veure amb la llum?   Avui dia, l&#8217;electricitat i el magnetisme ens envolten. Els fem servir per il\u00b7luminar les cases i els carrers, per cuinar, mirar la tele, jugar a videojocs, navegar per internet, enviar missatges, escoltar m\u00fasica&#8230;, b\u00e9, pr\u00e0cticament per a tot. De fet, \u00e9s dif\u00edcil trobar alguna cosa que no funcioni amb electricitat i magnetisme. Vine i endinsa&#8217;t en el fabul\u00f3s m\u00f3n de l&#8217;ELECTROMAGNETISME.  Dr. Albert \u00e9s una col\u00b7lecci\u00f3 de llibres perfectes per a explicar q\u00fcestions aparentment complexes als nens, a partir de 10 anys, de la forma m\u00e9s f\u00e0cil i divertida possible, centrant-se en l&#8217;ensenyament de la ci\u00e8ncia.<\/p>\n","protected":false},"excerpt":{"rendered":"<p>KAID-SALAH FERR\u00d3N, SHEDDAD<\/p>\n","protected":false},"featured_media":55333,"template":"","meta":{"_acf_changed":false,"om_disable_all_campaigns":false,"rs_blank_template":"","rs_page_bg_color":"","slide_template_v7":"","inline_featured_image":false,"_monsterinsights_skip_tracking":false,"_monsterinsights_sitenote_active":false,"_monsterinsights_sitenote_note":"","_monsterinsights_sitenote_category":0},"product_brand":[],"product_cat":[131,132],"product_tag":[],"class_list":{"0":"post-38252","1":"product","2":"type-product","3":"status-publish","4":"has-post-thumbnail","6":"product_cat-contes-per-infants-0-6-anys","7":"product_cat-lectures-per-preadolescents-6-12-anys","9":"first","10":"instock","11":"taxable","12":"shipping-taxable","13":"purchasable","14":"product-type-simple"},"acf":{"autor":"KAID-SALAH FERR\u00d3N, SHEDDAD","codart":"842614744","libros-coleccion":"CONOCER  Y COMPRENDER","ediciones":"1","encuadernacion":"Carton\u00e9","fecha_de_publicacion":"01\/03\/2022","novedad":"1","paginas":"41","subtitulo":"","orden":"0","portada":"0","idioma":"cat","editorial":[{"ID":6226,"post_author":"3","post_date":"2022-07-28 17:47:36","post_date_gmt":"2022-07-28 15:47:36","post_content":"","post_title":"EDITORIAL JUVENTUD","post_excerpt":"","post_status":"publish","comment_status":"closed","ping_status":"closed","post_password":"","post_name":"editorial-juventud","to_ping":"","pinged":"","post_modified":"2022-07-28 17:47:36","post_modified_gmt":"2022-07-28 15:47:36","post_content_filtered":"","post_parent":0,"guid":"http:\/\/dev.claret.cat\/editorial\/editorial-juventud\/","menu_order":0,"post_type":"editorial","post_mime_type":"","comment_count":"0","filter":"raw"}],"autores-libros":[{"ID":169410,"post_author":"3","post_date":"2022-10-14 22:27:00","post_date_gmt":"2022-10-14 20:27:00","post_content":"","post_title":"SHEDDAD KAID-SALAH FERR\u00d3N","post_excerpt":"","post_status":"publish","comment_status":"closed","ping_status":"closed","post_password":"","post_name":"sheddad-kaid-salah-ferron","to_ping":"","pinged":"","post_modified":"2022-10-14 22:27:00","post_modified_gmt":"2022-10-14 20:27:00","post_content_filtered":"","post_parent":0,"guid":"http:\/\/dev.claret.cat\/autor\/sheddad-kaid-salah-ferron\/","menu_order":0,"post_type":"autor","post_mime_type":"","comment_count":"0","filter":"raw"}]},"aioseo_notices":[],"_links":{"self":[{"href":"https:\/\/www.claret.cat\/es\/wp-json\/wp\/v2\/product\/38252","targetHints":{"allow":["GET"]}}],"collection":[{"href":"https:\/\/www.claret.cat\/es\/wp-json\/wp\/v2\/product"}],"about":[{"href":"https:\/\/www.claret.cat\/es\/wp-json\/wp\/v2\/types\/product"}],"wp:featuredmedia":[{"embeddable":true,"href":"https:\/\/www.claret.cat\/es\/wp-json\/wp\/v2\/media\/55333"}],"wp:attachment":[{"href":"https:\/\/www.claret.cat\/es\/wp-json\/wp\/v2\/media?parent=38252"}],"wp:term":[{"taxonomy":"product_brand","embeddable":true,"href":"https:\/\/www.claret.cat\/es\/wp-json\/wp\/v2\/product_brand?post=38252"},{"taxonomy":"product_cat","embeddable":true,"href":"https:\/\/www.claret.cat\/es\/wp-json\/wp\/v2\/product_cat?post=38252"},{"taxonomy":"product_tag","embeddable":true,"href":"https:\/\/www.claret.cat\/es\/wp-json\/wp\/v2\/product_tag?post=38252"}],"curies":[{"name":"wp","href":"https:\/\/api.w.org\/{rel}","templated":true}]}}