{"id":382534,"date":"2023-02-03T18:35:43","date_gmt":"2023-02-03T17:35:43","guid":{"rendered":"https:\/\/www.claret.cat\/llibre\/por-los-caminos-de-compostela-9788432162855\/"},"modified":"2026-04-07T17:18:05","modified_gmt":"2026-04-07T15:18:05","slug":"por-los-caminos-de-compostela-9788432162855","status":"publish","type":"product","link":"https:\/\/www.claret.cat\/es\/libro\/por-los-caminos-de-compostela-9788432162855\/","title":{"rendered":"POR LOS CAMINOS DE COMPOSTELA"},"content":{"rendered":"<p>UNA MANERA L\u00daDICA DE DESCUBRIR EL CAMINO DE SANTIAGO, A TRAV\u00c9S DE UN BUSCA Y ENCUENTRA IN\u00c9DITO.<\/p>\n<p>Vuelve a encontrar a Sara y Sim\u00f3n en el Camino de Santiago. Los acompa\u00f1a Jaco, su amigo y gu\u00eda. Con ellos se esconden tambi\u00e9n F\u00e9lix el maestro y su hija Estrella, los gatos Blanca y Moreno, y Quintina la cabrita.<\/p>\n<p>Abre bien los ojos y mira cada escena. \u00bfSer\u00e1s el m\u00e1s r\u00e1pido en encontrarlos?<\/p>\n","protected":false},"excerpt":{"rendered":"<p>SUTTER, GEERT<\/p>\n","protected":false},"featured_media":382726,"template":"","meta":{"_acf_changed":false,"om_disable_all_campaigns":false,"rs_blank_template":"","rs_page_bg_color":"","slide_template_v7":"","inline_featured_image":false,"_monsterinsights_skip_tracking":false,"_monsterinsights_sitenote_active":false,"_monsterinsights_sitenote_note":"","_monsterinsights_sitenote_category":0},"product_brand":[],"product_cat":[558,108,230,391],"product_tag":[],"class_list":{"0":"post-382534","1":"product","2":"type-product","3":"status-publish","4":"has-post-thumbnail","6":"product_cat-comic-3_infantil-juvenil-spa-spa","7":"product_cat-comic","8":"product_cat-jocs-cancons-i-dances","9":"product_cat-juegos-canciones-y-danzas","11":"first","12":"instock","13":"taxable","14":"shipping-taxable","15":"purchasable","16":"product-type-simple"},"acf":{"editorial":[{"ID":6348,"post_author":"3","post_date":"2022-07-28 17:50:16","post_date_gmt":"2022-07-28 15:50:16","post_content":"","post_title":"Rialp","post_excerpt":"","post_status":"publish","comment_status":"closed","ping_status":"closed","post_password":"","post_name":"rialp","to_ping":"","pinged":"","post_modified":"2022-07-28 17:50:16","post_modified_gmt":"2022-07-28 15:50:16","post_content_filtered":"","post_parent":0,"guid":"http:\/\/dev.claret.cat\/editorial\/rialp\/","menu_order":0,"post_type":"editorial","post_mime_type":"","comment_count":"0","filter":"raw"}],"autores-libros":[{"ID":381691,"post_author":"3","post_date":"2023-02-03 11:21:16","post_date_gmt":"2023-02-03 10:21:16","post_content":"","post_title":"GEERT SUTTER","post_excerpt":"","post_status":"publish","comment_status":"closed","ping_status":"closed","post_password":"","post_name":"geert-sutter-2","to_ping":"","pinged":"","post_modified":"2023-02-03 11:21:16","post_modified_gmt":"2023-02-03 10:21:16","post_content_filtered":"","post_parent":0,"guid":"https:\/\/www.claret.cat\/autor\/geert-sutter-2\/","menu_order":0,"post_type":"autor","post_mime_type":"","comment_count":"0","filter":"raw"}],"autor":"SUTTER, GEERT","codart":"843216285","libros-coleccion":"","ediciones":"1","encuadernacion":"Carton\u00e9","fecha_de_publicacion":"03\/02\/2023","novedad":"0","paginas":"28","subtitulo":"BUSCA Y ENCUENTRA ","orden":"999","portada":"0","idioma":"spa","booktrailer":"","resenas":""},"aioseo_notices":[],"_links":{"self":[{"href":"https:\/\/www.claret.cat\/es\/wp-json\/wp\/v2\/product\/382534","targetHints":{"allow":["GET"]}}],"collection":[{"href":"https:\/\/www.claret.cat\/es\/wp-json\/wp\/v2\/product"}],"about":[{"href":"https:\/\/www.claret.cat\/es\/wp-json\/wp\/v2\/types\/product"}],"wp:featuredmedia":[{"embeddable":true,"href":"https:\/\/www.claret.cat\/es\/wp-json\/wp\/v2\/media\/382726"}],"wp:attachment":[{"href":"https:\/\/www.claret.cat\/es\/wp-json\/wp\/v2\/media?parent=382534"}],"wp:term":[{"taxonomy":"product_brand","embeddable":true,"href":"https:\/\/www.claret.cat\/es\/wp-json\/wp\/v2\/product_brand?post=382534"},{"taxonomy":"product_cat","embeddable":true,"href":"https:\/\/www.claret.cat\/es\/wp-json\/wp\/v2\/product_cat?post=382534"},{"taxonomy":"product_tag","embeddable":true,"href":"https:\/\/www.claret.cat\/es\/wp-json\/wp\/v2\/product_tag?post=382534"}],"curies":[{"name":"wp","href":"https:\/\/api.w.org\/{rel}","templated":true}]}}