{"id":382551,"date":"2023-02-03T18:36:40","date_gmt":"2023-02-03T17:36:40","guid":{"rendered":"https:\/\/www.claret.cat\/llibre\/antropologia-de-la-intimidad-9788432163302\/"},"modified":"2024-05-24T04:14:04","modified_gmt":"2024-05-24T02:14:04","slug":"antropologia-de-la-intimidad-9788432163302","status":"publish","type":"product","link":"https:\/\/www.claret.cat\/es\/libro\/antropologia-de-la-intimidad-9788432163302\/","title":{"rendered":"ANTROPOLOG\u00cdA DE LA INTIMIDAD"},"content":{"rendered":"<p>ESTE LIBRO ES UNA CONTINUACI\u00d3N DE ANTROPOLOG\u00cdA PARA INCONFORMES. DESCRIBE LA INTIMIDAD HUMANA Y SU APERTURA A DIOS, DESCUBRIENDO A LA PERSONA COMO UN TESORO INAGOTABLE LLAMADO A CRECER EN LIBERTAD.<\/p>\n<p>El autor, en continuidad con su Antropolog\u00eda para inconformes, describe ahora la intimidad humana y su apertura a Dios: la libertad personal y la esperanza, el conocer personal y la fe, el amor personal y la caridad, as\u00ed como la belleza \u00edntima como reuni\u00f3n de estas realidades. \u00bfC\u00f3mo accede la persona a su propia intimidad? \u00bfQu\u00e9 obst\u00e1culos pueden imped\u00edrselo? \u00bfQu\u00e9 implica tener un destino?<\/p>\n<p>La persona se descubre a s\u00ed misma como un \u00abtesoro inagotable\u00bb; un \u00abamar que se entrega inerme cuando llega al mundo\u00bb; una \u00abluz o conocer transparente\u00bb; una \u00ablibertad\u00bb cuya finalidad carece de l\u00edmites; una \u00abcoexistencia con Dios\u00bb llamada a crecer, tambi\u00e9n mediante nuestros semejantes.<\/p>\n","protected":false},"excerpt":{"rendered":"<p>FERNANDO SELL\u00c9S, JUAN<\/p>\n","protected":false},"featured_media":384676,"template":"","meta":{"_acf_changed":false,"om_disable_all_campaigns":false,"rs_blank_template":"","rs_page_bg_color":"","slide_template_v7":"","inline_featured_image":false,"_monsterinsights_skip_tracking":false,"_monsterinsights_sitenote_active":false,"_monsterinsights_sitenote_note":"","_monsterinsights_sitenote_category":0},"product_brand":[],"product_cat":[174,375],"product_tag":[],"class_list":{"0":"post-382551","1":"product","2":"type-product","3":"status-publish","4":"has-post-thumbnail","6":"product_cat-antropologia","7":"product_cat-antropologia-filosofia-2_humanidades","9":"first","10":"instock","11":"taxable","12":"shipping-taxable","13":"purchasable","14":"product-type-simple"},"acf":{"editorial":[{"ID":6348,"post_author":"3","post_date":"2022-07-28 17:50:16","post_date_gmt":"2022-07-28 15:50:16","post_content":"","post_title":"Rialp","post_excerpt":"","post_status":"publish","comment_status":"closed","ping_status":"closed","post_password":"","post_name":"rialp","to_ping":"","pinged":"","post_modified":"2022-07-28 17:50:16","post_modified_gmt":"2022-07-28 15:50:16","post_content_filtered":"","post_parent":0,"guid":"http:\/\/dev.claret.cat\/editorial\/rialp\/","menu_order":0,"post_type":"editorial","post_mime_type":"","comment_count":"0","filter":"raw"}],"autores-libros":[{"ID":381667,"post_author":"3","post_date":"2023-02-03 11:17:21","post_date_gmt":"2023-02-03 10:17:21","post_content":"","post_title":"JUAN FERNANDO SELLES","post_excerpt":"","post_status":"publish","comment_status":"closed","ping_status":"closed","post_password":"","post_name":"juan-fernando-selles-2","to_ping":"","pinged":"","post_modified":"2023-02-03 11:17:21","post_modified_gmt":"2023-02-03 10:17:21","post_content_filtered":"","post_parent":0,"guid":"https:\/\/www.claret.cat\/autor\/juan-fernando-selles-2\/","menu_order":0,"post_type":"autor","post_mime_type":"","comment_count":"0","filter":"raw"}],"autor":"FERNANDO SELL\u00c9S, JUAN","codart":"843216330","libros-coleccion":"","ediciones":"2","encuadernacion":"R\u00fastica","fecha_de_publicacion":"03\/02\/2023","novedad":"0","paginas":"413","subtitulo":"LIBERTAD, SENTIDO \u00daNICO Y AMOR PERSONAL","orden":"999","portada":"0","idioma":"spa"},"aioseo_notices":[],"_links":{"self":[{"href":"https:\/\/www.claret.cat\/es\/wp-json\/wp\/v2\/product\/382551","targetHints":{"allow":["GET"]}}],"collection":[{"href":"https:\/\/www.claret.cat\/es\/wp-json\/wp\/v2\/product"}],"about":[{"href":"https:\/\/www.claret.cat\/es\/wp-json\/wp\/v2\/types\/product"}],"wp:featuredmedia":[{"embeddable":true,"href":"https:\/\/www.claret.cat\/es\/wp-json\/wp\/v2\/media\/384676"}],"wp:attachment":[{"href":"https:\/\/www.claret.cat\/es\/wp-json\/wp\/v2\/media?parent=382551"}],"wp:term":[{"taxonomy":"product_brand","embeddable":true,"href":"https:\/\/www.claret.cat\/es\/wp-json\/wp\/v2\/product_brand?post=382551"},{"taxonomy":"product_cat","embeddable":true,"href":"https:\/\/www.claret.cat\/es\/wp-json\/wp\/v2\/product_cat?post=382551"},{"taxonomy":"product_tag","embeddable":true,"href":"https:\/\/www.claret.cat\/es\/wp-json\/wp\/v2\/product_tag?post=382551"}],"curies":[{"name":"wp","href":"https:\/\/api.w.org\/{rel}","templated":true}]}}