{"id":382662,"date":"2023-02-03T19:35:28","date_gmt":"2023-02-03T18:35:28","guid":{"rendered":"https:\/\/www.claret.cat\/llibre\/assalt-militar-en-un-museu-de-catalunya-al-segle-xxi-9788412574739\/"},"modified":"2023-10-06T06:32:11","modified_gmt":"2023-10-06T04:32:11","slug":"assalt-militar-en-un-museu-de-catalunya-al-segle-xxi-9788412574739","status":"publish","type":"product","link":"https:\/\/www.claret.cat\/es\/libro\/assalt-militar-en-un-museu-de-catalunya-al-segle-xxi-9788412574739\/","title":{"rendered":"ASSALT MILITAR EN UN MUSEU DE CATALUNYA AL SEGLE XXI"},"content":{"rendered":"<p>La 9788412574739 04 nmatinada de l&#8217;onze de desembre de 2017, una vuitantena de gu\u00e0rdies civils, amb l&#8217;uniforme d&#8217;assalt i metralleta en m\u00e0, van entrar en el Museu de Lleida Dioces\u00e0<br \/> i Comarcal, davant la mirada at\u00f2nita dels treballadors, que havien obert la porta sense cap manifestaci\u00f3 o insinuaci\u00f3 de resist\u00e8ncia que justifiqu\u00e9s aquest desplegament de for\u00e7a. Portaven una ordre d&#8217;un jutjat de primera inst\u00e0ncia d&#8217;Arag\u00f3 que els autoritzava a endur-se&#8217;n quaranta-quatre obres d&#8221;art.<br \/> La not\u00edcia va provocar una consternaci\u00f3 enorme en els \u00e0mbits culturals europeus i nord-americans, que no entenien com era possible un comportament d&#8217;aquesta mena a Europa en el segle XXI.<br \/> Flocel Sabat\u00e9, catedr\u00e0tic de la Universitat de Lleida, va assumir el repte d&#8217;explicar-ho per a la revista \u00c9crire l&#8217;histoire. L&#8217;objectiu era detallar-ne els fets, tenint present un fenomen molt actual: l&#8217;\u00fas de la hist\u00f2ria i del patrimoni cultural en el foment d&#8217;identitats col\u00b7lectives sota el lideratge d&#8217;autoritats publiques, amb la finalitat de construir noves identitats a partir del conflicte. Aqu\u00ed trobareu totes les respostes al perqu\u00e8 de l&#8217;assalt al Museu de Lleida.<\/p>\n","protected":false},"excerpt":{"rendered":"<p>SABAT\u00c9, FLOCEL<\/p>\n","protected":false},"featured_media":394415,"template":"","meta":{"_acf_changed":false,"om_disable_all_campaigns":false,"rs_blank_template":"","rs_page_bg_color":"","slide_template_v7":"","inline_featured_image":false,"_monsterinsights_skip_tracking":false,"_monsterinsights_sitenote_active":false,"_monsterinsights_sitenote_note":"","_monsterinsights_sitenote_category":0},"product_brand":[],"product_cat":[153],"product_tag":[],"class_list":{"0":"post-382662","1":"product","2":"type-product","3":"status-publish","4":"has-post-thumbnail","6":"product_cat-catalunya","8":"first","9":"instock","10":"taxable","11":"shipping-taxable","12":"purchasable","13":"product-type-simple"},"acf":{"editorial":[{"ID":147894,"post_author":"3","post_date":"2022-10-14 11:54:03","post_date_gmt":"2022-10-14 09:54:03","post_content":"","post_title":"Edicions Sidill\u00e0 SL","post_excerpt":"","post_status":"publish","comment_status":"closed","ping_status":"closed","post_password":"","post_name":"edicions-sidilla-sl","to_ping":"","pinged":"","post_modified":"2022-10-14 11:54:03","post_modified_gmt":"2022-10-14 09:54:03","post_content_filtered":"","post_parent":0,"guid":"http:\/\/dev.claret.cat\/editorial\/edicions-sidilla-sl\/","menu_order":0,"post_type":"editorial","post_mime_type":"","comment_count":"0","filter":"raw"}],"autores-libros":[{"ID":382661,"post_author":"3","post_date":"2023-02-03 19:35:26","post_date_gmt":"2023-02-03 18:35:26","post_content":"","post_title":"FLOCEL SABATE","post_excerpt":"","post_status":"publish","comment_status":"closed","ping_status":"closed","post_password":"","post_name":"flocel-sabate-7","to_ping":"","pinged":"","post_modified":"2023-02-03 19:35:26","post_modified_gmt":"2023-02-03 18:35:26","post_content_filtered":"","post_parent":0,"guid":"https:\/\/www.claret.cat\/autor\/flocel-sabate-7\/","menu_order":0,"post_type":"autor","post_mime_type":"","comment_count":"0","filter":"raw"}],"autor":"SABAT\u00c9, FLOCEL","codart":"841257473","libros-coleccion":"Busca-raons","ediciones":"1","encuadernacion":"R\u00fastica","fecha_de_publicacion":"01\/01\/2023","novedad":"1","paginas":"128","subtitulo":"AN\u00c0LISI DELS FETS EN EL SEU CONTEXT","orden":"0","portada":"0","idioma":"cat"},"aioseo_notices":[],"_links":{"self":[{"href":"https:\/\/www.claret.cat\/es\/wp-json\/wp\/v2\/product\/382662","targetHints":{"allow":["GET"]}}],"collection":[{"href":"https:\/\/www.claret.cat\/es\/wp-json\/wp\/v2\/product"}],"about":[{"href":"https:\/\/www.claret.cat\/es\/wp-json\/wp\/v2\/types\/product"}],"wp:featuredmedia":[{"embeddable":true,"href":"https:\/\/www.claret.cat\/es\/wp-json\/wp\/v2\/media\/394415"}],"wp:attachment":[{"href":"https:\/\/www.claret.cat\/es\/wp-json\/wp\/v2\/media?parent=382662"}],"wp:term":[{"taxonomy":"product_brand","embeddable":true,"href":"https:\/\/www.claret.cat\/es\/wp-json\/wp\/v2\/product_brand?post=382662"},{"taxonomy":"product_cat","embeddable":true,"href":"https:\/\/www.claret.cat\/es\/wp-json\/wp\/v2\/product_cat?post=382662"},{"taxonomy":"product_tag","embeddable":true,"href":"https:\/\/www.claret.cat\/es\/wp-json\/wp\/v2\/product_tag?post=382662"}],"curies":[{"name":"wp","href":"https:\/\/api.w.org\/{rel}","templated":true}]}}