{"id":38288,"date":"2022-10-02T18:49:23","date_gmt":"2022-10-02T16:49:23","guid":{"rendered":"http:\/\/dev.claret.cat\/producte\/naturalistas-en-zapatillas\/"},"modified":"2023-10-06T09:25:50","modified_gmt":"2023-10-06T07:25:50","slug":"naturalistas-en-zapatillas-9788448029418","status":"publish","type":"product","link":"https:\/\/www.claret.cat\/es\/libro\/naturalistas-en-zapatillas-9788448029418\/","title":{"rendered":"NATURALISTAS EN ZAPATILLAS"},"content":{"rendered":"<p>En este nuevo libro de Jose Luis Gallego, uno de los divulgadores ambientales m\u00e1s reconocidos de nuestro pa\u00eds, los protagonistas no son las grandes rapaces que sobrevuelan nuestras serran\u00edas, ni grandes carn\u00edvoros, como el oso, el lince o el lobo.<br \/> A lo largo de sus cap\u00edtulos vamos a descubrir los secretos de los m\u00e1s modestos de la naturaleza, las especies m\u00e1s comunes y sin embargo menos conocidas: los gorriones del patio, las ranas de la charca, las plantas camineras, las lagartijas de la tapia, el erizo del jard\u00edn o la ara\u00f1a del desv\u00e1n.<br \/> Si sientes curiosidad por la naturaleza, si quieres aprender a reconocerla de una manera c\u00f3moda y divertida, aqu\u00ed van un mont\u00f3n de sorpresas que te permitir\u00e1n conocer mejor a los animales y las plantas que nos rodean. Y todo ello sin alejarnos demasiado de casa: \u00a1incluso sin salir de ella!<\/p>\n","protected":false},"excerpt":{"rendered":"<p>GALLEGO, JOSE LUIS<\/p>\n","protected":false},"featured_media":55365,"template":"","meta":{"_acf_changed":false,"om_disable_all_campaigns":false,"rs_blank_template":"","rs_page_bg_color":"","slide_template_v7":"","inline_featured_image":false,"_monsterinsights_skip_tracking":false,"_monsterinsights_sitenote_active":false,"_monsterinsights_sitenote_note":"","_monsterinsights_sitenote_category":0},"product_brand":[],"product_cat":[540],"product_tag":[],"class_list":{"0":"post-38288","1":"product","2":"type-product","3":"status-publish","4":"has-post-thumbnail","6":"product_cat-otros","8":"first","9":"instock","10":"taxable","11":"shipping-taxable","12":"purchasable","13":"product-type-simple"},"acf":{"autor":"GALLEGO, JOSE LUIS","codart":"844802941","libros-coleccion":"Pr\u00e1cticos","ediciones":"1","encuadernacion":"R\u00fastica","fecha_de_publicacion":"01\/04\/2022","novedad":"1","paginas":"240","subtitulo":"GU\u00cdA PR\u00c1CTICA PARA DESCUBRIR LA NATURALEZA M\u00c1S CERCANA","orden":"0","portada":"0","idioma":"spa","editorial":[{"ID":148426,"post_author":"3","post_date":"2022-10-14 11:58:09","post_date_gmt":"2022-10-14 09:58:09","post_content":"","post_title":"LIBROS C\u00daPULA","post_excerpt":"","post_status":"publish","comment_status":"closed","ping_status":"closed","post_password":"","post_name":"libros-cupula","to_ping":"","pinged":"","post_modified":"2022-10-14 11:58:09","post_modified_gmt":"2022-10-14 09:58:09","post_content_filtered":"","post_parent":0,"guid":"http:\/\/dev.claret.cat\/editorial\/libros-cupula\/","menu_order":0,"post_type":"editorial","post_mime_type":"","comment_count":"0","filter":"raw"}],"autores-libros":[{"ID":160325,"post_author":"3","post_date":"2022-10-14 15:52:09","post_date_gmt":"2022-10-14 13:52:09","post_content":"","post_title":"JOS\u00c9 LUIS GALLEGO","post_excerpt":"","post_status":"publish","comment_status":"closed","ping_status":"closed","post_password":"","post_name":"jose-luis-gallego","to_ping":"","pinged":"","post_modified":"2022-10-14 15:52:09","post_modified_gmt":"2022-10-14 13:52:09","post_content_filtered":"","post_parent":0,"guid":"http:\/\/dev.claret.cat\/autor\/jose-luis-gallego\/","menu_order":0,"post_type":"autor","post_mime_type":"","comment_count":"0","filter":"raw"}]},"aioseo_notices":[],"_links":{"self":[{"href":"https:\/\/www.claret.cat\/es\/wp-json\/wp\/v2\/product\/38288","targetHints":{"allow":["GET"]}}],"collection":[{"href":"https:\/\/www.claret.cat\/es\/wp-json\/wp\/v2\/product"}],"about":[{"href":"https:\/\/www.claret.cat\/es\/wp-json\/wp\/v2\/types\/product"}],"wp:featuredmedia":[{"embeddable":true,"href":"https:\/\/www.claret.cat\/es\/wp-json\/wp\/v2\/media\/55365"}],"wp:attachment":[{"href":"https:\/\/www.claret.cat\/es\/wp-json\/wp\/v2\/media?parent=38288"}],"wp:term":[{"taxonomy":"product_brand","embeddable":true,"href":"https:\/\/www.claret.cat\/es\/wp-json\/wp\/v2\/product_brand?post=38288"},{"taxonomy":"product_cat","embeddable":true,"href":"https:\/\/www.claret.cat\/es\/wp-json\/wp\/v2\/product_cat?post=38288"},{"taxonomy":"product_tag","embeddable":true,"href":"https:\/\/www.claret.cat\/es\/wp-json\/wp\/v2\/product_tag?post=38288"}],"curies":[{"name":"wp","href":"https:\/\/api.w.org\/{rel}","templated":true}]}}