{"id":383008,"date":"2023-02-04T10:30:31","date_gmt":"2023-02-04T09:30:31","guid":{"rendered":"https:\/\/www.claret.cat\/llibre\/la-mirada-del-perdon-9788427147409\/"},"modified":"2026-04-01T02:06:53","modified_gmt":"2026-04-01T00:06:53","slug":"la-mirada-del-perdon-9788427147409","status":"publish","type":"product","link":"https:\/\/www.claret.cat\/es\/libro\/la-mirada-del-perdon-9788427147409\/","title":{"rendered":"LA MIRADA DEL PERD\u00d3N"},"content":{"rendered":"<p>Perdonar y sentirnos perdonados nos cambia la vida. Es saludable. Nos hace estar bien. Del mismo modo que no perdonar y no ser perdonados nos la puede complicar. El perd\u00f3n es liberador.  En este sentido, la psicolog\u00eda puede ser una ventana muy \u00fatil para comprender la complejidad que da forma al perd\u00f3n y al acto de la reconciliaci\u00f3n, y puede ayudar a resolver conflictos y prevenir situaciones desagradables.<\/p>\n","protected":false},"excerpt":{"rendered":"<p>SANDRIN, LUCIANO<\/p>\n","protected":false},"featured_media":1088402,"template":"","meta":{"_acf_changed":false,"om_disable_all_campaigns":false,"rs_blank_template":"","rs_page_bg_color":"","slide_template_v7":"","inline_featured_image":false,"_monsterinsights_skip_tracking":false,"_monsterinsights_sitenote_active":false,"_monsterinsights_sitenote_note":"","_monsterinsights_sitenote_category":0},"product_brand":[],"product_cat":[485,232,497,248],"product_tag":[],"class_list":{"0":"post-383008","1":"product","2":"type-product","3":"status-publish","4":"has-post-thumbnail","6":"product_cat-autores-espiritualidad-1_espiritualidad","7":"product_cat-autors-espiritualitat","8":"product_cat-meditaciones","9":"product_cat-meditacions","11":"first","12":"instock","13":"taxable","14":"shipping-taxable","15":"purchasable","16":"product-type-simple"},"acf":{"editorial":[{"ID":6351,"post_author":"3","post_date":"2022-07-28 17:50:19","post_date_gmt":"2022-07-28 15:50:19","post_content":"","post_title":"Sal Terrae","post_excerpt":"","post_status":"publish","comment_status":"closed","ping_status":"closed","post_password":"","post_name":"sal-terrae","to_ping":"","pinged":"","post_modified":"2022-07-28 17:50:19","post_modified_gmt":"2022-07-28 15:50:19","post_content_filtered":"","post_parent":0,"guid":"http:\/\/dev.claret.cat\/editorial\/sal-terrae\/","menu_order":0,"post_type":"editorial","post_mime_type":"","comment_count":"0","filter":"raw"}],"autores-libros":[{"ID":162599,"post_author":"3","post_date":"2022-10-14 17:32:18","post_date_gmt":"2022-10-14 15:32:18","post_content":"","post_title":"LUCIANO SANDRIN","post_excerpt":"","post_status":"publish","comment_status":"closed","ping_status":"closed","post_password":"","post_name":"luciano-sandrin","to_ping":"","pinged":"","post_modified":"2022-10-14 17:32:18","post_modified_gmt":"2022-10-14 15:32:18","post_content_filtered":"","post_parent":0,"guid":"http:\/\/dev.claret.cat\/autor\/luciano-sandrin\/","menu_order":0,"post_type":"autor","post_mime_type":"","comment_count":"0","filter":"raw"}],"autor":"SANDRIN, LUCIANO","codart":"842714740","libros-coleccion":"FORA DE COL.LECCI\u00d3","ediciones":"1","encuadernacion":"R\u00fastica","fecha_de_publicacion":"30\/12\/2022","novedad":"1","paginas":"264","subtitulo":"","orden":"0","portada":"0","idioma":"spa","booktrailer":"","resenas":""},"aioseo_notices":[],"_links":{"self":[{"href":"https:\/\/www.claret.cat\/es\/wp-json\/wp\/v2\/product\/383008","targetHints":{"allow":["GET"]}}],"collection":[{"href":"https:\/\/www.claret.cat\/es\/wp-json\/wp\/v2\/product"}],"about":[{"href":"https:\/\/www.claret.cat\/es\/wp-json\/wp\/v2\/types\/product"}],"wp:featuredmedia":[{"embeddable":true,"href":"https:\/\/www.claret.cat\/es\/wp-json\/wp\/v2\/media\/1088402"}],"wp:attachment":[{"href":"https:\/\/www.claret.cat\/es\/wp-json\/wp\/v2\/media?parent=383008"}],"wp:term":[{"taxonomy":"product_brand","embeddable":true,"href":"https:\/\/www.claret.cat\/es\/wp-json\/wp\/v2\/product_brand?post=383008"},{"taxonomy":"product_cat","embeddable":true,"href":"https:\/\/www.claret.cat\/es\/wp-json\/wp\/v2\/product_cat?post=383008"},{"taxonomy":"product_tag","embeddable":true,"href":"https:\/\/www.claret.cat\/es\/wp-json\/wp\/v2\/product_tag?post=383008"}],"curies":[{"name":"wp","href":"https:\/\/api.w.org\/{rel}","templated":true}]}}