{"id":383719,"date":"2023-02-06T12:28:36","date_gmt":"2023-02-06T11:28:36","guid":{"rendered":"https:\/\/www.claret.cat\/llibre\/una-vida-de-cine-mas-de-100-peliculas-para-el-dialogo-en-el-aula-9788415204404\/"},"modified":"2023-02-09T12:36:26","modified_gmt":"2023-02-09T11:36:26","slug":"una-vida-de-cine-mas-de-100-peliculas-para-el-dialogo-en-el-aula-9788415204404","status":"publish","type":"product","link":"https:\/\/www.claret.cat\/es\/libro\/una-vida-de-cine-mas-de-100-peliculas-para-el-dialogo-en-el-aula-9788415204404\/","title":{"rendered":"UNA VIDA DE CINE. M\u00c1S DE 100 PEL\u00cdCULAS PARA EL DI\u00c1LOGO EN EL AULA"},"content":{"rendered":"<p>\u00bfPuede ser el cine una herramienta para el di\u00e1logo? \u00bfDe d\u00f3nde proviene su capacidad de conmovernos? El s\u00e9ptimo arte ha fascinado al ser humano desde su invenci\u00f3n. Una vida de cine: m\u00e1s de 100 pel\u00edculas para el di\u00e1logo en el aula plantea las claves para que, a trav\u00e9s de la gran pantalla, se abra el debate y la reflexi\u00f3n hacia m\u00faltiples valores e interrogantes presentes a lo largo de la vida humana.<\/p>\n<p> A modo de fichas, se proponen distintas actividades de trabajo individual y grupal que permiten profundizar en el mensaje y en los valores de cada pel\u00edcula, creando as\u00ed espectadores activos, con perspectiva y con criterio propio.<\/p>\n<p> Este libro es una herramienta de gran utilidad para los docentes y para todos aquellos que tengan encomendadas tareas educativas.<\/p>\n","protected":false},"excerpt":{"rendered":"<p>CLAVERAS P\u00c9REZ, MONTSERRAT \/ MONTSERRAT RULL, ASSUMPTA<\/p>\n","protected":false},"featured_media":383720,"template":"","meta":{"_acf_changed":false,"om_disable_all_campaigns":false,"rs_blank_template":"","rs_page_bg_color":"","slide_template_v7":"","inline_featured_image":false,"_monsterinsights_skip_tracking":false,"_monsterinsights_sitenote_active":false,"_monsterinsights_sitenote_note":"","_monsterinsights_sitenote_category":0},"product_brand":[],"product_cat":[561,112],"product_tag":[],"class_list":{"0":"post-383719","1":"product","2":"type-product","3":"status-publish","4":"has-post-thumbnail","6":"product_cat-cine-y-television","7":"product_cat-cinema-i-televisio","9":"first","10":"instock","11":"taxable","12":"shipping-taxable","13":"purchasable","14":"product-type-simple"},"acf":{"editorial":[{"ID":147568,"post_author":"3","post_date":"2022-10-14 11:51:34","post_date_gmt":"2022-10-14 09:51:34","post_content":"","post_title":"Brief Ediciones","post_excerpt":"","post_status":"publish","comment_status":"closed","ping_status":"closed","post_password":"","post_name":"brief-ediciones","to_ping":"","pinged":"","post_modified":"2022-10-14 11:51:34","post_modified_gmt":"2022-10-14 09:51:34","post_content_filtered":"","post_parent":0,"guid":"http:\/\/dev.claret.cat\/editorial\/brief-ediciones\/","menu_order":0,"post_type":"editorial","post_mime_type":"","comment_count":"0","filter":"raw"}],"autores-libros":[{"ID":5871,"post_author":"3","post_date":"2022-07-28 17:33:17","post_date_gmt":"2022-07-28 15:33:17","post_content":"","post_title":"MONTSERRAT CLAVERAS PEREZ","post_excerpt":"","post_status":"publish","comment_status":"closed","ping_status":"closed","post_password":"","post_name":"montserrat-claveras-perez","to_ping":"","pinged":"","post_modified":"2022-07-28 17:33:17","post_modified_gmt":"2022-07-28 15:33:17","post_content_filtered":"","post_parent":0,"guid":"http:\/\/dev.claret.cat\/autor\/montserrat-claveras-perez\/","menu_order":0,"post_type":"autor","post_mime_type":"","comment_count":"0","filter":"raw"},{"ID":383718,"post_author":"3","post_date":"2023-02-06 12:28:34","post_date_gmt":"2023-02-06 11:28:34","post_content":"","post_title":"ASSUMPTA MONTSERRAT RULL","post_excerpt":"","post_status":"publish","comment_status":"closed","ping_status":"closed","post_password":"","post_name":"assumpta-montserrat-rull-2","to_ping":"","pinged":"","post_modified":"2023-02-06 12:28:34","post_modified_gmt":"2023-02-06 11:28:34","post_content_filtered":"","post_parent":0,"guid":"https:\/\/www.claret.cat\/autor\/assumpta-montserrat-rull-2\/","menu_order":0,"post_type":"autor","post_mime_type":"","comment_count":"0","filter":"raw"}],"autor":"CLAVERAS P\u00c9REZ, MONTSERRAT \/ MONTSERRAT RULL, ASSUMPTA","codart":"841520440","libros-coleccion":"FORA DE COL.LECCI\u00d3","ediciones":"1","encuadernacion":"R\u00fastica","fecha_de_publicacion":"01\/10\/2013","novedad":"1","paginas":"114","subtitulo":"","orden":"0","portada":"1","idioma":"spa"},"aioseo_notices":[],"_links":{"self":[{"href":"https:\/\/www.claret.cat\/es\/wp-json\/wp\/v2\/product\/383719","targetHints":{"allow":["GET"]}}],"collection":[{"href":"https:\/\/www.claret.cat\/es\/wp-json\/wp\/v2\/product"}],"about":[{"href":"https:\/\/www.claret.cat\/es\/wp-json\/wp\/v2\/types\/product"}],"wp:featuredmedia":[{"embeddable":true,"href":"https:\/\/www.claret.cat\/es\/wp-json\/wp\/v2\/media\/383720"}],"wp:attachment":[{"href":"https:\/\/www.claret.cat\/es\/wp-json\/wp\/v2\/media?parent=383719"}],"wp:term":[{"taxonomy":"product_brand","embeddable":true,"href":"https:\/\/www.claret.cat\/es\/wp-json\/wp\/v2\/product_brand?post=383719"},{"taxonomy":"product_cat","embeddable":true,"href":"https:\/\/www.claret.cat\/es\/wp-json\/wp\/v2\/product_cat?post=383719"},{"taxonomy":"product_tag","embeddable":true,"href":"https:\/\/www.claret.cat\/es\/wp-json\/wp\/v2\/product_tag?post=383719"}],"curies":[{"name":"wp","href":"https:\/\/api.w.org\/{rel}","templated":true}]}}