{"id":38375,"date":"2022-10-02T18:50:43","date_gmt":"2022-10-02T16:50:43","guid":{"rendered":"http:\/\/dev.claret.cat\/producte\/un-futuro-para-la-educacion\/"},"modified":"2024-05-02T05:29:41","modified_gmt":"2024-05-02T03:29:41","slug":"un-futuro-para-la-educacion-9788428838597","status":"publish","type":"product","link":"https:\/\/www.claret.cat\/es\/libro\/un-futuro-para-la-educacion-9788428838597\/","title":{"rendered":"UN FUTURO PARA LA EDUCACI\u00d3N"},"content":{"rendered":"<p>En estas directrices del Pacto Educativo Global se presentan los temas centrales en sus diversas articulaciones. Las aportaciones ponen de manifiesto las cinco \u00e1reas de investigaci\u00f3n en las que se ha profundizado: el di\u00e1logo interreligioso e intercultural, la dignidad y los derechos humanos, la cultura de la paz y de la ciudadan\u00eda, la fraternidad y la cooperaci\u00f3n, como tambi\u00e9n las tecnolog\u00edas y la ecolog\u00eda integral. En la segunda parte se presentan algunos eventos y actividades que ya han tenido lugar en diversas instituciones y que se est\u00e1n desarrollando ulteriormente a la luz del magisterio reciente.<\/p>\n","protected":false},"excerpt":{"rendered":"<p>Mons. ANGELO VINCENZO ZANI; CARDENAL GIUSEPPE VERSALDI<\/p>\n","protected":false},"featured_media":453407,"template":"","meta":{"_acf_changed":false,"om_disable_all_campaigns":false,"rs_blank_template":"","rs_page_bg_color":"","slide_template_v7":"","inline_featured_image":false,"_monsterinsights_skip_tracking":false,"_monsterinsights_sitenote_active":false,"_monsterinsights_sitenote_note":"","_monsterinsights_sitenote_category":0},"product_brand":[],"product_cat":[227,389,479,220],"product_tag":[],"class_list":{"0":"post-38375","1":"product","2":"type-product","3":"status-publish","4":"has-post-thumbnail","6":"product_cat-formacio","7":"product_cat-formacion","8":"product_cat-juvenil-catequesis-1_espiritualidad","9":"product_cat-juvenil-catequesi","11":"first","12":"instock","13":"taxable","14":"shipping-taxable","15":"purchasable","16":"product-type-simple"},"acf":{"autor":"Mons. ANGELO VINCENZO ZANI; CARDENAL GIUSEPPE VERSALDI","codart":"842883859","libros-coleccion":"Educar","ediciones":"1","encuadernacion":"R\u00fastica","fecha_de_publicacion":"12\/04\/2022","novedad":"1","paginas":"320","subtitulo":"EL PACTO EDUCATIVO GLOBAL L\u00cdNEAS ESTRAT\u00c9GICAS","orden":"0","portada":"0","idioma":"spa","editorial":[{"ID":6335,"post_author":"3","post_date":"2022-07-28 17:49:59","post_date_gmt":"2022-07-28 15:49:59","post_content":"","post_title":"PPC altres","post_excerpt":"","post_status":"publish","comment_status":"closed","ping_status":"closed","post_password":"","post_name":"ppc-altres","to_ping":"","pinged":"","post_modified":"2022-07-28 17:49:59","post_modified_gmt":"2022-07-28 15:49:59","post_content_filtered":"","post_parent":0,"guid":"http:\/\/dev.claret.cat\/editorial\/ppc-altres\/","menu_order":0,"post_type":"editorial","post_mime_type":"","comment_count":"0","filter":"raw"}],"autores-libros":[{"ID":165354,"post_author":"3","post_date":"2022-10-14 17:54:30","post_date_gmt":"2022-10-14 15:54:30","post_content":"","post_title":"Mons. ANGELO VINCENZO ZANI","post_excerpt":"","post_status":"publish","comment_status":"closed","ping_status":"closed","post_password":"","post_name":"mons-angelo-vincenzo-zani","to_ping":"","pinged":"","post_modified":"2022-10-14 17:54:30","post_modified_gmt":"2022-10-14 15:54:30","post_content_filtered":"","post_parent":0,"guid":"http:\/\/dev.claret.cat\/autor\/mons-angelo-vincenzo-zani\/","menu_order":0,"post_type":"autor","post_mime_type":"","comment_count":"0","filter":"raw"},{"ID":152076,"post_author":"3","post_date":"2022-10-14 14:45:54","post_date_gmt":"2022-10-14 12:45:54","post_content":"","post_title":"CARDENAL GIUSEPPE VERSALDI","post_excerpt":"","post_status":"publish","comment_status":"closed","ping_status":"closed","post_password":"","post_name":"cardenal-giuseppe-versaldi","to_ping":"","pinged":"","post_modified":"2022-10-14 14:45:54","post_modified_gmt":"2022-10-14 12:45:54","post_content_filtered":"","post_parent":0,"guid":"http:\/\/dev.claret.cat\/autor\/cardenal-giuseppe-versaldi\/","menu_order":0,"post_type":"autor","post_mime_type":"","comment_count":"0","filter":"raw"}]},"aioseo_notices":[],"_links":{"self":[{"href":"https:\/\/www.claret.cat\/es\/wp-json\/wp\/v2\/product\/38375","targetHints":{"allow":["GET"]}}],"collection":[{"href":"https:\/\/www.claret.cat\/es\/wp-json\/wp\/v2\/product"}],"about":[{"href":"https:\/\/www.claret.cat\/es\/wp-json\/wp\/v2\/types\/product"}],"wp:featuredmedia":[{"embeddable":true,"href":"https:\/\/www.claret.cat\/es\/wp-json\/wp\/v2\/media\/453407"}],"wp:attachment":[{"href":"https:\/\/www.claret.cat\/es\/wp-json\/wp\/v2\/media?parent=38375"}],"wp:term":[{"taxonomy":"product_brand","embeddable":true,"href":"https:\/\/www.claret.cat\/es\/wp-json\/wp\/v2\/product_brand?post=38375"},{"taxonomy":"product_cat","embeddable":true,"href":"https:\/\/www.claret.cat\/es\/wp-json\/wp\/v2\/product_cat?post=38375"},{"taxonomy":"product_tag","embeddable":true,"href":"https:\/\/www.claret.cat\/es\/wp-json\/wp\/v2\/product_tag?post=38375"}],"curies":[{"name":"wp","href":"https:\/\/api.w.org\/{rel}","templated":true}]}}