{"id":383825,"date":"2023-02-06T13:58:15","date_gmt":"2023-02-06T12:58:15","guid":{"rendered":"https:\/\/www.claret.cat\/llibre\/la-ciudad-de-dios-ii-libros-viii-xv-9788424939564\/"},"modified":"2025-03-26T19:25:43","modified_gmt":"2025-03-26T18:25:43","slug":"la-ciudad-de-dios-ii-libros-viii-xv-9788424939564","status":"publish","type":"product","link":"https:\/\/www.claret.cat\/es\/libro\/la-ciudad-de-dios-ii-libros-viii-xv-9788424939564\/","title":{"rendered":"LA CIUDAD DE DIOS II. LIBROS VIII &#8211; XV"},"content":{"rendered":"<p>Agust\u00edn de Hipona es una de las personalidades m\u00e1s fascinantes y complejas de la cristiandad latina. Conocemos mucho de su vida gracias a sus Confesiones, quiz\u00e1 la m\u00e1s c\u00e9lebre autobiograf\u00eda de la historia occidental. En los a\u00f1os de la toma de Roma a manos de los visigodos, redacta una de sus m\u00e1s importantes obras: La ciudad de Dios, en la que se establece por vez primera la idea del paralelo entre el Estado divino y el Estado terrenal, que tendr\u00eda una gran influencia hist\u00f3rica en la pol\u00edtica y las leyes en la historia occidental. Asimismo, se trata del origen del Estado divino, su desarrollo y desenlace.<\/p>\n<p>Este volumen incluye los libros VIII-XV, en los que inicialmente demuestra la inutilidad de los dioses tradicionales romanos, debate sobre teolog\u00ed\u00ada con los fil\u00f3sofos, sobre todo plat\u00f3nicos, y razona que los esp\u00edritus buenos desean adorar a un solo Dios. Finalmente, emprende su explicaci\u00f3n cristiana de la historia, que comienza con el origen de la ciudad de Dios, de la creaci\u00f3n del mundo al pecado original, y contin\u00faa con la relaci\u00f3n de las dos ciudades: la de Dios y la terrenal.<\/p>\n","protected":false},"excerpt":{"rendered":"<p>SAN AGUST\u00cdN<\/p>\n","protected":false},"featured_media":383935,"template":"","meta":{"_acf_changed":false,"om_disable_all_campaigns":false,"rs_blank_template":"","rs_page_bg_color":"","slide_template_v7":"","inline_featured_image":false,"_monsterinsights_skip_tracking":false,"_monsterinsights_sitenote_active":false,"_monsterinsights_sitenote_note":"","_monsterinsights_sitenote_category":0},"product_brand":[],"product_cat":[485,232,545,95],"product_tag":[],"class_list":{"0":"post-383825","1":"product","2":"type-product","3":"status-publish","4":"has-post-thumbnail","6":"product_cat-autores-espiritualidad-1_espiritualidad","7":"product_cat-autors-espiritualitat","8":"product_cat-santoral-1_espiritualidad-spa","9":"product_cat-santoral","11":"first","12":"instock","13":"taxable","14":"shipping-taxable","15":"purchasable","16":"product-type-simple"},"acf":{"editorial":[{"ID":148225,"post_author":"3","post_date":"2022-10-14 11:56:36","post_date_gmt":"2022-10-14 09:56:36","post_content":"","post_title":"Gredos","post_excerpt":"","post_status":"publish","comment_status":"closed","ping_status":"closed","post_password":"","post_name":"gredos","to_ping":"","pinged":"","post_modified":"2022-10-14 11:56:36","post_modified_gmt":"2022-10-14 09:56:36","post_content_filtered":"","post_parent":0,"guid":"http:\/\/dev.claret.cat\/editorial\/gredos\/","menu_order":0,"post_type":"editorial","post_mime_type":"","comment_count":"0","filter":"raw"}],"autores-libros":[{"ID":6011,"post_author":"3","post_date":"2022-07-28 17:36:16","post_date_gmt":"2022-07-28 15:36:16","post_content":"","post_title":"SAN AGUSTIN","post_excerpt":"","post_status":"publish","comment_status":"closed","ping_status":"closed","post_password":"","post_name":"san-agustin","to_ping":"","pinged":"","post_modified":"2022-07-28 17:36:16","post_modified_gmt":"2022-07-28 15:36:16","post_content_filtered":"","post_parent":0,"guid":"http:\/\/dev.claret.cat\/autor\/san-agustin\/","menu_order":0,"post_type":"autor","post_mime_type":"","comment_count":"0","filter":"raw"}],"autor":"SAN AGUST\u00cdN","codart":"842493956","libros-coleccion":"NUEVA BCG","ediciones":"1","encuadernacion":"Carton\u00e9","fecha_de_publicacion":"01\/01\/2023","novedad":"1","paginas":"575","subtitulo":"","orden":"0","portada":"0","idioma":"spa"},"aioseo_notices":[],"_links":{"self":[{"href":"https:\/\/www.claret.cat\/es\/wp-json\/wp\/v2\/product\/383825","targetHints":{"allow":["GET"]}}],"collection":[{"href":"https:\/\/www.claret.cat\/es\/wp-json\/wp\/v2\/product"}],"about":[{"href":"https:\/\/www.claret.cat\/es\/wp-json\/wp\/v2\/types\/product"}],"wp:featuredmedia":[{"embeddable":true,"href":"https:\/\/www.claret.cat\/es\/wp-json\/wp\/v2\/media\/383935"}],"wp:attachment":[{"href":"https:\/\/www.claret.cat\/es\/wp-json\/wp\/v2\/media?parent=383825"}],"wp:term":[{"taxonomy":"product_brand","embeddable":true,"href":"https:\/\/www.claret.cat\/es\/wp-json\/wp\/v2\/product_brand?post=383825"},{"taxonomy":"product_cat","embeddable":true,"href":"https:\/\/www.claret.cat\/es\/wp-json\/wp\/v2\/product_cat?post=383825"},{"taxonomy":"product_tag","embeddable":true,"href":"https:\/\/www.claret.cat\/es\/wp-json\/wp\/v2\/product_tag?post=383825"}],"curies":[{"name":"wp","href":"https:\/\/api.w.org\/{rel}","templated":true}]}}