{"id":384025,"date":"2023-02-06T17:04:42","date_gmt":"2023-02-06T16:04:42","guid":{"rendered":"https:\/\/www.claret.cat\/llibre\/el-falsificador-9788494741296\/"},"modified":"2023-10-06T06:03:12","modified_gmt":"2023-10-06T04:03:12","slug":"el-falsificador-9788494741296","status":"publish","type":"product","link":"https:\/\/www.claret.cat\/es\/libro\/el-falsificador-9788494741296\/","title":{"rendered":"EL FALSIFICADOR"},"content":{"rendered":"<p>Seductor, astut i provocador, fil\u00f2sof, \u00abcontacontes\u00bb i pintor, Oswald Aul\u00e8stia, considerat el falsificador d\u2019art m\u00e9s gran del m\u00f3n, explica en aquest llibre la seva vida de novel\u00b7la. Una hist\u00f2ria en part convertida en documental que es va estrenar a la gran pantalla, i que sorprendr\u00e0 els lectors per la seva personalitat irrepetible i la seva franquesa.<br \/>Ni avorreix ni s\u2019avorreix. Una exist\u00e8ncia dibuixada a base de sexe, drogues i pinzells. De la generaci\u00f3 del 46, ha conegut el luxe, la precarietat i la pres\u00f3, les festes amb Al Pacino, la mansi\u00f3 de Ricky Martin, els capricis de Madonna o les compres de Sylvester Stallone. Potser has contemplat algunes de les seves peces als millors museus i galeries del m\u00f3n. Amb la m\u00e0xima \u00abTot el que val molts diners es falsifica\u00bb, ha aprofitat el seu talent per viure en gran i, de passada, sabotejar el sistema elitista i endog\u00e0mic del m\u00f3n de l\u2019art. Una biografia per saber com es pot ser Mir\u00f3, Modigliani, Chagall o Picasso i continuar viu, ric i fam\u00f3s.<\/p>\n","protected":false},"excerpt":{"rendered":"<p>AUL\u00c8STIA BACH, OSWALD\/CASABLANCA PUJOL, NEUS<\/p>\n","protected":false},"featured_media":384694,"template":"","meta":{"_acf_changed":false,"om_disable_all_campaigns":false,"rs_blank_template":"","rs_page_bg_color":"","slide_template_v7":"","inline_featured_image":false,"_monsterinsights_skip_tracking":false,"_monsterinsights_sitenote_active":false,"_monsterinsights_sitenote_note":"","_monsterinsights_sitenote_category":0},"product_brand":[],"product_cat":[549],"product_tag":[],"class_list":{"0":"post-384025","1":"product","2":"type-product","3":"status-publish","4":"has-post-thumbnail","6":"product_cat-biografias","8":"first","9":"instock","10":"taxable","11":"shipping-taxable","12":"purchasable","13":"product-type-simple"},"acf":{"editorial":[{"ID":147669,"post_author":"3","post_date":"2022-10-14 11:52:20","post_date_gmt":"2022-10-14 09:52:20","post_content":"","post_title":"CORRE LA VOZ","post_excerpt":"","post_status":"publish","comment_status":"closed","ping_status":"closed","post_password":"","post_name":"corre-la-voz","to_ping":"","pinged":"","post_modified":"2022-10-14 11:52:20","post_modified_gmt":"2022-10-14 09:52:20","post_content_filtered":"","post_parent":0,"guid":"http:\/\/dev.claret.cat\/editorial\/corre-la-voz\/","menu_order":0,"post_type":"editorial","post_mime_type":"","comment_count":"0","filter":"raw"}],"autores-libros":[{"ID":379018,"post_author":"3","post_date":"2023-02-02 11:34:07","post_date_gmt":"2023-02-02 10:34:07","post_content":"","post_title":"OSWALD AUL\u00c8STIA BACH","post_excerpt":"","post_status":"publish","comment_status":"closed","ping_status":"closed","post_password":"","post_name":"oswald-aulestia-bach","to_ping":"","pinged":"","post_modified":"2023-02-02 11:34:07","post_modified_gmt":"2023-02-02 10:34:07","post_content_filtered":"","post_parent":0,"guid":"https:\/\/www.claret.cat\/autor\/oswald-aulestia-bach\/","menu_order":0,"post_type":"autor","post_mime_type":"","comment_count":"0","filter":"raw"},{"ID":379017,"post_author":"3","post_date":"2023-02-02 11:34:06","post_date_gmt":"2023-02-02 10:34:06","post_content":"","post_title":"NEUS CASABLANCA PUJOL","post_excerpt":"","post_status":"publish","comment_status":"closed","ping_status":"closed","post_password":"","post_name":"neus-casablanca-pujol","to_ping":"","pinged":"","post_modified":"2023-02-02 11:34:06","post_modified_gmt":"2023-02-02 10:34:06","post_content_filtered":"","post_parent":0,"guid":"https:\/\/www.claret.cat\/autor\/neus-casablanca-pujol\/","menu_order":0,"post_type":"autor","post_mime_type":"","comment_count":"0","filter":"raw"}],"autor":"AUL\u00c8STIA BACH, OSWALD\/CASABLANCA PUJOL, NEUS","codart":"849474129","libros-coleccion":"FORA DE COL.LECCI\u00d3","ediciones":"1","encuadernacion":"R\u00fastica","fecha_de_publicacion":"01\/02\/2023","novedad":"1","paginas":"344","subtitulo":"","orden":"0","portada":"0","idioma":"spa"},"aioseo_notices":[],"_links":{"self":[{"href":"https:\/\/www.claret.cat\/es\/wp-json\/wp\/v2\/product\/384025","targetHints":{"allow":["GET"]}}],"collection":[{"href":"https:\/\/www.claret.cat\/es\/wp-json\/wp\/v2\/product"}],"about":[{"href":"https:\/\/www.claret.cat\/es\/wp-json\/wp\/v2\/types\/product"}],"wp:featuredmedia":[{"embeddable":true,"href":"https:\/\/www.claret.cat\/es\/wp-json\/wp\/v2\/media\/384694"}],"wp:attachment":[{"href":"https:\/\/www.claret.cat\/es\/wp-json\/wp\/v2\/media?parent=384025"}],"wp:term":[{"taxonomy":"product_brand","embeddable":true,"href":"https:\/\/www.claret.cat\/es\/wp-json\/wp\/v2\/product_brand?post=384025"},{"taxonomy":"product_cat","embeddable":true,"href":"https:\/\/www.claret.cat\/es\/wp-json\/wp\/v2\/product_cat?post=384025"},{"taxonomy":"product_tag","embeddable":true,"href":"https:\/\/www.claret.cat\/es\/wp-json\/wp\/v2\/product_tag?post=384025"}],"curies":[{"name":"wp","href":"https:\/\/api.w.org\/{rel}","templated":true}]}}