{"id":384377,"date":"2023-02-07T12:18:13","date_gmt":"2023-02-07T11:18:13","guid":{"rendered":"https:\/\/www.claret.cat\/llibre\/el-mapa-de-la-ansiedad-9788466674515\/"},"modified":"2023-10-06T05:56:16","modified_gmt":"2023-10-06T03:56:16","slug":"el-mapa-de-la-ansiedad-9788466674515","status":"publish","type":"product","link":"https:\/\/www.claret.cat\/es\/libro\/el-mapa-de-la-ansiedad-9788466674515\/","title":{"rendered":"EL MAPA DE LA ANSIEDAD"},"content":{"rendered":"<p>La gu\u00eda m\u00e1s completa para comprender la ansiedad, acabar con sus mitos y abordarla con seriedad y rigor.Nadie sabe realmente qu\u00e9 es la ansiedad hasta que la experimenta. Esto es as\u00ed pese a que cada vez se habla m\u00e1s de esta afecci\u00f3n, de  la que hasta los medios se hacen eco y sobre la que se han publicado centenares de libros en un intento de aportar luz a un problema que cada d\u00eda afecta a m\u00e1s personas. Y lo cierto es que de poco o nada sirven las f\u00f3rmulas sin ning\u00fan valor cient\u00edfico que prometen la curaci\u00f3n, pues para hacer frente a la ansiedad es necesario comprenderla en toda su complejidad y entendernos a nosotros mismos.Rub\u00e9n Casado lleva m\u00e1s de veinte a\u00f1os tratando e investigando la ansiedad. Este libro nos ofrece, por primera vez, un mapa detallado de todo lo que hay que saber al respecto. Porque solo conociendo bien su naturaleza podremos aprender a convivir con ella de forma  m\u00e1s sana.<\/p>\n","protected":false},"excerpt":{"rendered":"<p>CASADO, RUB\u00c9N<\/p>\n","protected":false},"featured_media":384710,"template":"","meta":{"_acf_changed":false,"om_disable_all_campaigns":false,"rs_blank_template":"","rs_page_bg_color":"","slide_template_v7":"","inline_featured_image":false,"_monsterinsights_skip_tracking":false,"_monsterinsights_sitenote_active":false,"_monsterinsights_sitenote_note":"","_monsterinsights_sitenote_category":0},"product_brand":[],"product_cat":[377,457],"product_tag":[],"class_list":{"0":"post-384377","1":"product","2":"type-product","3":"status-publish","4":"has-post-thumbnail","6":"product_cat-autoayuda-y-salud-mental","7":"product_cat-comunicacion-y-nuevas-teconologias","9":"first","10":"instock","11":"taxable","12":"shipping-taxable","13":"purchasable","14":"product-type-simple"},"acf":{"editorial":[{"ID":6200,"post_author":"3","post_date":"2022-07-28 17:47:00","post_date_gmt":"2022-07-28 15:47:00","post_content":"","post_title":"EDICIONES B","post_excerpt":"","post_status":"publish","comment_status":"closed","ping_status":"closed","post_password":"","post_name":"ediciones-b","to_ping":"","pinged":"","post_modified":"2022-07-28 17:47:00","post_modified_gmt":"2022-07-28 15:47:00","post_content_filtered":"","post_parent":0,"guid":"http:\/\/dev.claret.cat\/editorial\/ediciones-b\/","menu_order":0,"post_type":"editorial","post_mime_type":"","comment_count":"0","filter":"raw"}],"autores-libros":[{"ID":384376,"post_author":"3","post_date":"2023-02-07 12:18:11","post_date_gmt":"2023-02-07 11:18:11","post_content":"","post_title":"RUB\u00c9N CASADO","post_excerpt":"","post_status":"publish","comment_status":"closed","ping_status":"closed","post_password":"","post_name":"ruben-casado","to_ping":"","pinged":"","post_modified":"2023-02-07 12:18:11","post_modified_gmt":"2023-02-07 11:18:11","post_content_filtered":"","post_parent":0,"guid":"https:\/\/www.claret.cat\/autor\/ruben-casado\/","menu_order":0,"post_type":"autor","post_mime_type":"","comment_count":"0","filter":"raw"}],"autor":"CASADO, RUB\u00c9N","codart":"846667451","libros-coleccion":"","ediciones":"1","encuadernacion":"R\u00fastica","fecha_de_publicacion":"01\/02\/2023","novedad":"1","paginas":"392","subtitulo":"UNA GU\u00cdA PARA ENTENDERLA Y APRENDER A GESTIONARLA","orden":"0","portada":"0","idioma":"spa"},"aioseo_notices":[],"_links":{"self":[{"href":"https:\/\/www.claret.cat\/es\/wp-json\/wp\/v2\/product\/384377","targetHints":{"allow":["GET"]}}],"collection":[{"href":"https:\/\/www.claret.cat\/es\/wp-json\/wp\/v2\/product"}],"about":[{"href":"https:\/\/www.claret.cat\/es\/wp-json\/wp\/v2\/types\/product"}],"wp:featuredmedia":[{"embeddable":true,"href":"https:\/\/www.claret.cat\/es\/wp-json\/wp\/v2\/media\/384710"}],"wp:attachment":[{"href":"https:\/\/www.claret.cat\/es\/wp-json\/wp\/v2\/media?parent=384377"}],"wp:term":[{"taxonomy":"product_brand","embeddable":true,"href":"https:\/\/www.claret.cat\/es\/wp-json\/wp\/v2\/product_brand?post=384377"},{"taxonomy":"product_cat","embeddable":true,"href":"https:\/\/www.claret.cat\/es\/wp-json\/wp\/v2\/product_cat?post=384377"},{"taxonomy":"product_tag","embeddable":true,"href":"https:\/\/www.claret.cat\/es\/wp-json\/wp\/v2\/product_tag?post=384377"}],"curies":[{"name":"wp","href":"https:\/\/api.w.org\/{rel}","templated":true}]}}