{"id":384393,"date":"2023-02-07T12:25:10","date_gmt":"2023-02-07T11:25:10","guid":{"rendered":"https:\/\/www.claret.cat\/llibre\/erase-tres-veces-mi-primer-libro-en-letra-mayuscula-ligada-y-de-imprenta-9788418817809\/"},"modified":"2023-10-06T05:55:10","modified_gmt":"2023-10-06T03:55:10","slug":"erase-tres-veces-mi-primer-libro-en-letra-mayuscula-ligada-y-de-imprenta-9788418817809","status":"publish","type":"product","link":"https:\/\/www.claret.cat\/es\/libro\/erase-tres-veces-mi-primer-libro-en-letra-mayuscula-ligada-y-de-imprenta-9788418817809\/","title":{"rendered":"\u00c9RASE TRES VECES. MI PRIMER LIBRO EN LETRA MAY\u00daSCULA, LIGADA Y DE IMPRENTA"},"content":{"rendered":"<p>\u00a1Aprende a leer con los cuentos de siempre! En letra MAY\u00daSCULA, ligada y de imprenta: \u00a1ideal para primeros lectores!Disfruta como nunca de los cuentos de siempre: \u00a1tres letras, triple diversi\u00f3n!\u00bfQu\u00e9 le pas\u00f3 al cerdito que construy\u00f3 la casa de madera?\u00bfLogr\u00f3 Caperucita Roja encontrar a su abuelita?\u00bfC\u00f3mo consigui\u00f3 el lobo enga\u00f1ar a las siete cabritillas?Los protagonistas m\u00e1s entra\u00f1ables de los cuentos cl\u00e1sicos regresan para ayudar a los m\u00e1s peque\u00f1os de casa a dar sus primeros pasos en la lectura. Con letra MAY\u00daSCULA, ligada y de imprenta, este libro es un regalo para descubrir la magia de las mejores historias a  trav\u00e9s de los maravillosos versos rimados de Carmen Gil.Una oportunidad incre\u00edble para aprender paso a paso y en familia la magia de la lectura.<\/p>\n","protected":false},"excerpt":{"rendered":"<p>GIL, CARMEN \/ CLARIANA, ANNA<\/p>\n","protected":false},"featured_media":384445,"template":"","meta":{"_acf_changed":false,"om_disable_all_campaigns":false,"rs_blank_template":"","rs_page_bg_color":"","slide_template_v7":"","inline_featured_image":false,"_monsterinsights_skip_tracking":false,"_monsterinsights_sitenote_active":false,"_monsterinsights_sitenote_note":"","_monsterinsights_sitenote_category":0},"product_brand":[],"product_cat":[361],"product_tag":[],"class_list":{"0":"post-384393","1":"product","2":"type-product","3":"status-publish","4":"has-post-thumbnail","6":"product_cat-cuentos-para-ninos-0-6-anos","8":"first","9":"instock","10":"taxable","11":"shipping-taxable","12":"purchasable","13":"product-type-simple"},"acf":{"editorial":[{"ID":148657,"post_author":"3","post_date":"2022-10-14 11:59:58","post_date_gmt":"2022-10-14 09:59:58","post_content":"","post_title":"Penguin Kids","post_excerpt":"","post_status":"publish","comment_status":"closed","ping_status":"closed","post_password":"","post_name":"penguin-kids","to_ping":"","pinged":"","post_modified":"2022-10-14 11:59:58","post_modified_gmt":"2022-10-14 09:59:58","post_content_filtered":"","post_parent":0,"guid":"http:\/\/dev.claret.cat\/editorial\/penguin-kids\/","menu_order":0,"post_type":"editorial","post_mime_type":"","comment_count":"0","filter":"raw"}],"autores-libros":[{"ID":5332,"post_author":"3","post_date":"2022-07-28 17:21:43","post_date_gmt":"2022-07-28 15:21:43","post_content":"","post_title":"CARMEN GIL","post_excerpt":"","post_status":"publish","comment_status":"closed","ping_status":"closed","post_password":"","post_name":"carmen-gil","to_ping":"","pinged":"","post_modified":"2022-07-28 17:21:43","post_modified_gmt":"2022-07-28 15:21:43","post_content_filtered":"","post_parent":0,"guid":"http:\/\/dev.claret.cat\/autor\/carmen-gil\/","menu_order":0,"post_type":"autor","post_mime_type":"","comment_count":"0","filter":"raw"},{"ID":384415,"post_author":"3","post_date":"2023-02-07 12:38:10","post_date_gmt":"2023-02-07 11:38:10","post_content":"","post_title":"ANNA CLARIANA","post_excerpt":"","post_status":"publish","comment_status":"closed","ping_status":"closed","post_password":"","post_name":"anna-clariana-2","to_ping":"","pinged":"","post_modified":"2023-02-07 12:38:10","post_modified_gmt":"2023-02-07 11:38:10","post_content_filtered":"","post_parent":0,"guid":"https:\/\/www.claret.cat\/autor\/anna-clariana-2\/","menu_order":0,"post_type":"autor","post_mime_type":"","comment_count":"0","filter":"raw"}],"autor":"GIL, CARMEN \/ CLARIANA, ANNA","codart":"841881780","libros-coleccion":"FORA DE COL.LECCI\u00d3","ediciones":"1","encuadernacion":"Carton\u00e9","fecha_de_publicacion":"01\/02\/2023","novedad":"1","paginas":"116","subtitulo":"LOS TRES CERDITOS, LAS SIETE CABRITAS Y EL LOBO, RICITOS DE ORO, GARBANCITO, CAP","orden":"0","portada":"0","idioma":"spa"},"aioseo_notices":[],"_links":{"self":[{"href":"https:\/\/www.claret.cat\/es\/wp-json\/wp\/v2\/product\/384393","targetHints":{"allow":["GET"]}}],"collection":[{"href":"https:\/\/www.claret.cat\/es\/wp-json\/wp\/v2\/product"}],"about":[{"href":"https:\/\/www.claret.cat\/es\/wp-json\/wp\/v2\/types\/product"}],"wp:featuredmedia":[{"embeddable":true,"href":"https:\/\/www.claret.cat\/es\/wp-json\/wp\/v2\/media\/384445"}],"wp:attachment":[{"href":"https:\/\/www.claret.cat\/es\/wp-json\/wp\/v2\/media?parent=384393"}],"wp:term":[{"taxonomy":"product_brand","embeddable":true,"href":"https:\/\/www.claret.cat\/es\/wp-json\/wp\/v2\/product_brand?post=384393"},{"taxonomy":"product_cat","embeddable":true,"href":"https:\/\/www.claret.cat\/es\/wp-json\/wp\/v2\/product_cat?post=384393"},{"taxonomy":"product_tag","embeddable":true,"href":"https:\/\/www.claret.cat\/es\/wp-json\/wp\/v2\/product_tag?post=384393"}],"curies":[{"name":"wp","href":"https:\/\/api.w.org\/{rel}","templated":true}]}}