{"id":384485,"date":"2023-02-07T13:01:40","date_gmt":"2023-02-07T12:01:40","guid":{"rendered":"https:\/\/www.claret.cat\/llibre\/sessio-de-control-una-casa-fosca-i-un-flagell-9788419590053\/"},"modified":"2023-10-06T06:06:38","modified_gmt":"2023-10-06T04:06:38","slug":"sessio-de-control-una-casa-fosca-i-un-flagell-9788419590053","status":"publish","type":"product","link":"https:\/\/www.claret.cat\/es\/libro\/sessio-de-control-una-casa-fosca-i-un-flagell-9788419590053\/","title":{"rendered":"SESSI\u00d3 DE CONTROL \/ UNA CASA FOSCA I UN FLAGELL"},"content":{"rendered":"<p>En aquestes dues novel\u00b7les, Daniel Bastida estudia per ser psicoanalista, per\u00f2 la seva vocaci\u00f3 trontolla en tots dos casos. A Sessi\u00f3 de control, el Daniel ha arribat a l&#8217;abisme de la professi\u00f3 despr\u00e9s de tractar un erot\u00f2man que est\u00e0 conven\u00e7ut que Franco l&#8217;estima. A Una casa fosca i un flagell, Bastida forma part d&#8217;una colla d&#8217;il\u00b7luminats per l&#8217;antipsiquiatria que organitzen un viatge lis\u00e8rgic a Saint-Alban a la recerca del seu guru. Abans de les dues hist\u00f2ries, Daniel era el mateix individu, per\u00f2 les conseq\u00fc\u00e8ncies d&#8217;un afer amb la seva germanastra, depenent de com el paeixi i se l&#8217;expliqui a si mateix, podien derivar en aquestes dues vides alternatives.<\/p>\n","protected":false},"excerpt":{"rendered":"<p>BAGUNY\u00c0, BORJA<\/p>\n","protected":false},"featured_media":384606,"template":"","meta":{"_acf_changed":false,"om_disable_all_campaigns":false,"rs_blank_template":"","rs_page_bg_color":"","slide_template_v7":"","inline_featured_image":false,"_monsterinsights_skip_tracking":false,"_monsterinsights_sitenote_active":false,"_monsterinsights_sitenote_note":"","_monsterinsights_sitenote_category":0},"product_brand":[],"product_cat":[127],"product_tag":[],"class_list":{"0":"post-384485","1":"product","2":"type-product","3":"status-publish","4":"has-post-thumbnail","6":"product_cat-novella-contemporania","8":"first","9":"instock","10":"taxable","11":"shipping-taxable","12":"purchasable","13":"product-type-simple"},"acf":{"editorial":[{"ID":6222,"post_author":"3","post_date":"2022-07-28 17:47:31","post_date_gmt":"2022-07-28 15:47:31","post_content":"","post_title":"Editorial Comanegra","post_excerpt":"","post_status":"publish","comment_status":"closed","ping_status":"closed","post_password":"","post_name":"editorial-comanegra","to_ping":"","pinged":"","post_modified":"2022-07-28 17:47:31","post_modified_gmt":"2022-07-28 15:47:31","post_content_filtered":"","post_parent":0,"guid":"http:\/\/dev.claret.cat\/editorial\/editorial-comanegra\/","menu_order":0,"post_type":"editorial","post_mime_type":"","comment_count":"0","filter":"raw"}],"autores-libros":[{"ID":151828,"post_author":"3","post_date":"2022-10-14 14:43:57","post_date_gmt":"2022-10-14 12:43:57","post_content":"","post_title":"BORJA BAGUNY\u00c0","post_excerpt":"","post_status":"publish","comment_status":"closed","ping_status":"closed","post_password":"","post_name":"borja-bagunya","to_ping":"","pinged":"","post_modified":"2022-10-14 14:43:57","post_modified_gmt":"2022-10-14 12:43:57","post_content_filtered":"","post_parent":0,"guid":"http:\/\/dev.claret.cat\/autor\/borja-bagunya\/","menu_order":0,"post_type":"autor","post_mime_type":"","comment_count":"0","filter":"raw"}],"autor":"BAGUNY\u00c0, BORJA","codart":"841959005","libros-coleccion":"Narratives","ediciones":"1","encuadernacion":"R\u00fastica","fecha_de_publicacion":"01\/02\/2023","novedad":"1","paginas":"288","subtitulo":"","orden":"0","portada":"0","idioma":"cat"},"aioseo_notices":[],"_links":{"self":[{"href":"https:\/\/www.claret.cat\/es\/wp-json\/wp\/v2\/product\/384485","targetHints":{"allow":["GET"]}}],"collection":[{"href":"https:\/\/www.claret.cat\/es\/wp-json\/wp\/v2\/product"}],"about":[{"href":"https:\/\/www.claret.cat\/es\/wp-json\/wp\/v2\/types\/product"}],"wp:featuredmedia":[{"embeddable":true,"href":"https:\/\/www.claret.cat\/es\/wp-json\/wp\/v2\/media\/384606"}],"wp:attachment":[{"href":"https:\/\/www.claret.cat\/es\/wp-json\/wp\/v2\/media?parent=384485"}],"wp:term":[{"taxonomy":"product_brand","embeddable":true,"href":"https:\/\/www.claret.cat\/es\/wp-json\/wp\/v2\/product_brand?post=384485"},{"taxonomy":"product_cat","embeddable":true,"href":"https:\/\/www.claret.cat\/es\/wp-json\/wp\/v2\/product_cat?post=384485"},{"taxonomy":"product_tag","embeddable":true,"href":"https:\/\/www.claret.cat\/es\/wp-json\/wp\/v2\/product_tag?post=384485"}],"curies":[{"name":"wp","href":"https:\/\/api.w.org\/{rel}","templated":true}]}}