{"id":384509,"date":"2023-02-07T13:14:12","date_gmt":"2023-02-07T12:14:12","guid":{"rendered":"https:\/\/www.claret.cat\/llibre\/comprender-las-escrituras-9788417204914\/"},"modified":"2025-03-25T10:35:09","modified_gmt":"2025-03-25T09:35:09","slug":"comprender-las-escrituras-9788417204914","status":"publish","type":"product","link":"https:\/\/www.claret.cat\/es\/libro\/comprender-las-escrituras-9788417204914\/","title":{"rendered":"COMPRENDER LAS ESCRITURAS"},"content":{"rendered":"<p>Este libro presenta, de un modo completo y accesible, los principios b\u00e1sicos de la Iglesia Cat\u00f3lica sobre la Fe, la Escritura, la Moral y los Sacramentos. Tiene como fuentes: la Sagrada Escritura, el Catecismo de la Iglesia Cat\u00f3lica, las vidas de los santos, los Padres de la Iglesia, el Directorio General de Catequesis y las ense\u00f1anzas del Vaticano II.<br \/> 30 cap\u00edtulos con los interrogantes que se puede plantear cualquier lector ante la Biblia y las respuestas cient\u00edficas y exeg\u00e9ticas apropiadas, ofrecidas de forma sint\u00e9tica y accesible al lector no especializado. El libro est\u00e1 ilustrado con im\u00e1genes de calidad del arte, cuadros sint\u00e9ticos y esquemas visualmente muy atractivos .La obra est\u00e1 planteada como un curso sistem\u00e1tico y completo sobre Biblia. Cada cap\u00edtulo se complementa con lecturas suplementarias, vocabulario, preguntas para el estudio, ejercicios y aportaciones doctrinales del Catecismo de la Iglesia sobre los temas tratados.<\/p>\n","protected":false},"excerpt":{"rendered":"<p>HAHN, SCOTT \/ SOCIAS, JAIME<\/p>\n","protected":false},"featured_media":387570,"template":"","meta":{"_acf_changed":false,"om_disable_all_campaigns":false,"rs_blank_template":"","rs_page_bg_color":"","slide_template_v7":"","inline_featured_image":false,"_monsterinsights_skip_tracking":false,"_monsterinsights_sitenote_active":false,"_monsterinsights_sitenote_note":"","_monsterinsights_sitenote_category":0},"product_brand":[],"product_cat":[472,213],"product_tag":[],"class_list":{"0":"post-384509","1":"product","2":"type-product","3":"status-publish","4":"has-post-thumbnail","6":"product_cat-manuales-y-guias","7":"product_cat-manuals-i-guies","9":"first","10":"instock","11":"taxable","12":"shipping-taxable","13":"purchasable","14":"product-type-simple"},"acf":{"editorial":[{"ID":147774,"post_author":"3","post_date":"2022-10-14 11:53:07","post_date_gmt":"2022-10-14 09:53:07","post_content":"","post_title":"EDIBESA","post_excerpt":"","post_status":"publish","comment_status":"closed","ping_status":"closed","post_password":"","post_name":"edibesa","to_ping":"","pinged":"","post_modified":"2022-10-14 11:53:07","post_modified_gmt":"2022-10-14 09:53:07","post_content_filtered":"","post_parent":0,"guid":"http:\/\/dev.claret.cat\/editorial\/edibesa\/","menu_order":0,"post_type":"editorial","post_mime_type":"","comment_count":"0","filter":"raw"}],"autores-libros":[{"ID":277145,"post_author":"3","post_date":"2022-12-09 08:10:21","post_date_gmt":"2022-12-09 07:10:21","post_content":"","post_title":"JAIME SOCIAS","post_excerpt":"","post_status":"publish","comment_status":"closed","ping_status":"closed","post_password":"","post_name":"jaime-socias","to_ping":"","pinged":"","post_modified":"2022-12-09 08:10:21","post_modified_gmt":"2022-12-09 07:10:21","post_content_filtered":"","post_parent":0,"guid":"http:\/\/dev.claret.cat\/autor\/jaime-socias\/","menu_order":0,"post_type":"autor","post_mime_type":"","comment_count":"0","filter":"raw"},{"ID":169213,"post_author":"3","post_date":"2022-10-14 22:25:24","post_date_gmt":"2022-10-14 20:25:24","post_content":"","post_title":"SCOTT HAHN","post_excerpt":"","post_status":"publish","comment_status":"closed","ping_status":"closed","post_password":"","post_name":"scott-hahn","to_ping":"","pinged":"","post_modified":"2022-10-14 22:25:24","post_modified_gmt":"2022-10-14 20:25:24","post_content_filtered":"","post_parent":0,"guid":"http:\/\/dev.claret.cat\/autor\/scott-hahn\/","menu_order":0,"post_type":"autor","post_mime_type":"","comment_count":"0","filter":"raw"}],"autor":"HAHN, SCOTT \/ SOCIAS, JAIME","codart":"841720491","libros-coleccion":"FORA DE COL.LECCI\u00d3","ediciones":"1","encuadernacion":"R\u00fastica","fecha_de_publicacion":"01\/01\/2023","novedad":"1","paginas":"555","subtitulo":"CURSO COMPLETO PARA EL ESTUDIO DE LA BIBLIA","orden":"0","portada":"0","idioma":"spa"},"aioseo_notices":[],"_links":{"self":[{"href":"https:\/\/www.claret.cat\/es\/wp-json\/wp\/v2\/product\/384509","targetHints":{"allow":["GET"]}}],"collection":[{"href":"https:\/\/www.claret.cat\/es\/wp-json\/wp\/v2\/product"}],"about":[{"href":"https:\/\/www.claret.cat\/es\/wp-json\/wp\/v2\/types\/product"}],"wp:featuredmedia":[{"embeddable":true,"href":"https:\/\/www.claret.cat\/es\/wp-json\/wp\/v2\/media\/387570"}],"wp:attachment":[{"href":"https:\/\/www.claret.cat\/es\/wp-json\/wp\/v2\/media?parent=384509"}],"wp:term":[{"taxonomy":"product_brand","embeddable":true,"href":"https:\/\/www.claret.cat\/es\/wp-json\/wp\/v2\/product_brand?post=384509"},{"taxonomy":"product_cat","embeddable":true,"href":"https:\/\/www.claret.cat\/es\/wp-json\/wp\/v2\/product_cat?post=384509"},{"taxonomy":"product_tag","embeddable":true,"href":"https:\/\/www.claret.cat\/es\/wp-json\/wp\/v2\/product_tag?post=384509"}],"curies":[{"name":"wp","href":"https:\/\/api.w.org\/{rel}","templated":true}]}}