{"id":384623,"date":"2023-02-07T13:55:10","date_gmt":"2023-02-07T12:55:10","guid":{"rendered":"https:\/\/www.claret.cat\/llibre\/madre-esperanza-9788412440850\/"},"modified":"2025-04-03T12:30:15","modified_gmt":"2025-04-03T10:30:15","slug":"madre-esperanza-9788412440850","status":"publish","type":"product","link":"https:\/\/www.claret.cat\/es\/libro\/madre-esperanza-9788412440850\/","title":{"rendered":"MADRE ESPERANZA"},"content":{"rendered":"<p>Este libro provocar\u00e1 a buen seguro en el lector un se\u00edsmo interior de ocho puntos en la escala de Richter. Jos\u00e9 Mar\u00eda Zavala nos descubre ahora, con su trepidante ritmo narrativo, a la murciana Madre Esperanza (1893-1983), Beatificada por el Papa Esperanza. Alma gemela del Padre P\u00edo, con quien mantuvo estrecho contacto, la adre esperanza fund\u00f3 las Congragaciones de Esclavas e Hijos del Amor Misericordioso; as\u00ed como el Santuario de Collevaenza, en Italia, donde millones de personas de todo el mundo peregrinan cada a\u00f1o para sumergirse en sus piscisnas de agua bendecida, como si de un nuevo Lourdes se tratase. Parapetado en un arsenal de documentos in\u00e9ditos y de entrevistas a testigos a\u00fan vivos de sus milagros, Zavala saca a relucir en primicia los misterios de la relaci\u00f3n c\u00f3mplice de esta sorprendente m\u00edstica del siglo XX con San Juan Pablo II, el Padre P\u00edo y San Josemar\u00eda Escriv\u00e1 de Balaguer, El Se\u00f1or adorn\u00f3 a la protagonista con numerosos carismas, adem\u00e1s de los estigmas: bilocaci\u00f3n, multiplicaci\u00f3n de alimentos, curaciones milagrosas&#8230; Y hasta el de introspecci\u00f3n de conciencias, gracias al cual pudo leer el alma de Jacqueline Kennedy cuando la visit\u00f3 en Collevalenza, fallecido JFK. Por no hablar de su desconocida intervenci\u00f3n para salvar la vida de Juan Pablo II tras el atentado en la Plaza de San Pedro.<\/p>\n","protected":false},"excerpt":{"rendered":"<p>ZAVALA, JOS\u00c9 MARIA<\/p>\n","protected":false},"featured_media":384998,"template":"","meta":{"_acf_changed":false,"om_disable_all_campaigns":false,"rs_blank_template":"","rs_page_bg_color":"","slide_template_v7":"","inline_featured_image":false,"_monsterinsights_skip_tracking":false,"_monsterinsights_sitenote_active":false,"_monsterinsights_sitenote_note":"","_monsterinsights_sitenote_category":0},"product_brand":[],"product_cat":[92,542],"product_tag":[],"class_list":{"0":"post-384623","1":"product","2":"type-product","3":"status-publish","4":"has-post-thumbnail","6":"product_cat-vida-religiosa","7":"product_cat-vida-religiosa-1_espiritualidad-spa","9":"first","10":"instock","11":"taxable","12":"shipping-taxable","13":"purchasable","14":"product-type-simple"},"acf":{"editorial":[{"ID":147693,"post_author":"3","post_date":"2022-10-14 11:52:31","post_date_gmt":"2022-10-14 09:52:31","post_content":"","post_title":"Custodian Movies","post_excerpt":"","post_status":"publish","comment_status":"closed","ping_status":"closed","post_password":"","post_name":"custodian-movies","to_ping":"","pinged":"","post_modified":"2022-10-14 11:52:31","post_modified_gmt":"2022-10-14 09:52:31","post_content_filtered":"","post_parent":0,"guid":"http:\/\/dev.claret.cat\/editorial\/custodian-movies\/","menu_order":0,"post_type":"editorial","post_mime_type":"","comment_count":"0","filter":"raw"}],"autores-libros":[{"ID":5646,"post_author":"3","post_date":"2022-07-28 17:28:27","post_date_gmt":"2022-07-28 15:28:27","post_content":"","post_title":"JOS\u00c9 MAR\u00cdA ZAVALA","post_excerpt":"","post_status":"publish","comment_status":"closed","ping_status":"closed","post_password":"","post_name":"jose-maria-zavala","to_ping":"","pinged":"","post_modified":"2022-07-28 17:28:27","post_modified_gmt":"2022-07-28 15:28:27","post_content_filtered":"","post_parent":0,"guid":"http:\/\/dev.claret.cat\/autor\/jose-maria-zavala\/","menu_order":0,"post_type":"autor","post_mime_type":"","comment_count":"0","filter":"raw"}],"autor":"ZAVALA, JOS\u00c9 MARIA","codart":"841244085","libros-coleccion":"","ediciones":"1","encuadernacion":"R\u00fastica","fecha_de_publicacion":"01\/01\/2023","novedad":"1","paginas":"332","subtitulo":"LOS MILAGROS DESCONOCIDOS DEL ALMA GEMELA DEL PADRE P\u00cdO","orden":"0","portada":"0","idioma":"spa"},"aioseo_notices":[],"_links":{"self":[{"href":"https:\/\/www.claret.cat\/es\/wp-json\/wp\/v2\/product\/384623","targetHints":{"allow":["GET"]}}],"collection":[{"href":"https:\/\/www.claret.cat\/es\/wp-json\/wp\/v2\/product"}],"about":[{"href":"https:\/\/www.claret.cat\/es\/wp-json\/wp\/v2\/types\/product"}],"wp:featuredmedia":[{"embeddable":true,"href":"https:\/\/www.claret.cat\/es\/wp-json\/wp\/v2\/media\/384998"}],"wp:attachment":[{"href":"https:\/\/www.claret.cat\/es\/wp-json\/wp\/v2\/media?parent=384623"}],"wp:term":[{"taxonomy":"product_brand","embeddable":true,"href":"https:\/\/www.claret.cat\/es\/wp-json\/wp\/v2\/product_brand?post=384623"},{"taxonomy":"product_cat","embeddable":true,"href":"https:\/\/www.claret.cat\/es\/wp-json\/wp\/v2\/product_cat?post=384623"},{"taxonomy":"product_tag","embeddable":true,"href":"https:\/\/www.claret.cat\/es\/wp-json\/wp\/v2\/product_tag?post=384623"}],"curies":[{"name":"wp","href":"https:\/\/api.w.org\/{rel}","templated":true}]}}