{"id":384664,"date":"2023-02-07T15:04:29","date_gmt":"2023-02-07T14:04:29","guid":{"rendered":"https:\/\/www.claret.cat\/llibre\/nada-me-conmueve-19882020-9788498276190\/"},"modified":"2023-10-06T06:48:58","modified_gmt":"2023-10-06T04:48:58","slug":"nada-me-conmueve-19882020-9788498276190","status":"publish","type":"product","link":"https:\/\/www.claret.cat\/es\/libro\/nada-me-conmueve-19882020-9788498276190\/","title":{"rendered":"NADA ME CONMUEVE (1988-2020)"},"content":{"rendered":"<p>Hay, en la creaci\u00f3n po\u00e9tica de Luis Santana, un arte de la yuxtaposici\u00f3n, en el que el autor intercala e imbrica planos y estratos de muy distintos tipos, para crear territorios nuevos e imprevisibles, generando im\u00e1genes que iluminan el mundo (?La piel del camino \/ enciende su caja de calor, \/ sofocante, \/ y el aire se arrodilla.?).      Parece que la funci\u00f3n del poeta ?y tal efecto sentimos al leer la poes\u00eda de Luis Santana? fuera la de encender e iluminar el mundo que verbaliza, para revelarlo a los lectores.   Es una poes\u00eda siempre leve y hasta desconcertante, ?pues se escapa de los hilos de la l\u00f3gica (que eso ha de hacer la poes\u00eda), para llevarnos a una sorpresa y a una revelaci\u00f3n \u00edntima del ser humano, de la realidad y del mundo?, en la que percibimos asuntos como el tiempo; la atenci\u00f3n; o, tambi\u00e9n, una sutil observaci\u00f3n del mundo, de la realidad, que se yuxtaponen de continuo, para crear atm\u00f3sferas y sugerencias.<\/p>\n","protected":false},"excerpt":{"rendered":"<p>SANTANA, LUIS<\/p>\n","protected":false},"featured_media":384667,"template":"","meta":{"_acf_changed":false,"om_disable_all_campaigns":false,"rs_blank_template":"","rs_page_bg_color":"","slide_template_v7":"","inline_featured_image":false,"_monsterinsights_skip_tracking":false,"_monsterinsights_sitenote_active":false,"_monsterinsights_sitenote_note":"","_monsterinsights_sitenote_category":0},"product_brand":[],"product_cat":[340,358],"product_tag":[],"class_list":{"0":"post-384664","1":"product","2":"type-product","3":"status-publish","4":"has-post-thumbnail","6":"product_cat-poesia-5_otras","7":"product_cat-poesia-contemporanea","9":"first","10":"instock","11":"taxable","12":"shipping-taxable","13":"purchasable","14":"product-type-simple"},"acf":{"editorial":[{"ID":147730,"post_author":"3","post_date":"2022-10-14 11:52:48","post_date_gmt":"2022-10-14 09:52:48","post_content":"","post_title":"DILEMA EDITORIAL","post_excerpt":"","post_status":"publish","comment_status":"closed","ping_status":"closed","post_password":"","post_name":"dilema-editorial","to_ping":"","pinged":"","post_modified":"2022-10-14 11:52:48","post_modified_gmt":"2022-10-14 09:52:48","post_content_filtered":"","post_parent":0,"guid":"http:\/\/dev.claret.cat\/editorial\/dilema-editorial\/","menu_order":0,"post_type":"editorial","post_mime_type":"","comment_count":"0","filter":"raw"}],"autores-libros":[{"ID":384663,"post_author":"3","post_date":"2023-02-07 15:04:18","post_date_gmt":"2023-02-07 14:04:18","post_content":"","post_title":"LUIS SANTANA","post_excerpt":"","post_status":"publish","comment_status":"closed","ping_status":"closed","post_password":"","post_name":"luis-santana-3","to_ping":"","pinged":"","post_modified":"2023-02-07 15:04:18","post_modified_gmt":"2023-02-07 14:04:18","post_content_filtered":"","post_parent":0,"guid":"https:\/\/www.claret.cat\/autor\/luis-santana-3\/","menu_order":0,"post_type":"autor","post_mime_type":"","comment_count":"0","filter":"raw"}],"autor":"SANTANA, LUIS","codart":"849827619","libros-coleccion":"","ediciones":"1","encuadernacion":"R\u00fastica","fecha_de_publicacion":"01\/12\/2022","novedad":"1","paginas":"258","subtitulo":"","orden":"0","portada":"0","idioma":"spa"},"aioseo_notices":[],"_links":{"self":[{"href":"https:\/\/www.claret.cat\/es\/wp-json\/wp\/v2\/product\/384664","targetHints":{"allow":["GET"]}}],"collection":[{"href":"https:\/\/www.claret.cat\/es\/wp-json\/wp\/v2\/product"}],"about":[{"href":"https:\/\/www.claret.cat\/es\/wp-json\/wp\/v2\/types\/product"}],"wp:featuredmedia":[{"embeddable":true,"href":"https:\/\/www.claret.cat\/es\/wp-json\/wp\/v2\/media\/384667"}],"wp:attachment":[{"href":"https:\/\/www.claret.cat\/es\/wp-json\/wp\/v2\/media?parent=384664"}],"wp:term":[{"taxonomy":"product_brand","embeddable":true,"href":"https:\/\/www.claret.cat\/es\/wp-json\/wp\/v2\/product_brand?post=384664"},{"taxonomy":"product_cat","embeddable":true,"href":"https:\/\/www.claret.cat\/es\/wp-json\/wp\/v2\/product_cat?post=384664"},{"taxonomy":"product_tag","embeddable":true,"href":"https:\/\/www.claret.cat\/es\/wp-json\/wp\/v2\/product_tag?post=384664"}],"curies":[{"name":"wp","href":"https:\/\/api.w.org\/{rel}","templated":true}]}}