{"id":384766,"date":"2023-02-07T19:07:24","date_gmt":"2023-02-07T18:07:24","guid":{"rendered":"https:\/\/www.claret.cat\/llibre\/la-dimensio-humana-9788491364658\/"},"modified":"2026-04-14T18:16:41","modified_gmt":"2026-04-14T16:16:41","slug":"la-dimensio-humana-9788491364658","status":"publish","type":"product","link":"https:\/\/www.claret.cat\/es\/libro\/la-dimensio-humana-9788491364658\/","title":{"rendered":"LA DIMENSI\u00d3 HUMANA"},"content":{"rendered":"<p>Con\u00e8ixer l&#8217;ess\u00e8ncia de la persona humana \u00e9s un anhel constant de la humanitat. Els diferents marcs filos\u00f2fics han cercat els seus or\u00edgens i la seva relaci\u00f3 amb l&#8217;univers i les de\u00eftats, establint perspectives que no sempre han fet possible entendre l&#8217;\u00e9sser hum\u00e0 en la seva globalitat. La tradici\u00f3 hebrea a la Sagrada Escriptura ha estat capa\u00e7 de dimensionar la persona en \u00e0mbits diversos que expliquen la seva fisicitat, els seus sentiments, el pensament i la petja de l&#8217;esperit. Aquesta dimensi\u00f3 plural que ens relaten els textos de l&#8217;Antic Testament i que assaborim en els Salms sembla talment dibuixada de la m\u00e0 de l&#8217;evoluci\u00f3 del mateix cervell hum\u00e0, capa\u00e7 de desplegar xarxes neuronals que les fan possibles, i albirant una concepci\u00f3 humana de quatre dimensions.<br \/><a href='https:\/\/www.claret.cat\/llibre\/la-dimension-humana-9788491365303\/?c='>Disponible en castell\u00e0<\/a><\/p>\n","protected":false},"excerpt":{"rendered":"<p>DURAN I NAVARRO, JAUME<\/p>\n","protected":false},"featured_media":973754,"template":"","meta":{"_acf_changed":false,"om_disable_all_campaigns":false,"rs_blank_template":"","rs_page_bg_color":"","slide_template_v7":"","inline_featured_image":false,"_monsterinsights_skip_tracking":false,"_monsterinsights_sitenote_active":false,"_monsterinsights_sitenote_note":"","_monsterinsights_sitenote_category":0},"product_brand":[],"product_cat":[373,485,232,166,307,581,447,177,89,180,448],"product_tag":[],"class_list":{"0":"post-384766","1":"product","2":"type-product","3":"status-publish","4":"has-post-thumbnail","6":"product_cat-autores","7":"product_cat-autores-espiritualidad-1_espiritualidad","8":"product_cat-autors-espiritualitat","9":"product_cat-autors-filosofia","10":"product_cat-catala","11":"product_cat-editorial-claret","12":"product_cat-estudios-e-investigacion","13":"product_cat-estudis-i-investigacio","14":"product_cat-els-mes-venuts","15":"product_cat-psiquiatria-i-psicoterapia","16":"product_cat-psiquiatria-y-psicoterapia","18":"first","19":"instock","20":"taxable","21":"shipping-taxable","22":"purchasable","23":"product-type-simple"},"acf":{"editorial":[{"ID":6158,"post_author":"3","post_date":"2022-07-28 17:46:08","post_date_gmt":"2022-07-28 15:46:08","post_content":"","post_title":"CLARET","post_excerpt":"","post_status":"publish","comment_status":"closed","ping_status":"closed","post_password":"","post_name":"claret","to_ping":"","pinged":"","post_modified":"2022-07-28 17:46:08","post_modified_gmt":"2022-07-28 15:46:08","post_content_filtered":"","post_parent":0,"guid":"http:\/\/dev.claret.cat\/editorial\/claret\/","menu_order":0,"post_type":"editorial","post_mime_type":"","comment_count":"0","filter":"raw"}],"autores-libros":[{"ID":384765,"post_author":"3","post_date":"2023-02-07 19:07:12","post_date_gmt":"2023-02-07 18:07:12","post_content":"Jaume Duran \u00e9s doctor en medicina, llicenciat en Ci\u00e8ncia Religiosa \u2013Teologia B\u00edblica, i doctor en\u00a0filosofia. M\u00e0ster en Bio\u00e8tica, \u00e9s\u00a0membre del Comit\u00e8 deontol\u00f2gic\u00a0del Col\u00b7legi Oficial de Metges de\u00a0Barcelona i combina la tasca gerencial d\u2019una entitat no lucrativa de serveis sanitaris i socials amb\u00a0la doc\u00e8ncia en diferents programes universitaris a\u00a0Catalunya.","post_title":"JAUME DURAN I NAVARRO","post_excerpt":"","post_status":"publish","comment_status":"closed","ping_status":"closed","post_password":"","post_name":"jaume-duran-i-navarro-3","to_ping":"","pinged":"","post_modified":"2024-02-14 12:42:48","post_modified_gmt":"2024-02-14 11:42:48","post_content_filtered":"","post_parent":0,"guid":"https:\/\/www.claret.cat\/autor\/jaume-duran-i-navarro-3\/","menu_order":0,"post_type":"autor","post_mime_type":"","comment_count":"0","filter":"raw"}],"autor":"DURAN I NAVARRO, JAUME","codart":"849136465","libros-coleccion":"","ediciones":"1","encuadernacion":"R\u00fastica","fecha_de_publicacion":"07\/03\/2023","novedad":"1","paginas":"312","subtitulo":"NEURONES I SALMS ","orden":"1000","portada":"1","idioma":"cat","traductores-libros":"","ilustradores-libros":"","formato":"","linkebook":"","ficha":"849136465_1685023918.pdf","muestra":"","presentacion":"<iframe width=\"948\" height=\"533\" src=\"https:\/\/www.youtube.com\/embed\/1ToHR-1wpUI?si=oPmcPHxi6-xiGIPW\" title=\"YouTube video player\" frameborder=\"0\" allow=\"accelerometer; autoplay; clipboard-write; encrypted-media; gyroscope; picture-in-picture; web-share\" referrerpolicy=\"strict-origin-when-cross-origin\" allowfullscreen><\/iframe>","booktrailer":"<iframe width=\"948\" height=\"533\" src=\"https:\/\/www.youtube.com\/embed\/DxXeRFGlOjc\" title=\"Booktr\u00e0iler del llibre La dimensi\u00f3 humana\" frameborder=\"0\" allow=\"accelerometer; autoplay; clipboard-write; encrypted-media; gyroscope; picture-in-picture; web-share\" allowfullscreen><\/iframe>","resenas":"<p>Fundaci\u00f3 Sanit\u00e0ria de Mollet, 31\/03\/2023<\/p>\n<p><a href=\"https:\/\/fsm.cat\/ca\/la-dimensio-humana-nou-llibre-del-dr-jaume-duran\" rel=\"noopener noreferrer\" target=\"_blank\">https:\/\/fsm.cat\/ca\/la-dimensio-humana-nou-llibre-del-dr-jaume-duran<\/a><\/p>\n<p><\/p>\n<p>Catalunya Religi\u00f3, 23\/04\/2023<\/p>\n<p><a href=\"https:\/\/www.catalunyareligio.cat\/ca\/llibreries-religioses-recomanen-lectures-sant-jordi\" rel=\"noopener noreferrer\" target=\"_blank\">https:\/\/www.catalunyareligio.cat\/ca\/llibreries-religioses-recomanen-lectures-sant-jordi<\/a><\/p>\n<p><\/p>\n<p>R\u00e0dio Estel, programa Camins. 23\/06\/2023<\/p>\n<p><a href=\"https:\/\/www.estelfitxers.com\/audio\/2022-2023\/20230622-20_00CAMINS.MP3\" rel=\"noopener noreferrer\" target=\"_blank\">https:\/\/www.estelfitxers.com\/audio\/2022-2023\/20230622-20_00CAMINS.MP3<\/a><\/p>\n<p><\/p>\n<p>Mollet viu, 15\/06\/2023<\/p>\n<p><a href=\"https:\/\/molletviu.com\/2023\/06\/15\/jaume-duran-presenta-el-seu-llibre-la-dimensio-humana-neurones-i-salms-a-la-sala-fiveller-de-mollet\/\" rel=\"noopener noreferrer\" target=\"_blank\">https:\/\/molletviu.com\/2023\/06\/15\/jaume-duran-presenta-el-seu-llibre-la-dimensio-humana-neurones-i-salms-a-la-sala-fiveller-de-mollet\/<\/a><\/p>\n<p><\/p>\n<p>Catalunya Cristiana (catal\u00e0), 23\/04\/2023<\/p>\n<p><a href=\"https:\/\/drive.google.com\/file\/d\/1WUc2_psBH-9mZN1YLinjQsrODODxfrvL\/view?usp=sharing\" rel=\"noopener noreferrer\" target=\"_blank\">https:\/\/drive.google.com\/file\/d\/1WUc2_psBH-9mZN1YLinjQsrODODxfrvL\/view?usp=sharing<\/a><\/p>\n<p><\/p>\n<p>Catalunya Cristiana (castell\u00e0), 23\/04\/2023<\/p>\n<p><a href=\"https:\/\/drive.google.com\/file\/d\/1MF4xx6nQnUjb7ayWHDOuoI42dUYCORU1\/view?usp=sharing\" rel=\"noopener noreferrer\" target=\"_blank\">https:\/\/drive.google.com\/file\/d\/1MF4xx6nQnUjb7ayWHDOuoI42dUYCORU1\/view?usp=sharing<\/a><\/p>\n<p><\/p>\n<p>TV3, 03\/10\/2023<\/p>\n<p><a href=\"https:\/\/www.ccma.cat\/tv3\/alacarta\/mes-324\/jaume-duran-ens-presenta-lassaig-la-dimensio-humana-neurones-i-salms\/video\/6243145\/\" rel=\"noopener noreferrer\" target=\"_blank\">https:\/\/www.ccma.cat\/tv3\/alacarta\/mes-324\/jaume-duran-ens-presenta-lassaig-la-dimensio-humana-neurones-i-salms\/video\/6243145\/<\/a><\/p>\n<p><\/p>\n<p>Serra d&#8217;Or, 01\/01\/2024<\/p>\n<p><a href=\"https:\/\/drive.google.com\/file\/d\/1FJ7Vd8wb9aA6tvYfmi7mKdZVHaHgDYeY\/view?usp=sharing\" rel=\"noopener noreferrer\" target=\"_blank\">https:\/\/drive.google.com\/file\/d\/1FJ7Vd8wb9aA6tvYfmi7mKdZVHaHgDYeY\/view?usp=sharing<\/a><\/p>\n<p><\/p>\n<p>Catalunya Cristiana (catal\u00e0), 21\/04\/2024<\/p>\n<p><a href=\"https:\/\/drive.google.com\/file\/d\/18SLjzrxzu-w5tYaxCiwJay9QkiuyvtWd\/view?usp=sharing\" rel=\"noopener noreferrer\" target=\"_blank\">https:\/\/drive.google.com\/file\/d\/18SLjzrxzu-w5tYaxCiwJay9QkiuyvtWd\/view?usp=sharing<\/a><\/p>\n<p><\/p>\n<p>Catalunya Cristiana, 04\/07\/2024<\/p>\n<p><a href=\"https:\/\/www.catalunyacristiana.cat\/presentat-el-llibre-la-dimensio-humana-del-dr-jaume-duran-a-barcelona\/\" rel=\"noopener noreferrer\" target=\"_blank\">https:\/\/www.catalunyacristiana.cat\/presentat-el-llibre-la-dimensio-humana-del-dr-jaume-duran-a-barcelona\/<\/a><\/p>\n<p><\/p>\n<p>Catalunya Cristiana, 27\/08\/2024<\/p>\n<p><a href=\"https:\/\/www.catalunyacristiana.cat\/jaume-duran-tinc-lesperanca-que-el-cervell-luxos-sera-inabastable-per-a-la-intelligencia-artificial\/\" rel=\"noopener noreferrer\" target=\"_blank\">https:\/\/www.catalunyacristiana.cat\/jaume-duran-tinc-lesperanca-que-el-cervell-luxos-sera-inabastable-per-a-la-intelligencia-artificial\/<\/a><\/p>\n<p><\/p>\n<p>Catalunya Cristiana (catal\u00e0), 01\/09\/2024<\/p>\n<p><a href=\"https:\/\/drive.google.com\/file\/d\/150ZIUDAjZiBRU09JINdTVT0zAi6DPLs4\/view?usp=sharing\" rel=\"noopener noreferrer\" target=\"_blank\">https:\/\/drive.google.com\/file\/d\/150ZIUDAjZiBRU09JINdTVT0zAi6DPLs4\/view?usp=sharing<\/a><\/p>\n<p><\/p>\n<p>Catalunya Cristiana (catal\u00e0), 01\/09\/2024<\/p>\n<p><a href=\"https:\/\/drive.google.com\/file\/d\/1nn1WQjHiOHwrINXUnvv1-0rEkc63rXtP\/view?usp=sharing\" rel=\"noopener noreferrer\" target=\"_blank\">https:\/\/drive.google.com\/file\/d\/1nn1WQjHiOHwrINXUnvv1-0rEkc63rXtP\/view?usp=sharing<\/a><\/p>\n<p><\/p>\n<p>Catalunya Religi\u00f3, 18\/02\/2026<\/p>\n<p><a href=\"https:\/\/www.catalunyareligio.cat\/ca\/jaume-duran-navarro-ens-cal-reconnectar-dimensio\" rel=\"noopener noreferrer\" target=\"_blank\">https:\/\/www.catalunyareligio.cat\/ca\/jaume-duran-navarro-ens-cal-reconnectar-dimensio<\/a><\/p>\n","recomendamos":"","mas_vendido":"","precioebook":"0","ebookportada":false},"aioseo_notices":[],"_links":{"self":[{"href":"https:\/\/www.claret.cat\/es\/wp-json\/wp\/v2\/product\/384766","targetHints":{"allow":["GET"]}}],"collection":[{"href":"https:\/\/www.claret.cat\/es\/wp-json\/wp\/v2\/product"}],"about":[{"href":"https:\/\/www.claret.cat\/es\/wp-json\/wp\/v2\/types\/product"}],"wp:featuredmedia":[{"embeddable":true,"href":"https:\/\/www.claret.cat\/es\/wp-json\/wp\/v2\/media\/973754"}],"wp:attachment":[{"href":"https:\/\/www.claret.cat\/es\/wp-json\/wp\/v2\/media?parent=384766"}],"wp:term":[{"taxonomy":"product_brand","embeddable":true,"href":"https:\/\/www.claret.cat\/es\/wp-json\/wp\/v2\/product_brand?post=384766"},{"taxonomy":"product_cat","embeddable":true,"href":"https:\/\/www.claret.cat\/es\/wp-json\/wp\/v2\/product_cat?post=384766"},{"taxonomy":"product_tag","embeddable":true,"href":"https:\/\/www.claret.cat\/es\/wp-json\/wp\/v2\/product_tag?post=384766"}],"curies":[{"name":"wp","href":"https:\/\/api.w.org\/{rel}","templated":true}]}}