{"id":38510,"date":"2022-10-02T18:52:42","date_gmt":"2022-10-02T16:52:42","guid":{"rendered":"http:\/\/dev.claret.cat\/producte\/los-sacramentos-en-juegos\/"},"modified":"2025-11-27T19:37:04","modified_gmt":"2025-11-27T18:37:04","slug":"los-sacramentos-en-juegos-9788413790930","status":"publish","type":"product","link":"https:\/\/www.claret.cat\/es\/libro\/los-sacramentos-en-juegos-9788413790930\/","title":{"rendered":"LOS SACRAMENTOS EN JUEGOS"},"content":{"rendered":"<p>Al autor del libro le gustar\u00eda que nos fijemos en los dones que hay en los sacramentos, en todos y en cada uno de ellos, donde el gran don es Dios mismo que se nos regala como amor pleno. Para conseguirlo recurre al juego. El aspecto l\u00fadico, sencillo y creativo, puede ayudar a que en los sacramentos veamos el regalo que Dios nos env\u00eda.<br \/> Se trata de aprovechar oportunidades y poner la atenci\u00f3n m\u00e1s en el fondo que en la forma. Por eso, este libro pretende que las personas \u00abque jueguen con \u00e9l\u00bb se marchen no solo sabiendo algo m\u00e1s, sino sobre todo, con ese saber y sabor de boca y de coraz\u00f3n del que ha sido \u00abtocado\u00bb por algo que le he ha hecho pensar, que le ha trastocado alg\u00fan aspecto de su vida, en definitiva, que le ha incitado a acercarse a Dios.<br \/> Cada juego est\u00e1 perfectamente estructurado: destinatarios, objetivo, materiales, duraci\u00f3n, desarrollo y documentos. El libro est\u00e1 pensado para grupos de catequesis, pero tambi\u00e9n pueden servir para clase de Religi\u00f3n. Los materiales que se requieren son de f\u00e1cil adquisici\u00f3n y el desarrollo de cada juego est\u00e1 minuciosamente explicado para no encontrar ninguna dificultad a la hora de ponerlo en pr\u00e1ctica.<\/p>\n","protected":false},"excerpt":{"rendered":"<p>ESCUDERO, JOS\u00c9 MAR\u00cdA<\/p>\n","protected":false},"featured_media":329856,"template":"","meta":{"_acf_changed":false,"om_disable_all_campaigns":false,"rs_blank_template":"","rs_page_bg_color":"","slide_template_v7":"","inline_featured_image":false,"_monsterinsights_skip_tracking":false,"_monsterinsights_sitenote_active":false,"_monsterinsights_sitenote_note":"","_monsterinsights_sitenote_category":0},"product_brand":[],"product_cat":[227,389,219,478,230,391,282,417],"product_tag":[],"class_list":{"0":"post-38510","1":"product","2":"type-product","3":"status-publish","4":"has-post-thumbnail","6":"product_cat-formacio","7":"product_cat-formacion","8":"product_cat-infantil-catequesi","9":"product_cat-infantil-catequesis-1_espiritualidad","10":"product_cat-jocs-cancons-i-dances","11":"product_cat-juegos-canciones-y-danzas","12":"product_cat-sacramentologia","13":"product_cat-sacramentologia-teologia-1_espiritualidad","15":"first","16":"outofstock","17":"taxable","18":"shipping-taxable","19":"purchasable","20":"product-type-simple"},"acf":{"autor":"ESCUDERO, JOS\u00c9 MAR\u00cdA","codart":"841379093","libros-coleccion":"Recursos de Pastoral","ediciones":"1","encuadernacion":"R\u00fastica","fecha_de_publicacion":"11\/04\/2022","novedad":"1","paginas":"92","subtitulo":"RECURSOS DE PASTORAL","orden":"0","portada":"0","idioma":"spa","editorial":[{"ID":6155,"post_author":"3","post_date":"2022-07-28 17:46:04","post_date_gmt":"2022-07-28 15:46:04","post_content":"","post_title":"Central Catequ\u00edstica Salesiana","post_excerpt":"","post_status":"publish","comment_status":"closed","ping_status":"closed","post_password":"","post_name":"central-catequistica-salesiana","to_ping":"","pinged":"","post_modified":"2022-07-28 17:46:04","post_modified_gmt":"2022-07-28 15:46:04","post_content_filtered":"","post_parent":0,"guid":"http:\/\/dev.claret.cat\/editorial\/central-catequistica-salesiana\/","menu_order":0,"post_type":"editorial","post_mime_type":"","comment_count":"0","filter":"raw"}],"autores-libros":[{"ID":8363,"post_author":"3","post_date":"2022-09-30 09:48:01","post_date_gmt":"2022-09-30 07:48:01","post_content":"","post_title":"JOS\u00c9 MARIA ESCUDERO","post_excerpt":"","post_status":"publish","comment_status":"closed","ping_status":"closed","post_password":"","post_name":"jose-maria-escudero","to_ping":"","pinged":"","post_modified":"2022-09-30 09:48:01","post_modified_gmt":"2022-09-30 07:48:01","post_content_filtered":"","post_parent":0,"guid":"http:\/\/dev.claret.cat\/autor\/jose-maria-escudero\/","menu_order":0,"post_type":"autor","post_mime_type":"","comment_count":"0","filter":"raw"}],"booktrailer":"","resenas":""},"aioseo_notices":[],"_links":{"self":[{"href":"https:\/\/www.claret.cat\/es\/wp-json\/wp\/v2\/product\/38510","targetHints":{"allow":["GET"]}}],"collection":[{"href":"https:\/\/www.claret.cat\/es\/wp-json\/wp\/v2\/product"}],"about":[{"href":"https:\/\/www.claret.cat\/es\/wp-json\/wp\/v2\/types\/product"}],"wp:featuredmedia":[{"embeddable":true,"href":"https:\/\/www.claret.cat\/es\/wp-json\/wp\/v2\/media\/329856"}],"wp:attachment":[{"href":"https:\/\/www.claret.cat\/es\/wp-json\/wp\/v2\/media?parent=38510"}],"wp:term":[{"taxonomy":"product_brand","embeddable":true,"href":"https:\/\/www.claret.cat\/es\/wp-json\/wp\/v2\/product_brand?post=38510"},{"taxonomy":"product_cat","embeddable":true,"href":"https:\/\/www.claret.cat\/es\/wp-json\/wp\/v2\/product_cat?post=38510"},{"taxonomy":"product_tag","embeddable":true,"href":"https:\/\/www.claret.cat\/es\/wp-json\/wp\/v2\/product_tag?post=38510"}],"curies":[{"name":"wp","href":"https:\/\/api.w.org\/{rel}","templated":true}]}}