{"id":385351,"date":"2023-02-08T18:20:04","date_gmt":"2023-02-08T17:20:04","guid":{"rendered":"https:\/\/www.claret.cat\/llibre\/historia-de-las-creencias-y-las-ideas-religiosas-i-9788449335983\/"},"modified":"2025-01-29T10:50:34","modified_gmt":"2025-01-29T09:50:34","slug":"historia-de-las-creencias-y-las-ideas-religiosas-i-9788449335983","status":"publish","type":"product","link":"https:\/\/www.claret.cat\/es\/libro\/historia-de-las-creencias-y-las-ideas-religiosas-i-9788449335983\/","title":{"rendered":"HISTORIA DE LAS CREENCIAS Y LAS IDEAS RELIGIOSAS I"},"content":{"rendered":"<p>La erudici\u00f3n, la fuerza intelectual y la capacidad para la s\u00edntesis de su autor dan como resultado una visi\u00f3n de las creencias religiosas que, seg\u00fan su propia f\u00f3rmula, arroja simult\u00e1neamente luz sobre \u00abla unidad fundamental de los fen\u00f3menos religiosos y la inabarcable variedad de sus expresiones\u00bb. <br \/> Este tomo conduce al lector desde las primeras manifestaciones m\u00e1gico-religiosas de los hombres y las mujeres prehist\u00f3ricos hasta la difusi\u00f3n del culto a Dionisos, pasando por las religiones de Mesopotamia y del antiguo Egipto, la de Israel, la de los indoeuropeos, las de la India antes de Buda, la griega y la iran\u00ed.<\/p>\n","protected":false},"excerpt":{"rendered":"<p>ELIADE, MIRCEA<\/p>\n","protected":false},"featured_media":385551,"template":"","meta":{"_acf_changed":false,"om_disable_all_campaigns":false,"rs_blank_template":"","rs_page_bg_color":"","slide_template_v7":"","inline_featured_image":false,"_monsterinsights_skip_tracking":false,"_monsterinsights_sitenote_active":false,"_monsterinsights_sitenote_note":"","_monsterinsights_sitenote_category":0},"product_brand":[],"product_cat":[345,79,544,94,84,350],"product_tag":[],"class_list":{"0":"post-385351","1":"product","2":"type-product","3":"status-publish","4":"has-post-thumbnail","6":"product_cat-espiritualidad","7":"product_cat-espiritualitat","8":"product_cat-religiones","9":"product_cat-religions","10":"product_cat-sociologia","11":"product_cat-sociologia-2_humanidades","13":"first","14":"instock","15":"taxable","16":"shipping-taxable","17":"purchasable","18":"product-type-simple"},"acf":{"editorial":[{"ID":6206,"post_author":"3","post_date":"2022-07-28 17:47:08","post_date_gmt":"2022-07-28 15:47:08","post_content":"","post_title":"Ediciones Paid\u00f3s","post_excerpt":"","post_status":"publish","comment_status":"closed","ping_status":"closed","post_password":"","post_name":"ediciones-paidos","to_ping":"","pinged":"","post_modified":"2022-07-28 17:47:08","post_modified_gmt":"2022-07-28 15:47:08","post_content_filtered":"","post_parent":0,"guid":"http:\/\/dev.claret.cat\/editorial\/ediciones-paidos\/","menu_order":0,"post_type":"editorial","post_mime_type":"","comment_count":"0","filter":"raw"}],"autores-libros":[{"ID":165189,"post_author":"3","post_date":"2022-10-14 17:53:08","post_date_gmt":"2022-10-14 15:53:08","post_content":"","post_title":"MIRCEA ELIADE","post_excerpt":"","post_status":"publish","comment_status":"closed","ping_status":"closed","post_password":"","post_name":"mircea-eliade","to_ping":"","pinged":"","post_modified":"2022-10-14 17:53:08","post_modified_gmt":"2022-10-14 15:53:08","post_content_filtered":"","post_parent":0,"guid":"http:\/\/dev.claret.cat\/autor\/mircea-eliade\/","menu_order":0,"post_type":"autor","post_mime_type":"","comment_count":"0","filter":"raw"}],"autor":"ELIADE, MIRCEA","codart":"844933598","libros-coleccion":"Contextos","ediciones":"1","encuadernacion":"R\u00fastica","fecha_de_publicacion":"01\/06\/2019","novedad":"1","paginas":"663","subtitulo":"DE LA EDAD DE PIEDRA A LOS MISTERIOS DE ELEUSIS","orden":"0","portada":"0","idioma":"spa"},"aioseo_notices":[],"_links":{"self":[{"href":"https:\/\/www.claret.cat\/es\/wp-json\/wp\/v2\/product\/385351","targetHints":{"allow":["GET"]}}],"collection":[{"href":"https:\/\/www.claret.cat\/es\/wp-json\/wp\/v2\/product"}],"about":[{"href":"https:\/\/www.claret.cat\/es\/wp-json\/wp\/v2\/types\/product"}],"wp:featuredmedia":[{"embeddable":true,"href":"https:\/\/www.claret.cat\/es\/wp-json\/wp\/v2\/media\/385551"}],"wp:attachment":[{"href":"https:\/\/www.claret.cat\/es\/wp-json\/wp\/v2\/media?parent=385351"}],"wp:term":[{"taxonomy":"product_brand","embeddable":true,"href":"https:\/\/www.claret.cat\/es\/wp-json\/wp\/v2\/product_brand?post=385351"},{"taxonomy":"product_cat","embeddable":true,"href":"https:\/\/www.claret.cat\/es\/wp-json\/wp\/v2\/product_cat?post=385351"},{"taxonomy":"product_tag","embeddable":true,"href":"https:\/\/www.claret.cat\/es\/wp-json\/wp\/v2\/product_tag?post=385351"}],"curies":[{"name":"wp","href":"https:\/\/api.w.org\/{rel}","templated":true}]}}