{"id":385446,"date":"2023-02-08T19:14:22","date_gmt":"2023-02-08T18:14:22","guid":{"rendered":"https:\/\/www.claret.cat\/llibre\/among-us-elige-tu-aventura-2-9788408267003\/"},"modified":"2023-10-06T06:04:14","modified_gmt":"2023-10-06T04:04:14","slug":"among-us-elige-tu-aventura-2-9788408267003","status":"publish","type":"product","link":"https:\/\/www.claret.cat\/es\/libro\/among-us-elige-tu-aventura-2-9788408267003\/","title":{"rendered":"AMONG US. ELIGE TU AVENTURA 2"},"content":{"rendered":"<p>Tras graduarte en la prestigiosa Academia Among Us, tambi\u00e9n conocida como AAU, te encuentras en el Audaz, un avi\u00f3n dotado de la tecnolog\u00eda m\u00e1s puntera. T\u00fa a\u00fan eres un novato y tendr\u00e1s que aprender a dominar las tareas que te esperan. \u00a1Pero ve con cuidado! Algunos tripulantes son impostores y su objetivo es sabotear la misi\u00f3n. Y t\u00fa, \u00bfqui\u00e9n eres realmente?<br \/> ESCOGE ENTRE 3 PERSONAJES Y VIVE TU PROPIA AVENTURA COMO TRIPULANTE\u2026 \u00a1O COMO IMPOSTOR!<\/p>\n","protected":false},"excerpt":{"rendered":"<p>GRYNSZPAN, EVA<\/p>\n","protected":false},"featured_media":385449,"template":"","meta":{"_acf_changed":false,"om_disable_all_campaigns":false,"rs_blank_template":"","rs_page_bg_color":"","slide_template_v7":"","inline_featured_image":false,"_monsterinsights_skip_tracking":false,"_monsterinsights_sitenote_active":false,"_monsterinsights_sitenote_note":"","_monsterinsights_sitenote_category":0},"product_brand":[],"product_cat":[362],"product_tag":[],"class_list":{"0":"post-385446","1":"product","2":"type-product","3":"status-publish","4":"has-post-thumbnail","6":"product_cat-libros-preadolescentes-6-12-anos","8":"first","9":"instock","10":"taxable","11":"shipping-taxable","12":"purchasable","13":"product-type-simple"},"acf":{"editorial":[{"ID":6233,"post_author":"3","post_date":"2022-07-28 17:47:48","post_date_gmt":"2022-07-28 15:47:48","post_content":"","post_title":"EDITORIAL PLANETA","post_excerpt":"","post_status":"publish","comment_status":"closed","ping_status":"closed","post_password":"","post_name":"editorial-planeta","to_ping":"","pinged":"","post_modified":"2022-07-28 17:47:48","post_modified_gmt":"2022-07-28 15:47:48","post_content_filtered":"","post_parent":0,"guid":"http:\/\/dev.claret.cat\/editorial\/editorial-planeta\/","menu_order":0,"post_type":"editorial","post_mime_type":"","comment_count":"0","filter":"raw"}],"autores-libros":[{"ID":385445,"post_author":"3","post_date":"2023-02-08 19:14:21","post_date_gmt":"2023-02-08 18:14:21","post_content":"","post_title":"EVA GRYNSZPAN","post_excerpt":"","post_status":"publish","comment_status":"closed","ping_status":"closed","post_password":"","post_name":"eva-grynszpan-2","to_ping":"","pinged":"","post_modified":"2023-02-08 19:14:21","post_modified_gmt":"2023-02-08 18:14:21","post_content_filtered":"","post_parent":0,"guid":"https:\/\/www.claret.cat\/autor\/eva-grynszpan-2\/","menu_order":0,"post_type":"autor","post_mime_type":"","comment_count":"0","filter":"raw"}],"autor":"GRYNSZPAN, EVA","codart":"840826700","libros-coleccion":"Libros basados en juegos","ediciones":"1","encuadernacion":"R\u00fastica","fecha_de_publicacion":"01\/02\/2023","novedad":"1","paginas":"101","subtitulo":"LA ACADEMIA DE H\u00c9ROES... Y DE IMPOSTORES","orden":"0","portada":"0","idioma":"spa"},"aioseo_notices":[],"_links":{"self":[{"href":"https:\/\/www.claret.cat\/es\/wp-json\/wp\/v2\/product\/385446","targetHints":{"allow":["GET"]}}],"collection":[{"href":"https:\/\/www.claret.cat\/es\/wp-json\/wp\/v2\/product"}],"about":[{"href":"https:\/\/www.claret.cat\/es\/wp-json\/wp\/v2\/types\/product"}],"wp:featuredmedia":[{"embeddable":true,"href":"https:\/\/www.claret.cat\/es\/wp-json\/wp\/v2\/media\/385449"}],"wp:attachment":[{"href":"https:\/\/www.claret.cat\/es\/wp-json\/wp\/v2\/media?parent=385446"}],"wp:term":[{"taxonomy":"product_brand","embeddable":true,"href":"https:\/\/www.claret.cat\/es\/wp-json\/wp\/v2\/product_brand?post=385446"},{"taxonomy":"product_cat","embeddable":true,"href":"https:\/\/www.claret.cat\/es\/wp-json\/wp\/v2\/product_cat?post=385446"},{"taxonomy":"product_tag","embeddable":true,"href":"https:\/\/www.claret.cat\/es\/wp-json\/wp\/v2\/product_tag?post=385446"}],"curies":[{"name":"wp","href":"https:\/\/api.w.org\/{rel}","templated":true}]}}