{"id":385771,"date":"2023-02-09T13:12:20","date_gmt":"2023-02-09T12:12:20","guid":{"rendered":"https:\/\/www.claret.cat\/llibre\/exposicion-del-evangelio-segun-lucas-bpa-124-9788497155489\/"},"modified":"2024-05-22T22:46:24","modified_gmt":"2024-05-22T20:46:24","slug":"exposicion-del-evangelio-segun-lucas-bpa-124-9788497155489","status":"publish","type":"product","link":"https:\/\/www.claret.cat\/es\/libro\/exposicion-del-evangelio-segun-lucas-bpa-124-9788497155489\/","title":{"rendered":"EXPOSICI\u00d3N DEL EVANGELIO SEG\u00daN LUCAS [BPa 124]"},"content":{"rendered":"<p>Dentro de la m\u00faltiple obra exeg\u00e9tica de Ambrosio, esta explicaci\u00f3n es la \u00fanica dedicada a un libro del Nuevo Testamento. Este singular dato merece una especial atenci\u00f3n: \u00bfpor qu\u00e9 el Evangelio de san Lucas y por qu\u00e9 solo de \u00e9l? M\u00e1s si se tiene en cuenta que estamos ante el libro m\u00e1s extenso de toda su producci\u00f3n literaria, junto al que se ocupa del salmo 118, y, sin duda, el de m\u00e1s envergadura teol\u00f3gica.<br \/> El autor se siente atra\u00eddo por la formaci\u00f3n culta y el car\u00e1cter sereno y comprensivo del evangelista hacia quienes no aceptan la fe, al igual que por la imagen de Cristo que trasmite, inclinado a la misericordia hacia quienes sufren todo tipo de problemas o enfermedades. El texto de Lucas es el m\u00e1s af\u00edn a la dimensi\u00f3n moral que el obispo pretende imprimir a sus comentarios de la Sagrada Escritura, tanto del Antiguo como del Nuevo Testamento.<br \/> Se basa en homil\u00edas, escrupulosamente revisadas por el autor antes de hacerlas p\u00fablicas, que no han perdido la frescura de su atractiva piedad. Se mantiene sin discusi\u00f3n la tesis de que es fruto de la dilatada labor de predicaci\u00f3n a lo largo de sus 23 a\u00f1os de pontificado (374-397).<br \/> La dependencia de Or\u00edgenes es muy grande en los dos primeros libros de la obra, dedicados a la infancia de Jes\u00fas. Para el resto de la obra cuenta con las Cuestiones evang\u00e9licas de Eusebio de Cesarea y con el Comentario al Evangelio de Mateo de Hilario de Poitiers.<br \/> Esta obra es traducida por primera vez al castellano.<\/p>\n","protected":false},"excerpt":{"rendered":"<p>MIL\u00c1N, AMBROSIO DE<\/p>\n","protected":false},"featured_media":386803,"template":"","meta":{"_acf_changed":false,"om_disable_all_campaigns":false,"rs_blank_template":"","rs_page_bg_color":"","slide_template_v7":"","inline_featured_image":false,"_monsterinsights_skip_tracking":false,"_monsterinsights_sitenote_active":false,"_monsterinsights_sitenote_note":"","_monsterinsights_sitenote_category":0},"product_brand":[],"product_cat":[510,280,464,203],"product_tag":[],"class_list":{"0":"post-385771","1":"product","2":"type-product","3":"status-publish","4":"has-post-thumbnail","6":"product_cat-patrologia-teologia-1_espiritualidad","7":"product_cat-patrologia","8":"product_cat-sinopticos","9":"product_cat-sinoptics","11":"first","12":"instock","13":"taxable","14":"shipping-taxable","15":"purchasable","16":"product-type-simple"},"acf":{"autor":"MIL\u00c1N, AMBROSIO DE","codart":"849715548","libros-coleccion":"Biblioteca de Patr\u00edstica","ediciones":"1","encuadernacion":"R\u00fastica","fecha_de_publicacion":"08\/02\/2023","novedad":"1","paginas":"736","subtitulo":"","orden":"0","portada":"0","idioma":"spa","editorial":[{"ID":6157,"post_author":"3","post_date":"2022-07-28 17:46:07","post_date_gmt":"2022-07-28 15:46:07","post_content":"","post_title":"Ciudad Nueva","post_excerpt":"","post_status":"publish","comment_status":"closed","ping_status":"closed","post_password":"","post_name":"ciudad-nueva","to_ping":"","pinged":"","post_modified":"2022-07-28 17:46:07","post_modified_gmt":"2022-07-28 15:46:07","post_content_filtered":"","post_parent":0,"guid":"http:\/\/dev.claret.cat\/editorial\/ciudad-nueva\/","menu_order":0,"post_type":"editorial","post_mime_type":"","comment_count":"0","filter":"raw"}],"autores-libros":[{"ID":149995,"post_author":"3","post_date":"2022-10-14 14:29:23","post_date_gmt":"2022-10-14 12:29:23","post_content":"","post_title":"AMBROSIO DE MIL\u00c1N","post_excerpt":"","post_status":"publish","comment_status":"closed","ping_status":"closed","post_password":"","post_name":"ambrosio-de-milan","to_ping":"","pinged":"","post_modified":"2022-10-14 14:29:23","post_modified_gmt":"2022-10-14 12:29:23","post_content_filtered":"","post_parent":0,"guid":"http:\/\/dev.claret.cat\/autor\/ambrosio-de-milan\/","menu_order":0,"post_type":"autor","post_mime_type":"","comment_count":"0","filter":"raw"}]},"aioseo_notices":[],"_links":{"self":[{"href":"https:\/\/www.claret.cat\/es\/wp-json\/wp\/v2\/product\/385771","targetHints":{"allow":["GET"]}}],"collection":[{"href":"https:\/\/www.claret.cat\/es\/wp-json\/wp\/v2\/product"}],"about":[{"href":"https:\/\/www.claret.cat\/es\/wp-json\/wp\/v2\/types\/product"}],"wp:featuredmedia":[{"embeddable":true,"href":"https:\/\/www.claret.cat\/es\/wp-json\/wp\/v2\/media\/386803"}],"wp:attachment":[{"href":"https:\/\/www.claret.cat\/es\/wp-json\/wp\/v2\/media?parent=385771"}],"wp:term":[{"taxonomy":"product_brand","embeddable":true,"href":"https:\/\/www.claret.cat\/es\/wp-json\/wp\/v2\/product_brand?post=385771"},{"taxonomy":"product_cat","embeddable":true,"href":"https:\/\/www.claret.cat\/es\/wp-json\/wp\/v2\/product_cat?post=385771"},{"taxonomy":"product_tag","embeddable":true,"href":"https:\/\/www.claret.cat\/es\/wp-json\/wp\/v2\/product_tag?post=385771"}],"curies":[{"name":"wp","href":"https:\/\/api.w.org\/{rel}","templated":true}]}}