{"id":385774,"date":"2023-02-09T13:12:39","date_gmt":"2023-02-09T12:12:39","guid":{"rendered":"https:\/\/www.claret.cat\/llibre\/los-santos-del-lunes-9788497155496\/"},"modified":"2026-02-26T11:20:31","modified_gmt":"2026-02-26T10:20:31","slug":"los-santos-del-lunes-9788497155496","status":"publish","type":"product","link":"https:\/\/www.claret.cat\/es\/libro\/los-santos-del-lunes-9788497155496\/","title":{"rendered":"LOS SANTOS DEL LUNES"},"content":{"rendered":"<p>El t\u00edtulo hace referencia a una respuesta que, al parecer, dio Chesterton cuando le pre-guntaron a qu\u00e9 santos ten\u00eda m\u00e1s devoci\u00f3n; \u00e9l aclar\u00f3: aquellos que todos los lunes se le-vantan temprano para coger el tren e ir al trabajo, vuelven a su casa todas las tardes tras haberse ganado el sustento de su familia y hacen lo mismo el resto de los d\u00edas de la se-mana.<\/p>\n<p> \u00abNo lo olvidemos nunca. No son nuestros talentos, nuestros m\u00e9ritos los que est\u00e1n en el centro, sino el amor incondicional y gratuito de Dios. En el origen de nuestro ser cristia-nos no est\u00e1n las doctrinas y las obras, sino el asombro de descubrirnos amados, antes de cualquier respuesta que podamos dar. Mientras que el mundo quiere convencernos de que solo valemos si producimos resultados, el Evangelio nos recuerda la verdad de la vida: \u00c9l nos am\u00f3 primero, \u00c9l nos esper\u00f3, nos ama y sigue am\u00e1ndonos. Esta es nuestra identidad: somos amados por Dios. Esta es nuestra fuerza: somos amados por Dios. <br \/> \u00bbEsta verdad nos pide una conversi\u00f3n en relaci\u00f3n con la idea que a menudo tenemos sobre la santidad. A veces, insistiendo demasiado en nuestro esfuerzo por realizar obras buenas, hemos erigido un ideal de santidad basado excesivamente en nosotros mismos, en el hero\u00edsmo personal, en la capacidad de sacrificarse para conquistar un premio. De ese modo hemos hecho de la santidad una meta inalcanzable, la hemos separado de la vida de todos los d\u00edas, en vez de buscarla y abrazarla en la cotidianidad, en el polvo del camino, en los afanes de la vida concreta y, como dec\u00eda Teresa de \u00c1vila a sus hermanas, \u201centre los pucheros de la cocina\u201d\u00bb (Papa Francisco).<\/p>\n<p> Texto abreviado (publicidad)<\/p>\n<p> El t\u00edtulo hace referencia a Chesterton: al parecer, cuando le preguntaron a qu\u00e9 santos ten\u00eda m\u00e1s devoci\u00f3n, aclar\u00f3 que son aquellos que todos los lunes se levantan temprano para ir al trabajo, vuelven a su casa por la tarde tras haberse ganado el sustento de su familia y hacen lo mismo el resto de los d\u00edas de la semana.<br \/> \u00abNo lo olvidemos nunca. No son nuestros talentos y m\u00e9ritos los que est\u00e1n en el centro, sino el amor incondicional y gratuito de Dios. El mundo quiere convencernos de que solo valemos si producimos resultados, pero el Evangelio nos recuerda la verdad de la vida: somos amados por Dios. A veces, insistiendo demasiado en nuestro esfuerzo por realizar obras buenas, hemos erigido un ideal de santidad basado en nosotros mismos\u2026 Hemos hecho de la santidad una meta inalcanzable, la hemos separado de la vida de todos los d\u00edas, en vez de buscarla y abrazarla en la cotidianidad\u00bb (Papa Francisco).<\/p>\n","protected":false},"excerpt":{"rendered":"<p>ROSS\u00c9, G\u00c9RARD;  BRAZ DE AVIZ, JOAO<\/p>\n","protected":false},"featured_media":1086543,"template":"","meta":{"_acf_changed":false,"om_disable_all_campaigns":false,"rs_blank_template":"","rs_page_bg_color":"","slide_template_v7":"","inline_featured_image":false,"_monsterinsights_skip_tracking":false,"_monsterinsights_sitenote_active":false,"_monsterinsights_sitenote_note":"","_monsterinsights_sitenote_category":0},"product_brand":[],"product_cat":[485,232,545,95],"product_tag":[],"class_list":{"0":"post-385774","1":"product","2":"type-product","3":"status-publish","4":"has-post-thumbnail","6":"product_cat-autores-espiritualidad-1_espiritualidad","7":"product_cat-autors-espiritualitat","8":"product_cat-santoral-1_espiritualidad-spa","9":"product_cat-santoral","11":"first","12":"instock","13":"taxable","14":"shipping-taxable","15":"purchasable","16":"product-type-simple"},"acf":{"autor":"ROSS\u00c9, G\u00c9RARD;  BRAZ DE AVIZ, JOAO","codart":"849715549","libros-coleccion":"Ekklesia - senderos de comuni\u00f3n","ediciones":"1","encuadernacion":"R\u00fastica","fecha_de_publicacion":"08\/02\/2023","novedad":"1","paginas":"154","subtitulo":"","orden":"0","portada":"0","idioma":"spa","editorial":[{"ID":6157,"post_author":"3","post_date":"2022-07-28 17:46:07","post_date_gmt":"2022-07-28 15:46:07","post_content":"","post_title":"Ciudad Nueva","post_excerpt":"","post_status":"publish","comment_status":"closed","ping_status":"closed","post_password":"","post_name":"ciudad-nueva","to_ping":"","pinged":"","post_modified":"2022-07-28 17:46:07","post_modified_gmt":"2022-07-28 15:46:07","post_content_filtered":"","post_parent":0,"guid":"http:\/\/dev.claret.cat\/editorial\/ciudad-nueva\/","menu_order":0,"post_type":"editorial","post_mime_type":"","comment_count":"0","filter":"raw"}],"autores-libros":[{"ID":353065,"post_author":"3","post_date":"2023-01-14 14:00:00","post_date_gmt":"2023-01-14 13:00:00","post_content":"","post_title":"JO\u00c2O BRAZ DE AVIZ","post_excerpt":"","post_status":"publish","comment_status":"closed","ping_status":"closed","post_password":"","post_name":"joao-braz-de-aviz","to_ping":"","pinged":"","post_modified":"2023-01-14 14:00:00","post_modified_gmt":"2023-01-14 13:00:00","post_content_filtered":"","post_parent":0,"guid":"https:\/\/www.claret.cat\/autor\/joao-braz-de-aviz\/","menu_order":0,"post_type":"autor","post_mime_type":"","comment_count":"0","filter":"raw"},{"ID":363913,"post_author":"3","post_date":"2023-01-15 12:59:38","post_date_gmt":"2023-01-15 11:59:38","post_content":"","post_title":"GERARD ROSSE","post_excerpt":"","post_status":"publish","comment_status":"closed","ping_status":"closed","post_password":"","post_name":"gerard-rosse","to_ping":"","pinged":"","post_modified":"2023-01-15 12:59:38","post_modified_gmt":"2023-01-15 11:59:38","post_content_filtered":"","post_parent":0,"guid":"https:\/\/www.claret.cat\/autor\/gerard-rosse\/","menu_order":0,"post_type":"autor","post_mime_type":"","comment_count":"0","filter":"raw"}],"booktrailer":"","resenas":""},"aioseo_notices":[],"_links":{"self":[{"href":"https:\/\/www.claret.cat\/es\/wp-json\/wp\/v2\/product\/385774","targetHints":{"allow":["GET"]}}],"collection":[{"href":"https:\/\/www.claret.cat\/es\/wp-json\/wp\/v2\/product"}],"about":[{"href":"https:\/\/www.claret.cat\/es\/wp-json\/wp\/v2\/types\/product"}],"wp:featuredmedia":[{"embeddable":true,"href":"https:\/\/www.claret.cat\/es\/wp-json\/wp\/v2\/media\/1086543"}],"wp:attachment":[{"href":"https:\/\/www.claret.cat\/es\/wp-json\/wp\/v2\/media?parent=385774"}],"wp:term":[{"taxonomy":"product_brand","embeddable":true,"href":"https:\/\/www.claret.cat\/es\/wp-json\/wp\/v2\/product_brand?post=385774"},{"taxonomy":"product_cat","embeddable":true,"href":"https:\/\/www.claret.cat\/es\/wp-json\/wp\/v2\/product_cat?post=385774"},{"taxonomy":"product_tag","embeddable":true,"href":"https:\/\/www.claret.cat\/es\/wp-json\/wp\/v2\/product_tag?post=385774"}],"curies":[{"name":"wp","href":"https:\/\/api.w.org\/{rel}","templated":true}]}}