{"id":385911,"date":"2023-02-09T18:33:34","date_gmt":"2023-02-09T17:33:34","guid":{"rendered":"https:\/\/www.claret.cat\/llibre\/cd-abrazada-de-su-gloria-9785383691076\/"},"modified":"2023-10-06T05:52:52","modified_gmt":"2023-10-06T03:52:52","slug":"cd-abrazada-de-su-gloria-9785383691076","status":"publish","type":"product","link":"https:\/\/www.claret.cat\/es\/libro\/cd-abrazada-de-su-gloria-9785383691076\/","title":{"rendered":"CD- ABRAZADA DE SU GLORIA"},"content":{"rendered":"<p>La familia Roca Cruz (o Roca Cruz family) est\u00e1 formada por nueve artistas cristianos de la Renovaci\u00f3n Carism\u00e1tica Cat\u00f3lica de Espa\u00f1a. Sus canciones est\u00e1n compuestas por Rosa, la madre de la casa, y cada uno aporta sus talentos cultivados a lo largo de a\u00f1os de estudio musical y de ballet. Sus edades van desde los 10 hasta los 26 a\u00f1os. Entre ellos hay un percusionista y una bailarina de ballet profesionales, y los dem\u00e1s son estudiantes de flauta travesera, viol\u00edn y cello, diferentes estilos de danza, canto e interpretaci\u00f3n. Habitualmente comparten sus carismas en parroquias, en conciertos, en encuentros y retiros. Han nacido y crecido en comunidades cristianas y lo que mueve su coraz\u00f3n es que su m\u00fasica conmueva el alma de quien la escucha y ayude a que nos encontremos con Jes\u00fas vivo. Para ellos la m\u00fasica es oraci\u00f3n, alabanza y adoraci\u00f3n. A menudo ven c\u00f3mo a trav\u00e9s de una canci\u00f3n puede cambiar una vida o ser curada una enfermedad, solo es necesario abrir el coraz\u00f3n al amor y la misericordia de Dios. Con cari\u00f1o te comparten su m\u00fasica y rezan por todos aquellos que la van a escuchar. TRACKLIST 01 Anhelo el Cielo 02 Pongo mi confianza en Ti 03 \u00a1Lev\u00e1ntate y anda! 04 Te adoro, Esp\u00edritu de Dios 05 Lo m\u00e1s valioso 06 S\u00e1name ahora 07 Cuida de m\u00ed 08 Espera, Israel 09 Inmaculada concepci\u00f3n 10 Al nombre de Jes\u00fas 11 Coraz\u00f3n de Juan 12 Amante de mi alma<\/p>\n","protected":false},"excerpt":{"rendered":"<p>FAMILIA ROCA CRUZ  (CANCIONES DE ROSA CRUZ)<\/p>\n","protected":false},"featured_media":385912,"template":"","meta":{"_acf_changed":false,"om_disable_all_campaigns":false,"rs_blank_template":"","rs_page_bg_color":"","slide_template_v7":"","inline_featured_image":false,"_monsterinsights_skip_tracking":false,"_monsterinsights_sitenote_active":false,"_monsterinsights_sitenote_note":"","_monsterinsights_sitenote_category":0},"product_brand":[],"product_cat":[525],"product_tag":[],"class_list":{"0":"post-385911","1":"product","2":"type-product","3":"status-publish","4":"has-post-thumbnail","6":"product_cat-cd-musica-religiosa-multimedia-5_otras","8":"first","9":"instock","10":"taxable","11":"shipping-taxable","12":"purchasable","13":"product-type-simple"},"acf":{"autor":"FAMILIA ROCA CRUZ  (CANCIONES DE ROSA CRUZ)","codart":"538369107","libros-coleccion":"","ediciones":"1","encuadernacion":"R\u00fastica","fecha_de_publicacion":"09\/02\/2023","novedad":"1","paginas":"1","subtitulo":"","orden":"0","portada":"0","idioma":"spa","editorial":[{"ID":148788,"post_author":"3","post_date":"2022-10-14 12:00:59","post_date_gmt":"2022-10-14 10:00:59","post_content":"","post_title":"SANTAF\u00c9 PRODUCCIONES ARTISTICAS","post_excerpt":"","post_status":"publish","comment_status":"closed","ping_status":"closed","post_password":"","post_name":"santafe-producciones-artisticas","to_ping":"","pinged":"","post_modified":"2022-10-14 12:00:59","post_modified_gmt":"2022-10-14 10:00:59","post_content_filtered":"","post_parent":0,"guid":"http:\/\/dev.claret.cat\/editorial\/santafe-producciones-artisticas\/","menu_order":0,"post_type":"editorial","post_mime_type":"","comment_count":"0","filter":"raw"}],"autores-libros":[{"ID":385910,"post_author":"3","post_date":"2023-02-09 18:33:33","post_date_gmt":"2023-02-09 17:33:33","post_content":"","post_title":"FAMILIA ROCA CRUZ  (CANCIONES DE ROSA CRUZ)","post_excerpt":"","post_status":"publish","comment_status":"closed","ping_status":"closed","post_password":"","post_name":"familia-roca-cruz-canciones-de-rosa-cruz-4","to_ping":"","pinged":"","post_modified":"2023-02-09 18:33:33","post_modified_gmt":"2023-02-09 17:33:33","post_content_filtered":"","post_parent":0,"guid":"https:\/\/www.claret.cat\/autor\/familia-roca-cruz-canciones-de-rosa-cruz-4\/","menu_order":0,"post_type":"autor","post_mime_type":"","comment_count":"0","filter":"raw"}]},"aioseo_notices":[],"_links":{"self":[{"href":"https:\/\/www.claret.cat\/es\/wp-json\/wp\/v2\/product\/385911","targetHints":{"allow":["GET"]}}],"collection":[{"href":"https:\/\/www.claret.cat\/es\/wp-json\/wp\/v2\/product"}],"about":[{"href":"https:\/\/www.claret.cat\/es\/wp-json\/wp\/v2\/types\/product"}],"wp:featuredmedia":[{"embeddable":true,"href":"https:\/\/www.claret.cat\/es\/wp-json\/wp\/v2\/media\/385912"}],"wp:attachment":[{"href":"https:\/\/www.claret.cat\/es\/wp-json\/wp\/v2\/media?parent=385911"}],"wp:term":[{"taxonomy":"product_brand","embeddable":true,"href":"https:\/\/www.claret.cat\/es\/wp-json\/wp\/v2\/product_brand?post=385911"},{"taxonomy":"product_cat","embeddable":true,"href":"https:\/\/www.claret.cat\/es\/wp-json\/wp\/v2\/product_cat?post=385911"},{"taxonomy":"product_tag","embeddable":true,"href":"https:\/\/www.claret.cat\/es\/wp-json\/wp\/v2\/product_tag?post=385911"}],"curies":[{"name":"wp","href":"https:\/\/api.w.org\/{rel}","templated":true}]}}