{"id":386190,"date":"2023-02-10T13:33:21","date_gmt":"2023-02-10T12:33:21","guid":{"rendered":"https:\/\/www.claret.cat\/llibre\/la-guerra-en-la-historia-9788419440341\/"},"modified":"2023-10-06T06:37:23","modified_gmt":"2023-10-06T04:37:23","slug":"la-guerra-en-la-historia-9788419440341","status":"publish","type":"product","link":"https:\/\/www.claret.cat\/es\/libro\/la-guerra-en-la-historia-9788419440341\/","title":{"rendered":"LA GUERRA EN LA HISTORIA"},"content":{"rendered":"<p>La guerra es la actividad m\u00e1s aborrecible de la humanidad y nace casi con ella, es la tarea a la que las personas han dedicado m\u00e1s tiempo, recursos y esfuerzos, que muy bien se podr\u00edan haber empleado en otros menesteres. \u00bfQu\u00e9 motivos nos impulsan a esa vor\u00e1gine de destrucci\u00f3n?<br \/> Este libro analiza las causas de las guerras y su influencia en la historia, c\u00f3mo la violencia, la devastaci\u00f3n y el sufrimiento, probablemente m\u00e1s que cualquier otra cosa, han ido modelando a personas, sociedades y Estados.<br \/> A lo largo de estas p\u00e1ginas revisaremos los conflictos clave de la humanidad y sus consecuencias, los generales que participaron en ellos, las batallas decisivas que cambiaron la historia, y estudiaremos algunos ej\u00e9rcitos que se han convertido en m\u00edticos.<br \/> Hay otra pregunta que entra dentro de la fabulaci\u00f3n, \u00bfqu\u00e9 hubiera pasado si&#8230;? En este caso, si el resultado de la guerra hubiera sido el contrario: que el derrotado hubiera resultado el vencedor. \u00bfC\u00f3mo ser\u00eda el mundo? <br \/> Por \u00faltimo, otra gran inc\u00f3gnita: \u00bfde verdad est\u00e1 justificado en alguna ocasi\u00f3n ir a la guerra?<br \/> Debemos hacernos estas preguntas, ya que no tenemos la seguridad absoluta de que no nos toque vivir una guerra y no parece mala idea conocerla, saber lo que supone o qu\u00e9 consecuencias puede acarrear. <br \/> La historia es la que es y no podemos cambiarla, pero su conocimiento nos permitir\u00e1 no cometer los mismos errores de nuestros antepasados y tal vez as\u00ed logremos hacer del mundo algo m\u00e1s habitable.<\/p>\n","protected":false},"excerpt":{"rendered":"<p>GAL\u00c1N TORRES, JUAN BTA. MANUEL<\/p>\n","protected":false},"featured_media":388735,"template":"","meta":{"_acf_changed":false,"om_disable_all_campaigns":false,"rs_blank_template":"","rs_page_bg_color":"","slide_template_v7":"","inline_featured_image":false,"_monsterinsights_skip_tracking":false,"_monsterinsights_sitenote_active":false,"_monsterinsights_sitenote_note":"","_monsterinsights_sitenote_category":0},"product_brand":[],"product_cat":[370],"product_tag":[],"class_list":{"0":"post-386190","1":"product","2":"type-product","3":"status-publish","4":"has-post-thumbnail","6":"product_cat-investigacion-y-corrientes","8":"first","9":"instock","10":"taxable","11":"shipping-taxable","12":"purchasable","13":"product-type-simple"},"acf":{"autor":"GAL\u00c1N TORRES, JUAN BTA. MANUEL","codart":"841944034","libros-coleccion":"Ensayo","ediciones":"1","encuadernacion":"R\u00fastica","fecha_de_publicacion":"01\/01\/2023","novedad":"1","paginas":"488","subtitulo":"","orden":"0","portada":"0","idioma":"spa","editorial":[{"ID":148590,"post_author":"3","post_date":"2022-10-14 11:59:26","post_date_gmt":"2022-10-14 09:59:26","post_content":"","post_title":"Npq Editores","post_excerpt":"","post_status":"publish","comment_status":"closed","ping_status":"closed","post_password":"","post_name":"npq-editores","to_ping":"","pinged":"","post_modified":"2022-10-14 11:59:26","post_modified_gmt":"2022-10-14 09:59:26","post_content_filtered":"","post_parent":0,"guid":"http:\/\/dev.claret.cat\/editorial\/npq-editores\/","menu_order":0,"post_type":"editorial","post_mime_type":"","comment_count":"0","filter":"raw"}],"autores-libros":[{"ID":386189,"post_author":"3","post_date":"2023-02-10 13:33:20","post_date_gmt":"2023-02-10 12:33:20","post_content":"","post_title":"JUAN BTA. MANUEL GAL\u00c1N TORRES","post_excerpt":"","post_status":"publish","comment_status":"closed","ping_status":"closed","post_password":"","post_name":"juan-bta-manuel-galan-torres","to_ping":"","pinged":"","post_modified":"2023-02-10 13:33:20","post_modified_gmt":"2023-02-10 12:33:20","post_content_filtered":"","post_parent":0,"guid":"https:\/\/www.claret.cat\/autor\/juan-bta-manuel-galan-torres\/","menu_order":0,"post_type":"autor","post_mime_type":"","comment_count":"0","filter":"raw"}]},"aioseo_notices":[],"_links":{"self":[{"href":"https:\/\/www.claret.cat\/es\/wp-json\/wp\/v2\/product\/386190","targetHints":{"allow":["GET"]}}],"collection":[{"href":"https:\/\/www.claret.cat\/es\/wp-json\/wp\/v2\/product"}],"about":[{"href":"https:\/\/www.claret.cat\/es\/wp-json\/wp\/v2\/types\/product"}],"wp:featuredmedia":[{"embeddable":true,"href":"https:\/\/www.claret.cat\/es\/wp-json\/wp\/v2\/media\/388735"}],"wp:attachment":[{"href":"https:\/\/www.claret.cat\/es\/wp-json\/wp\/v2\/media?parent=386190"}],"wp:term":[{"taxonomy":"product_brand","embeddable":true,"href":"https:\/\/www.claret.cat\/es\/wp-json\/wp\/v2\/product_brand?post=386190"},{"taxonomy":"product_cat","embeddable":true,"href":"https:\/\/www.claret.cat\/es\/wp-json\/wp\/v2\/product_cat?post=386190"},{"taxonomy":"product_tag","embeddable":true,"href":"https:\/\/www.claret.cat\/es\/wp-json\/wp\/v2\/product_tag?post=386190"}],"curies":[{"name":"wp","href":"https:\/\/api.w.org\/{rel}","templated":true}]}}