{"id":38655,"date":"2022-10-02T18:54:53","date_gmt":"2022-10-02T16:54:53","guid":{"rendered":"http:\/\/dev.claret.cat\/producte\/la-lista-de-la-suerte\/"},"modified":"2023-10-06T09:28:37","modified_gmt":"2023-10-06T07:28:37","slug":"la-lista-de-la-suerte-9788418050046","status":"publish","type":"product","link":"https:\/\/www.claret.cat\/es\/libro\/la-lista-de-la-suerte-9788418050046\/","title":{"rendered":"LA LISTA DE LA SUERTE"},"content":{"rendered":"<p>Llega, por fin, la nueva novela de la exitosa autora de A dos metros de ti y Todo este tiempo. Una historia de esperanza, superaci\u00f3n y segundas oportunidades. Emily y su madre siempre ten\u00edan suerte, hasta que se les acab\u00f3: hace  tres a\u00f1os que su madre muri\u00f3 de c\u00e1ncer y nada ha ido bien desde entonces. Todo cambia cuando Emily encuentra la lista de deseos para el verano que  su madre escribi\u00f3 cuando ten\u00eda su edad, y emprende un viaje para marcar  cada casilla y enfrentarse al miedo de perder la conexi\u00f3n con su madre.  Pero la lista le acerca cada vez m\u00e1s a su nueva amiga Blake&#8230; de maneras que su madre quiz\u00e1 no podr\u00eda entender. \u00bfY si el amor fuera cuesti\u00f3n de suerte?<\/p>\n","protected":false},"excerpt":{"rendered":"<p>LIPPINCOTT, RACHAEL<\/p>\n","protected":false},"featured_media":55637,"template":"","meta":{"_acf_changed":false,"om_disable_all_campaigns":false,"rs_blank_template":"","rs_page_bg_color":"","slide_template_v7":"","inline_featured_image":false,"_monsterinsights_skip_tracking":false,"_monsterinsights_sitenote_active":false,"_monsterinsights_sitenote_note":"","_monsterinsights_sitenote_category":0},"product_brand":[],"product_cat":[566,363],"product_tag":[],"class_list":{"0":"post-38655","1":"product","2":"type-product","3":"status-publish","4":"has-post-thumbnail","6":"product_cat-juvenil-3_infantil-juvenil-spa-spa","7":"product_cat-lecturas-por-adolescentes-12-18-anos","9":"first","10":"instock","11":"taxable","12":"shipping-taxable","13":"purchasable","14":"product-type-simple"},"acf":{"autor":"LIPPINCOTT, RACHAEL","codart":"841805004","libros-coleccion":"NUBE DE TINTA","ediciones":"1","encuadernacion":"R\u00fastica","fecha_de_publicacion":"01\/04\/2022","novedad":"1","paginas":"288","subtitulo":"","orden":"0","portada":"0","idioma":"spa","editorial":[{"ID":148591,"post_author":"3","post_date":"2022-10-14 11:59:26","post_date_gmt":"2022-10-14 09:59:26","post_content":"","post_title":"NUBE DE TINTA","post_excerpt":"","post_status":"publish","comment_status":"closed","ping_status":"closed","post_password":"","post_name":"nube-de-tinta","to_ping":"","pinged":"","post_modified":"2022-10-14 11:59:26","post_modified_gmt":"2022-10-14 09:59:26","post_content_filtered":"","post_parent":0,"guid":"http:\/\/dev.claret.cat\/editorial\/nube-de-tinta\/","menu_order":0,"post_type":"editorial","post_mime_type":"","comment_count":"0","filter":"raw"}],"autores-libros":[{"ID":167511,"post_author":"3","post_date":"2022-10-14 18:11:47","post_date_gmt":"2022-10-14 16:11:47","post_content":"","post_title":"RACHAEL LIPPINCOTT","post_excerpt":"","post_status":"publish","comment_status":"closed","ping_status":"closed","post_password":"","post_name":"rachael-lippincott","to_ping":"","pinged":"","post_modified":"2022-10-14 18:11:47","post_modified_gmt":"2022-10-14 16:11:47","post_content_filtered":"","post_parent":0,"guid":"http:\/\/dev.claret.cat\/autor\/rachael-lippincott\/","menu_order":0,"post_type":"autor","post_mime_type":"","comment_count":"0","filter":"raw"}]},"aioseo_notices":[],"_links":{"self":[{"href":"https:\/\/www.claret.cat\/es\/wp-json\/wp\/v2\/product\/38655","targetHints":{"allow":["GET"]}}],"collection":[{"href":"https:\/\/www.claret.cat\/es\/wp-json\/wp\/v2\/product"}],"about":[{"href":"https:\/\/www.claret.cat\/es\/wp-json\/wp\/v2\/types\/product"}],"wp:featuredmedia":[{"embeddable":true,"href":"https:\/\/www.claret.cat\/es\/wp-json\/wp\/v2\/media\/55637"}],"wp:attachment":[{"href":"https:\/\/www.claret.cat\/es\/wp-json\/wp\/v2\/media?parent=38655"}],"wp:term":[{"taxonomy":"product_brand","embeddable":true,"href":"https:\/\/www.claret.cat\/es\/wp-json\/wp\/v2\/product_brand?post=38655"},{"taxonomy":"product_cat","embeddable":true,"href":"https:\/\/www.claret.cat\/es\/wp-json\/wp\/v2\/product_cat?post=38655"},{"taxonomy":"product_tag","embeddable":true,"href":"https:\/\/www.claret.cat\/es\/wp-json\/wp\/v2\/product_tag?post=38655"}],"curies":[{"name":"wp","href":"https:\/\/api.w.org\/{rel}","templated":true}]}}