{"id":386848,"date":"2023-02-10T19:39:24","date_gmt":"2023-02-10T18:39:24","guid":{"rendered":"https:\/\/www.claret.cat\/llibre\/delicios-mar-9788413562193\/"},"modified":"2023-10-06T06:20:39","modified_gmt":"2023-10-06T04:20:39","slug":"delicios-mar-9788413562193","status":"publish","type":"product","link":"https:\/\/www.claret.cat\/es\/libro\/delicios-mar-9788413562193\/","title":{"rendered":"DELICI\u00d3S MAR"},"content":{"rendered":"<p>EN AQUEST LLIBRE, EN QU\u00c8 EL MAR \u00c9S EL PROTAGONISTA, NO NOM\u00c9S HI HA RECEPTES MARINERES, SIN\u00d3 TAMB\u00c9 HIST\u00d2RIES, EXPERI\u00c8NCIES I CONSELLS CULINARIS.  La cuina del mar sempre ens ha fascinat per la seva gran riquesa i diversitat. El mar ens ofereix amb generositat un enorme i delici\u00f3s rebost en el qual podem triar grans peixos de mar obert, saborosos peixos de roca, saludables peixos blaus, crustacis luxosos de tota mida, una infinitat de mol\u00b7luscos i innombrables altres animals i plantes amb els quals podrem elaborar la m\u00e9s variada i suggestiva cuina. En aquest llibre, el xef Enric Herce, que durant quasi cinquanta anys ha tingut les seves cuines tocant al mar, us proposa una travessia marina en qu\u00e8 gaudireu descobrint quins s\u00f3n i com s\u00f3n tots aquests peixos, crustacis, cefal\u00f2podes i altres animalons que habiten el nostre mar i quan \u00e9s el millor moment per comprar-los i portar-los a la nostra cuina. A m\u00e9s, us ofereix m\u00e9s de cinquanta delicioses receptes perqu\u00e8 les feu a casa amb tota facilitat.<\/p>\n","protected":false},"excerpt":{"rendered":"<p>HERCE CARMONA, ENRIC<\/p>\n","protected":false},"featured_media":395808,"template":"","meta":{"_acf_changed":false,"om_disable_all_campaigns":false,"rs_blank_template":"","rs_page_bg_color":"","slide_template_v7":"","inline_featured_image":false,"_monsterinsights_skip_tracking":false,"_monsterinsights_sitenote_active":false,"_monsterinsights_sitenote_note":"","_monsterinsights_sitenote_category":0},"product_brand":[],"product_cat":[103],"product_tag":[],"class_list":{"0":"post-386848","1":"product","2":"type-product","3":"status-publish","4":"has-post-thumbnail","6":"product_cat-cuina","8":"first","9":"instock","10":"taxable","11":"shipping-taxable","12":"purchasable","13":"product-type-simple"},"acf":{"autor":"HERCE CARMONA, ENRIC","codart":"841356219","libros-coleccion":"Sensacions","ediciones":"1","encuadernacion":"R\u00fastica","fecha_de_publicacion":"01\/02\/2023","novedad":"1","paginas":"165","subtitulo":"RECEPTES I HIST\u00d2RIES DE LA MEDITERR\u00c0NIA","orden":"0","portada":"0","idioma":"cat","editorial":[{"ID":6171,"post_author":"3","post_date":"2022-07-28 17:46:25","post_date_gmt":"2022-07-28 15:46:25","post_content":"","post_title":"COSSETANIA EDICIONS","post_excerpt":"","post_status":"publish","comment_status":"closed","ping_status":"closed","post_password":"","post_name":"cossetania-edicions","to_ping":"","pinged":"","post_modified":"2022-07-28 17:46:25","post_modified_gmt":"2022-07-28 15:46:25","post_content_filtered":"","post_parent":0,"guid":"http:\/\/dev.claret.cat\/editorial\/cossetania-edicions\/","menu_order":0,"post_type":"editorial","post_mime_type":"","comment_count":"0","filter":"raw"}],"autores-libros":[{"ID":155111,"post_author":"3","post_date":"2022-10-14 15:10:15","post_date_gmt":"2022-10-14 13:10:15","post_content":"","post_title":"ENRIC HERCE CARMONA","post_excerpt":"","post_status":"publish","comment_status":"closed","ping_status":"closed","post_password":"","post_name":"enric-herce-carmona","to_ping":"","pinged":"","post_modified":"2022-10-14 15:10:15","post_modified_gmt":"2022-10-14 13:10:15","post_content_filtered":"","post_parent":0,"guid":"http:\/\/dev.claret.cat\/autor\/enric-herce-carmona\/","menu_order":0,"post_type":"autor","post_mime_type":"","comment_count":"0","filter":"raw"}]},"aioseo_notices":[],"_links":{"self":[{"href":"https:\/\/www.claret.cat\/es\/wp-json\/wp\/v2\/product\/386848","targetHints":{"allow":["GET"]}}],"collection":[{"href":"https:\/\/www.claret.cat\/es\/wp-json\/wp\/v2\/product"}],"about":[{"href":"https:\/\/www.claret.cat\/es\/wp-json\/wp\/v2\/types\/product"}],"wp:featuredmedia":[{"embeddable":true,"href":"https:\/\/www.claret.cat\/es\/wp-json\/wp\/v2\/media\/395808"}],"wp:attachment":[{"href":"https:\/\/www.claret.cat\/es\/wp-json\/wp\/v2\/media?parent=386848"}],"wp:term":[{"taxonomy":"product_brand","embeddable":true,"href":"https:\/\/www.claret.cat\/es\/wp-json\/wp\/v2\/product_brand?post=386848"},{"taxonomy":"product_cat","embeddable":true,"href":"https:\/\/www.claret.cat\/es\/wp-json\/wp\/v2\/product_cat?post=386848"},{"taxonomy":"product_tag","embeddable":true,"href":"https:\/\/www.claret.cat\/es\/wp-json\/wp\/v2\/product_tag?post=386848"}],"curies":[{"name":"wp","href":"https:\/\/api.w.org\/{rel}","templated":true}]}}