{"id":386851,"date":"2023-02-10T19:39:33","date_gmt":"2023-02-10T18:39:33","guid":{"rendered":"https:\/\/www.claret.cat\/llibre\/delicioso-mar-9788418735196\/"},"modified":"2023-10-06T05:54:09","modified_gmt":"2023-10-06T03:54:09","slug":"delicioso-mar-9788418735196","status":"publish","type":"product","link":"https:\/\/www.claret.cat\/es\/libro\/delicioso-mar-9788418735196\/","title":{"rendered":"DELICIOSO MAR"},"content":{"rendered":"<p>La cocina del mar siempre nos ha fascinado por su gran riqueza y diversidad. El mar nos ofrece con generosidad una enorme y deliciosa despensa en la que podemos elegir grandes pescados de mar abierto, sabrosos peces de roca, saludables pescados azules, crust\u00e1ceos lujosos de toda medida, un sinf\u00edn de moluscos e innumerables otros animales y plantas con los que podremos elaborar la m\u00e1s variada y sugestiva cocina.  En este libro, el chef Enric Herce, que durante m\u00e1s de cuarenta a\u00f1os ha tenido sus cocinas tocando al mar, propone una traves\u00eda marina en la que disfrutar descubriendo cu\u00e1les son y c\u00f3mo son todos estos pescados, crust\u00e1ceos, cefal\u00f3podos y otros animales que habitan nuestro mar y cu\u00e1ndo es el mejor momento para comprarlos y llevarlos a nuestra cocina. Adem\u00e1s, m\u00e1s de cincuenta deliciosas recetas para hacerlas en casa con toda facilidad.<\/p>\n","protected":false},"excerpt":{"rendered":"<p>HERCE CARMONA, ENRIC<\/p>\n","protected":false},"featured_media":386916,"template":"","meta":{"_acf_changed":false,"om_disable_all_campaigns":false,"rs_blank_template":"","rs_page_bg_color":"","slide_template_v7":"","inline_featured_image":false,"_monsterinsights_skip_tracking":false,"_monsterinsights_sitenote_active":false,"_monsterinsights_sitenote_note":"","_monsterinsights_sitenote_category":0},"product_brand":[],"product_cat":[553],"product_tag":[],"class_list":{"0":"post-386851","1":"product","2":"type-product","3":"status-publish","4":"has-post-thumbnail","6":"product_cat-cocina","8":"first","9":"instock","10":"taxable","11":"shipping-taxable","12":"purchasable","13":"product-type-simple"},"acf":{"autor":"HERCE CARMONA, ENRIC","codart":"841873519","libros-coleccion":"Sensaciones","ediciones":"1","encuadernacion":"R\u00fastica","fecha_de_publicacion":"01\/02\/2023","novedad":"1","paginas":"167","subtitulo":"RECETAS E HISTORIAS DEL MEDITERR\u00c1NEO","orden":"0","portada":"0","idioma":"spa","editorial":[{"ID":148408,"post_author":"3","post_date":"2022-10-14 11:58:01","post_date_gmt":"2022-10-14 09:58:01","post_content":"","post_title":"Lectio Ediciones","post_excerpt":"","post_status":"publish","comment_status":"closed","ping_status":"closed","post_password":"","post_name":"lectio-ediciones","to_ping":"","pinged":"","post_modified":"2022-10-14 11:58:01","post_modified_gmt":"2022-10-14 09:58:01","post_content_filtered":"","post_parent":0,"guid":"http:\/\/dev.claret.cat\/editorial\/lectio-ediciones\/","menu_order":0,"post_type":"editorial","post_mime_type":"","comment_count":"0","filter":"raw"}],"autores-libros":[{"ID":155111,"post_author":"3","post_date":"2022-10-14 15:10:15","post_date_gmt":"2022-10-14 13:10:15","post_content":"","post_title":"ENRIC HERCE CARMONA","post_excerpt":"","post_status":"publish","comment_status":"closed","ping_status":"closed","post_password":"","post_name":"enric-herce-carmona","to_ping":"","pinged":"","post_modified":"2022-10-14 15:10:15","post_modified_gmt":"2022-10-14 13:10:15","post_content_filtered":"","post_parent":0,"guid":"http:\/\/dev.claret.cat\/autor\/enric-herce-carmona\/","menu_order":0,"post_type":"autor","post_mime_type":"","comment_count":"0","filter":"raw"}]},"aioseo_notices":[],"_links":{"self":[{"href":"https:\/\/www.claret.cat\/es\/wp-json\/wp\/v2\/product\/386851","targetHints":{"allow":["GET"]}}],"collection":[{"href":"https:\/\/www.claret.cat\/es\/wp-json\/wp\/v2\/product"}],"about":[{"href":"https:\/\/www.claret.cat\/es\/wp-json\/wp\/v2\/types\/product"}],"wp:featuredmedia":[{"embeddable":true,"href":"https:\/\/www.claret.cat\/es\/wp-json\/wp\/v2\/media\/386916"}],"wp:attachment":[{"href":"https:\/\/www.claret.cat\/es\/wp-json\/wp\/v2\/media?parent=386851"}],"wp:term":[{"taxonomy":"product_brand","embeddable":true,"href":"https:\/\/www.claret.cat\/es\/wp-json\/wp\/v2\/product_brand?post=386851"},{"taxonomy":"product_cat","embeddable":true,"href":"https:\/\/www.claret.cat\/es\/wp-json\/wp\/v2\/product_cat?post=386851"},{"taxonomy":"product_tag","embeddable":true,"href":"https:\/\/www.claret.cat\/es\/wp-json\/wp\/v2\/product_tag?post=386851"}],"curies":[{"name":"wp","href":"https:\/\/api.w.org\/{rel}","templated":true}]}}