{"id":387025,"date":"2023-02-11T12:13:15","date_gmt":"2023-02-11T11:13:15","guid":{"rendered":"https:\/\/www.claret.cat\/llibre\/supertona-correu-verdures-correu-9788466154000\/"},"modified":"2023-10-06T05:58:37","modified_gmt":"2023-10-06T03:58:37","slug":"supertona-correu-verdures-correu-9788466154000","status":"publish","type":"product","link":"https:\/\/www.claret.cat\/es\/libro\/supertona-correu-verdures-correu-9788466154000\/","title":{"rendered":"SUPERTONA. CORREU, VERDURES, CORREU!"},"content":{"rendered":"<p>Qui diu que les verdures no s\u00f3n divertides? O que els supermercats s\u00f3n avorrits? A la nit sempre hi passen coses!\u00a0Sort de la Supertona, la patatona, que sempre est\u00e0 a l&#8221;aguait i preparada per rescatar les verdures.\u00a0La Supertona ha organitzat uns jocs ol\u00edmpics al supermercat, perqu\u00e8 tothom sap que les verdures s\u00f3n molt saludables! El P\u00e8sol Malvat tamb\u00e9 hi vol participar, i hi ha apuntat una participant molt especial.<\/p>\n","protected":false},"excerpt":{"rendered":"<p>HENDRA, SUE \/ LINNET, PAUL<\/p>\n","protected":false},"featured_media":387178,"template":"","meta":{"_acf_changed":false,"om_disable_all_campaigns":false,"rs_blank_template":"","rs_page_bg_color":"","slide_template_v7":"","inline_featured_image":false,"_monsterinsights_skip_tracking":false,"_monsterinsights_sitenote_active":false,"_monsterinsights_sitenote_note":"","_monsterinsights_sitenote_category":0},"product_brand":[],"product_cat":[131],"product_tag":[],"class_list":{"0":"post-387025","1":"product","2":"type-product","3":"status-publish","4":"has-post-thumbnail","6":"product_cat-contes-per-infants-0-6-anys","8":"first","9":"instock","10":"taxable","11":"shipping-taxable","12":"purchasable","13":"product-type-simple"},"acf":{"autor":"HENDRA, SUE \/ LINNET, PAUL","codart":"846615400","libros-coleccion":"FORA DE COL.LECCI\u00d3","ediciones":"1","encuadernacion":"Carton\u00e9","fecha_de_publicacion":"01\/02\/2023","novedad":"1","paginas":"28","subtitulo":"","orden":"0","portada":"0","idioma":"cat","editorial":[{"ID":147679,"post_author":"3","post_date":"2022-10-14 11:52:25","post_date_gmt":"2022-10-14 09:52:25","post_content":"","post_title":"CRUILLA \/SM-EDICIONS -VALENCIANO\/CATALAN","post_excerpt":"","post_status":"publish","comment_status":"closed","ping_status":"closed","post_password":"","post_name":"cruilla-sm-edicions-valenciano-catalan","to_ping":"","pinged":"","post_modified":"2022-10-14 11:52:25","post_modified_gmt":"2022-10-14 09:52:25","post_content_filtered":"","post_parent":0,"guid":"http:\/\/dev.claret.cat\/editorial\/cruilla-sm-edicions-valenciano-catalan\/","menu_order":0,"post_type":"editorial","post_mime_type":"","comment_count":"0","filter":"raw"}],"autores-libros":[{"ID":386990,"post_author":"3","post_date":"2023-02-11 12:10:45","post_date_gmt":"2023-02-11 11:10:45","post_content":"","post_title":"PAUL LINNET","post_excerpt":"","post_status":"publish","comment_status":"closed","ping_status":"closed","post_password":"","post_name":"paul-linnet-4","to_ping":"","pinged":"","post_modified":"2023-02-11 12:10:45","post_modified_gmt":"2023-02-11 11:10:45","post_content_filtered":"","post_parent":0,"guid":"https:\/\/www.claret.cat\/autor\/paul-linnet-4\/","menu_order":0,"post_type":"autor","post_mime_type":"","comment_count":"0","filter":"raw"},{"ID":386991,"post_author":"3","post_date":"2023-02-11 12:10:46","post_date_gmt":"2023-02-11 11:10:46","post_content":"","post_title":"SUE HENDRA","post_excerpt":"","post_status":"publish","comment_status":"closed","ping_status":"closed","post_password":"","post_name":"sue-hendra","to_ping":"","pinged":"","post_modified":"2023-02-11 12:10:46","post_modified_gmt":"2023-02-11 11:10:46","post_content_filtered":"","post_parent":0,"guid":"https:\/\/www.claret.cat\/autor\/sue-hendra\/","menu_order":0,"post_type":"autor","post_mime_type":"","comment_count":"0","filter":"raw"}]},"aioseo_notices":[],"_links":{"self":[{"href":"https:\/\/www.claret.cat\/es\/wp-json\/wp\/v2\/product\/387025","targetHints":{"allow":["GET"]}}],"collection":[{"href":"https:\/\/www.claret.cat\/es\/wp-json\/wp\/v2\/product"}],"about":[{"href":"https:\/\/www.claret.cat\/es\/wp-json\/wp\/v2\/types\/product"}],"wp:featuredmedia":[{"embeddable":true,"href":"https:\/\/www.claret.cat\/es\/wp-json\/wp\/v2\/media\/387178"}],"wp:attachment":[{"href":"https:\/\/www.claret.cat\/es\/wp-json\/wp\/v2\/media?parent=387025"}],"wp:term":[{"taxonomy":"product_brand","embeddable":true,"href":"https:\/\/www.claret.cat\/es\/wp-json\/wp\/v2\/product_brand?post=387025"},{"taxonomy":"product_cat","embeddable":true,"href":"https:\/\/www.claret.cat\/es\/wp-json\/wp\/v2\/product_cat?post=387025"},{"taxonomy":"product_tag","embeddable":true,"href":"https:\/\/www.claret.cat\/es\/wp-json\/wp\/v2\/product_tag?post=387025"}],"curies":[{"name":"wp","href":"https:\/\/api.w.org\/{rel}","templated":true}]}}