{"id":387049,"date":"2023-02-11T12:25:19","date_gmt":"2023-02-11T11:25:19","guid":{"rendered":"https:\/\/www.claret.cat\/llibre\/chg10-daqui-a-la-maternitat-9788466153942\/"},"modified":"2026-02-27T19:15:24","modified_gmt":"2026-02-27T18:15:24","slug":"lhome-gos-10-daqui-a-la-maternitat-9788466153942","status":"publish","type":"product","link":"https:\/\/www.claret.cat\/es\/libro\/lhome-gos-10-daqui-a-la-maternitat-9788466153942\/","title":{"rendered":"L&#8217;HOME GOS , 10 D&#8217;AQU\u00cd A LA MATERNITAT"},"content":{"rendered":"<p>Quan ja semblava que al pobre Home Gos, el policia ximplet que t\u00e9 cap de gos, ja no li podien passar m\u00e9s desgr\u00e0cies, en aquest des\u00e9\u00a0llibre de la s\u00e8rie \u00a0torna a lluitar contra les forces del mal i contra la seva pr\u00f2pia ineptesa, que no \u00e9s poca.<\/p>\n","protected":false},"excerpt":{"rendered":"<p>PILKEY, DAV<\/p>\n","protected":false},"featured_media":1024949,"template":"","meta":{"_acf_changed":false,"om_disable_all_campaigns":false,"rs_blank_template":"","rs_page_bg_color":"","slide_template_v7":"","inline_featured_image":false,"_monsterinsights_skip_tracking":false,"_monsterinsights_sitenote_active":false,"_monsterinsights_sitenote_note":"","_monsterinsights_sitenote_category":0},"product_brand":[],"product_cat":[132,362],"product_tag":[],"class_list":{"0":"post-387049","1":"product","2":"type-product","3":"status-publish","4":"has-post-thumbnail","6":"product_cat-lectures-per-preadolescents-6-12-anys","7":"product_cat-libros-preadolescentes-6-12-anos","9":"first","10":"instock","11":"taxable","12":"shipping-taxable","13":"purchasable","14":"product-type-simple"},"acf":{"editorial":[{"ID":147679,"post_author":"3","post_date":"2022-10-14 11:52:25","post_date_gmt":"2022-10-14 09:52:25","post_content":"","post_title":"CRUILLA \/SM-EDICIONS -VALENCIANO\/CATALAN","post_excerpt":"","post_status":"publish","comment_status":"closed","ping_status":"closed","post_password":"","post_name":"cruilla-sm-edicions-valenciano-catalan","to_ping":"","pinged":"","post_modified":"2022-10-14 11:52:25","post_modified_gmt":"2022-10-14 09:52:25","post_content_filtered":"","post_parent":0,"guid":"http:\/\/dev.claret.cat\/editorial\/cruilla-sm-edicions-valenciano-catalan\/","menu_order":0,"post_type":"editorial","post_mime_type":"","comment_count":"0","filter":"raw"}],"autores-libros":[{"ID":153712,"post_author":"3","post_date":"2022-10-14 14:58:56","post_date_gmt":"2022-10-14 12:58:56","post_content":"","post_title":"DAV PILKEY","post_excerpt":"","post_status":"publish","comment_status":"closed","ping_status":"closed","post_password":"","post_name":"dav-pilkey","to_ping":"","pinged":"","post_modified":"2022-10-14 14:58:56","post_modified_gmt":"2022-10-14 12:58:56","post_content_filtered":"","post_parent":0,"guid":"http:\/\/dev.claret.cat\/autor\/dav-pilkey\/","menu_order":0,"post_type":"autor","post_mime_type":"","comment_count":"0","filter":"raw"}],"autor":"PILKEY, DAV","codart":"846615394","libros-coleccion":"Home Gos","ediciones":"1","encuadernacion":"Carton\u00e9","fecha_de_publicacion":"01\/02\/2023","novedad":"1","paginas":"221","subtitulo":"","orden":"0","portada":"0","idioma":"cat","booktrailer":"","resenas":""},"aioseo_notices":[],"_links":{"self":[{"href":"https:\/\/www.claret.cat\/es\/wp-json\/wp\/v2\/product\/387049","targetHints":{"allow":["GET"]}}],"collection":[{"href":"https:\/\/www.claret.cat\/es\/wp-json\/wp\/v2\/product"}],"about":[{"href":"https:\/\/www.claret.cat\/es\/wp-json\/wp\/v2\/types\/product"}],"wp:featuredmedia":[{"embeddable":true,"href":"https:\/\/www.claret.cat\/es\/wp-json\/wp\/v2\/media\/1024949"}],"wp:attachment":[{"href":"https:\/\/www.claret.cat\/es\/wp-json\/wp\/v2\/media?parent=387049"}],"wp:term":[{"taxonomy":"product_brand","embeddable":true,"href":"https:\/\/www.claret.cat\/es\/wp-json\/wp\/v2\/product_brand?post=387049"},{"taxonomy":"product_cat","embeddable":true,"href":"https:\/\/www.claret.cat\/es\/wp-json\/wp\/v2\/product_cat?post=387049"},{"taxonomy":"product_tag","embeddable":true,"href":"https:\/\/www.claret.cat\/es\/wp-json\/wp\/v2\/product_tag?post=387049"}],"curies":[{"name":"wp","href":"https:\/\/api.w.org\/{rel}","templated":true}]}}