{"id":38712,"date":"2022-10-02T18:55:58","date_gmt":"2022-10-02T16:55:58","guid":{"rendered":"http:\/\/dev.claret.cat\/producte\/reino-animal\/"},"modified":"2025-11-25T13:41:14","modified_gmt":"2025-11-25T12:41:14","slug":"reino-animal-9788419094025","status":"publish","type":"product","link":"https:\/\/www.claret.cat\/es\/libro\/reino-animal-9788419094025\/","title":{"rendered":"REINO ANIMAL"},"content":{"rendered":"<p>* Sum\u00e9rjase en el reino animal de Millie Marotta, una ilustradora galesa que se inspira en la maravillosa vida natural que la rodea.<br \/> * Con este libro puede personalizar sus hermosas ilustraciones y crear su propio reino animal: desde el escarabajo que necesita un caparaz\u00f3n colorido e irisado hasta la ballena que espera su magn\u00edfico hogar marino.<br \/> * Todo un mundo de flora y fauna para explorar: solo necesita rotuladores, l\u00e1pices de colores y un poco de imaginaci\u00f3n.<\/p>\n<p> Este libro re\u00fane una fascinante colecci\u00f3n de peces, aves, mam\u00edferos, reptiles, invertebrados y anfibios. Aunque se trata, b\u00e1sicamente, de un libro de animales, tambi\u00e9n encontrar\u00e1 plantas, \u00e1rboles y flores. Y entre ellas descubrir\u00e1 alg\u00fan que otro insecto. Adem\u00e1s, se incluyen algunos textos para guiarle, sugerencias sobre qu\u00e9 puede a\u00f1adir y c\u00f3mo hacerlo.<\/p>\n<p> Al final del libro encontrar\u00e1 algunas p\u00e1ginas en blanco para que les d\u00e9 vida. Puede intentar copiar algunas de las ilustraciones del libro, o bien dibujar sus propias creaciones.<\/p>\n","protected":false},"excerpt":{"rendered":"<p>MAROTTA, MILIE<\/p>\n","protected":false},"featured_media":55681,"template":"","meta":{"_acf_changed":false,"om_disable_all_campaigns":false,"rs_blank_template":"","rs_page_bg_color":"","slide_template_v7":"","inline_featured_image":false,"_monsterinsights_skip_tracking":false,"_monsterinsights_sitenote_active":false,"_monsterinsights_sitenote_note":"","_monsterinsights_sitenote_category":0},"product_brand":[],"product_cat":[551,101],"product_tag":[],"class_list":{"0":"post-38712","1":"product","2":"type-product","3":"status-publish","4":"has-post-thumbnail","6":"product_cat-manualidades","7":"product_cat-manualitats","9":"first","10":"instock","11":"taxable","12":"shipping-taxable","13":"purchasable","14":"product-type-simple"},"acf":{"autor":"MAROTTA, MILIE","codart":"841909402","libros-coleccion":"","ediciones":"1","encuadernacion":"R\u00fastica","fecha_de_publicacion":"01\/02\/2022","novedad":"1","paginas":"96","subtitulo":"UNA AVENTURA PARA COLOREAR","orden":"0","portada":"0","idioma":"spa","editorial":[{"ID":147554,"post_author":"3","post_date":"2022-10-14 11:51:27","post_date_gmt":"2022-10-14 09:51:27","post_content":"","post_title":"BLUME (Naturart)","post_excerpt":"","post_status":"publish","comment_status":"closed","ping_status":"closed","post_password":"","post_name":"blume-naturart","to_ping":"","pinged":"","post_modified":"2022-10-14 11:51:27","post_modified_gmt":"2022-10-14 09:51:27","post_content_filtered":"","post_parent":0,"guid":"http:\/\/dev.claret.cat\/editorial\/blume-naturart\/","menu_order":0,"post_type":"editorial","post_mime_type":"","comment_count":"0","filter":"raw"}],"autores-libros":[{"ID":165098,"post_author":"3","post_date":"2022-10-14 17:52:23","post_date_gmt":"2022-10-14 15:52:23","post_content":"","post_title":"MILIE MAROTTA","post_excerpt":"","post_status":"publish","comment_status":"closed","ping_status":"closed","post_password":"","post_name":"milie-marotta","to_ping":"","pinged":"","post_modified":"2022-10-14 17:52:23","post_modified_gmt":"2022-10-14 15:52:23","post_content_filtered":"","post_parent":0,"guid":"http:\/\/dev.claret.cat\/autor\/milie-marotta\/","menu_order":0,"post_type":"autor","post_mime_type":"","comment_count":"0","filter":"raw"}],"booktrailer":"","resenas":""},"aioseo_notices":[],"_links":{"self":[{"href":"https:\/\/www.claret.cat\/es\/wp-json\/wp\/v2\/product\/38712","targetHints":{"allow":["GET"]}}],"collection":[{"href":"https:\/\/www.claret.cat\/es\/wp-json\/wp\/v2\/product"}],"about":[{"href":"https:\/\/www.claret.cat\/es\/wp-json\/wp\/v2\/types\/product"}],"wp:featuredmedia":[{"embeddable":true,"href":"https:\/\/www.claret.cat\/es\/wp-json\/wp\/v2\/media\/55681"}],"wp:attachment":[{"href":"https:\/\/www.claret.cat\/es\/wp-json\/wp\/v2\/media?parent=38712"}],"wp:term":[{"taxonomy":"product_brand","embeddable":true,"href":"https:\/\/www.claret.cat\/es\/wp-json\/wp\/v2\/product_brand?post=38712"},{"taxonomy":"product_cat","embeddable":true,"href":"https:\/\/www.claret.cat\/es\/wp-json\/wp\/v2\/product_cat?post=38712"},{"taxonomy":"product_tag","embeddable":true,"href":"https:\/\/www.claret.cat\/es\/wp-json\/wp\/v2\/product_tag?post=38712"}],"curies":[{"name":"wp","href":"https:\/\/api.w.org\/{rel}","templated":true}]}}