{"id":387122,"date":"2023-02-11T12:49:46","date_gmt":"2023-02-11T11:49:46","guid":{"rendered":"https:\/\/www.claret.cat\/llibre\/el-cumpleanos-de-mia-9788411204798\/"},"modified":"2023-10-06T06:12:34","modified_gmt":"2023-10-06T04:12:34","slug":"el-cumpleanos-de-mia-9788411204798","status":"publish","type":"product","link":"https:\/\/www.claret.cat\/es\/libro\/el-cumpleanos-de-mia-9788411204798\/","title":{"rendered":"EL CUMPLEA\u00d1OS DE M\u00cdA"},"content":{"rendered":"<p>M\u00eda cumple siete a\u00f1os y va a celebrar una fiesta. Los Mug est\u00e1n invitados, claro, y Troti. Pero \u00bfqu\u00e9 puede pasar si juntas muchos globos, una tarta, velas encendidas y un unicornio? \u00a1Puede que alg\u00fan desastroti!<\/p>\n","protected":false},"excerpt":{"rendered":"<p>ORO PRADERA, BEGO\u00d1A<\/p>\n","protected":false},"featured_media":387144,"template":"","meta":{"_acf_changed":false,"om_disable_all_campaigns":false,"rs_blank_template":"","rs_page_bg_color":"","slide_template_v7":"","inline_featured_image":false,"_monsterinsights_skip_tracking":false,"_monsterinsights_sitenote_active":false,"_monsterinsights_sitenote_note":"","_monsterinsights_sitenote_category":0},"product_brand":[],"product_cat":[362],"product_tag":[],"class_list":{"0":"post-387122","1":"product","2":"type-product","3":"status-publish","4":"has-post-thumbnail","6":"product_cat-libros-preadolescentes-6-12-anos","8":"first","9":"instock","10":"taxable","11":"shipping-taxable","12":"purchasable","13":"product-type-simple"},"acf":{"autor":"ORO PRADERA, BEGO\u00d1A","codart":"841120479","libros-coleccion":"El Barco de Vapor Blanca","ediciones":"1","encuadernacion":"R\u00fastica","fecha_de_publicacion":"01\/02\/2023","novedad":"1","paginas":"48","subtitulo":"","orden":"0","portada":"0","idioma":"spa","editorial":[{"ID":147854,"post_author":"3","post_date":"2022-10-14 11:53:43","post_date_gmt":"2022-10-14 09:53:43","post_content":"","post_title":"EDICIONES SM","post_excerpt":"","post_status":"publish","comment_status":"closed","ping_status":"closed","post_password":"","post_name":"ediciones-sm","to_ping":"","pinged":"","post_modified":"2022-10-14 11:53:43","post_modified_gmt":"2022-10-14 09:53:43","post_content_filtered":"","post_parent":0,"guid":"http:\/\/dev.claret.cat\/editorial\/ediciones-sm\/","menu_order":0,"post_type":"editorial","post_mime_type":"","comment_count":"0","filter":"raw"}],"autores-libros":[{"ID":151482,"post_author":"3","post_date":"2022-10-14 14:41:14","post_date_gmt":"2022-10-14 12:41:14","post_content":"","post_title":"BEGO\u00d1A ORO PRADERA","post_excerpt":"","post_status":"publish","comment_status":"closed","ping_status":"closed","post_password":"","post_name":"begona-oro-pradera-2","to_ping":"","pinged":"","post_modified":"2022-10-14 14:41:14","post_modified_gmt":"2022-10-14 12:41:14","post_content_filtered":"","post_parent":0,"guid":"http:\/\/dev.claret.cat\/autor\/begona-oro-pradera-2\/","menu_order":0,"post_type":"autor","post_mime_type":"","comment_count":"0","filter":"raw"}]},"aioseo_notices":[],"_links":{"self":[{"href":"https:\/\/www.claret.cat\/es\/wp-json\/wp\/v2\/product\/387122","targetHints":{"allow":["GET"]}}],"collection":[{"href":"https:\/\/www.claret.cat\/es\/wp-json\/wp\/v2\/product"}],"about":[{"href":"https:\/\/www.claret.cat\/es\/wp-json\/wp\/v2\/types\/product"}],"wp:featuredmedia":[{"embeddable":true,"href":"https:\/\/www.claret.cat\/es\/wp-json\/wp\/v2\/media\/387144"}],"wp:attachment":[{"href":"https:\/\/www.claret.cat\/es\/wp-json\/wp\/v2\/media?parent=387122"}],"wp:term":[{"taxonomy":"product_brand","embeddable":true,"href":"https:\/\/www.claret.cat\/es\/wp-json\/wp\/v2\/product_brand?post=387122"},{"taxonomy":"product_cat","embeddable":true,"href":"https:\/\/www.claret.cat\/es\/wp-json\/wp\/v2\/product_cat?post=387122"},{"taxonomy":"product_tag","embeddable":true,"href":"https:\/\/www.claret.cat\/es\/wp-json\/wp\/v2\/product_tag?post=387122"}],"curies":[{"name":"wp","href":"https:\/\/api.w.org\/{rel}","templated":true}]}}