{"id":38724,"date":"2022-10-02T18:56:10","date_gmt":"2022-10-02T16:56:10","guid":{"rendered":"http:\/\/dev.claret.cat\/producte\/enciclopedia-de-la-poda-y-formacion-2022\/"},"modified":"2023-10-06T10:39:01","modified_gmt":"2023-10-06T08:39:01","slug":"enciclopedia-de-la-poda-y-formacion-2022-9788418725944","status":"publish","type":"product","link":"https:\/\/www.claret.cat\/es\/libro\/enciclopedia-de-la-poda-y-formacion-2022-9788418725944\/","title":{"rendered":"ENCICLOPEDIA DE LA PODA Y FORMACI\u00d3N (2022)"},"content":{"rendered":"<p>* \u00bfPor d\u00f3nde deber\u00eda podar un rosal? \u00bfCu\u00e1ndo es el mejor momento para empezar a formar un jazm\u00edn en una pared? \u00bfC\u00f3mo puedo incrementar la productividad de mis frutales mediante la poda?<br \/> * Descubra d\u00f3nde, cu\u00e1ndo y c\u00f3mo podar rosales, frutales, trepadoras y \u00e1rboles y arbustos ornamentales para sacarles el m\u00e1ximo partido.<br \/> * Con explicaciones detalladas para cada t\u00e9cnica, ilustraciones comentadas que muestran el punto exacto donde se debe cortar, e instrucciones para m\u00e1s de 800 plantas de jard\u00edn, esta es una gu\u00eda pr\u00e1ctica imprescindible.<\/p>\n<p> La poda y la formaci\u00f3n de plantas se utilizan principalmente para mejorar la salud y la fuerza de cada ejemplar, para evitar que alg\u00fan fallo en su estructura cause una enfermedad o provoque un da\u00f1o. Sin embargo, los beneficios de una poda profesional van m\u00e1s all\u00e1 de esas funciones b\u00e1sicas. Un jardinero bien informado sobre el crecimiento y el comportamiento de una planta podr\u00e1, adem\u00e1s de mejorar el aspecto general, controlar la abundancia de flores o de follaje, potenciar la formaci\u00f3n de frutos y crear efectos especiales o combinaciones de plantas muy vistosas. Entender las razones y el modo en que cada especie reacciona ante la poda resulta vital para aprovechar al m\u00e1ximo su potencial.<\/p>\n<p> Prepare sus herramientas y siga los consejos m\u00e1s actualizados para mantener su jard\u00edn en perfectas condiciones.<\/p>\n","protected":false},"excerpt":{"rendered":"<p>BRICKELL, CHRISTOPHER \/ JOYCE, DAVID \/ ROYAL HORTICULTURAL SOCIETY<\/p>\n","protected":false},"featured_media":55689,"template":"","meta":{"_acf_changed":false,"om_disable_all_campaigns":false,"rs_blank_template":"","rs_page_bg_color":"","slide_template_v7":"","inline_featured_image":false,"_monsterinsights_skip_tracking":false,"_monsterinsights_sitenote_active":false,"_monsterinsights_sitenote_note":"","_monsterinsights_sitenote_category":0},"product_brand":[],"product_cat":[540],"product_tag":[],"class_list":{"0":"post-38724","1":"product","2":"type-product","3":"status-publish","4":"has-post-thumbnail","6":"product_cat-otros","8":"first","9":"instock","10":"taxable","11":"shipping-taxable","12":"purchasable","13":"product-type-simple"},"acf":{"autor":"BRICKELL, CHRISTOPHER \/ JOYCE, DAVID \/ ROYAL HORTICULTURAL SOCIETY","codart":"841872594","libros-coleccion":"","ediciones":"1","encuadernacion":"Carton\u00e9","fecha_de_publicacion":"01\/02\/2022","novedad":"1","paginas":"336","subtitulo":"QU\u00c9, CU\u00c1NDO Y C\u00d3MO PODAR M\u00c1S DE 800 PLANTAS","orden":"0","portada":"0","idioma":"spa","editorial":[{"ID":147554,"post_author":"3","post_date":"2022-10-14 11:51:27","post_date_gmt":"2022-10-14 09:51:27","post_content":"","post_title":"BLUME (Naturart)","post_excerpt":"","post_status":"publish","comment_status":"closed","ping_status":"closed","post_password":"","post_name":"blume-naturart","to_ping":"","pinged":"","post_modified":"2022-10-14 11:51:27","post_modified_gmt":"2022-10-14 09:51:27","post_content_filtered":"","post_parent":0,"guid":"http:\/\/dev.claret.cat\/editorial\/blume-naturart\/","menu_order":0,"post_type":"editorial","post_mime_type":"","comment_count":"0","filter":"raw"}],"autores-libros":[{"ID":153858,"post_author":"3","post_date":"2022-10-14 15:00:06","post_date_gmt":"2022-10-14 13:00:06","post_content":"","post_title":"DAVID JOYCE","post_excerpt":"","post_status":"publish","comment_status":"closed","ping_status":"closed","post_password":"","post_name":"david-joyce","to_ping":"","pinged":"","post_modified":"2022-10-14 15:00:06","post_modified_gmt":"2022-10-14 13:00:06","post_content_filtered":"","post_parent":0,"guid":"http:\/\/dev.claret.cat\/autor\/david-joyce\/","menu_order":0,"post_type":"autor","post_mime_type":"","comment_count":"0","filter":"raw"},{"ID":152959,"post_author":"3","post_date":"2022-10-14 14:52:57","post_date_gmt":"2022-10-14 12:52:57","post_content":"","post_title":"CHRISTOPHER BRICKELL","post_excerpt":"","post_status":"publish","comment_status":"closed","ping_status":"closed","post_password":"","post_name":"christopher-brickell","to_ping":"","pinged":"","post_modified":"2022-10-14 14:52:57","post_modified_gmt":"2022-10-14 12:52:57","post_content_filtered":"","post_parent":0,"guid":"http:\/\/dev.claret.cat\/autor\/christopher-brickell\/","menu_order":0,"post_type":"autor","post_mime_type":"","comment_count":"0","filter":"raw"},{"ID":168631,"post_author":"3","post_date":"2022-10-14 22:20:40","post_date_gmt":"2022-10-14 20:20:40","post_content":"","post_title":"ROYAL HORTICULTURAL SOCIETY","post_excerpt":"","post_status":"publish","comment_status":"closed","ping_status":"closed","post_password":"","post_name":"royal-horticultural-society","to_ping":"","pinged":"","post_modified":"2022-10-14 22:20:40","post_modified_gmt":"2022-10-14 20:20:40","post_content_filtered":"","post_parent":0,"guid":"http:\/\/dev.claret.cat\/autor\/royal-horticultural-society\/","menu_order":0,"post_type":"autor","post_mime_type":"","comment_count":"0","filter":"raw"}]},"aioseo_notices":[],"_links":{"self":[{"href":"https:\/\/www.claret.cat\/es\/wp-json\/wp\/v2\/product\/38724","targetHints":{"allow":["GET"]}}],"collection":[{"href":"https:\/\/www.claret.cat\/es\/wp-json\/wp\/v2\/product"}],"about":[{"href":"https:\/\/www.claret.cat\/es\/wp-json\/wp\/v2\/types\/product"}],"wp:featuredmedia":[{"embeddable":true,"href":"https:\/\/www.claret.cat\/es\/wp-json\/wp\/v2\/media\/55689"}],"wp:attachment":[{"href":"https:\/\/www.claret.cat\/es\/wp-json\/wp\/v2\/media?parent=38724"}],"wp:term":[{"taxonomy":"product_brand","embeddable":true,"href":"https:\/\/www.claret.cat\/es\/wp-json\/wp\/v2\/product_brand?post=38724"},{"taxonomy":"product_cat","embeddable":true,"href":"https:\/\/www.claret.cat\/es\/wp-json\/wp\/v2\/product_cat?post=38724"},{"taxonomy":"product_tag","embeddable":true,"href":"https:\/\/www.claret.cat\/es\/wp-json\/wp\/v2\/product_tag?post=38724"}],"curies":[{"name":"wp","href":"https:\/\/api.w.org\/{rel}","templated":true}]}}