{"id":38727,"date":"2022-10-02T18:56:12","date_gmt":"2022-10-02T16:56:12","guid":{"rendered":"http:\/\/dev.claret.cat\/producte\/enciclopedia-de-las-plagas-y-enfermedades-2022\/"},"modified":"2023-10-06T10:38:59","modified_gmt":"2023-10-06T08:38:59","slug":"enciclopedia-de-las-plagas-y-enfermedades-2022-9788418725937","status":"publish","type":"product","link":"https:\/\/www.claret.cat\/es\/libro\/enciclopedia-de-las-plagas-y-enfermedades-2022-9788418725937\/","title":{"rendered":"ENCICLOPEDIA DE LAS PLAGAS Y ENFERMEDADES (2022)"},"content":{"rendered":"<p>* \u00bfSus tomates tienen moho? \u00bfLas hojas de su arbusto favorito han empezado a secarse? \u00bfLa idea de un ej\u00e9rcito de babosas hambrientas no le deja dormir?<br \/> * Si tiene alguna planta con un problema y no sabe c\u00f3mo solucionarlo, este manual imprescindible le ayudar\u00e1 a diagnosticarlo y hallar la soluci\u00f3n m\u00e1s eficaz.<br \/> * Incluye listados de plantas con problemas m\u00e1s frecuentes, una identificaci\u00f3n visual mediante <br \/> un extenso muestrario de s\u00edntomas, as\u00ed como consejos detallados y expertos en la gu\u00eda alfab\u00e9tica para solucionar problemas.<\/p>\n<p> Esta nueva edici\u00f3n proporciona abundante informaci\u00f3n actualizada a aficionados, estudiantes y horticultores profesionales sobre todos los aspectos de la vertiente m\u00e1s problem\u00e1tica de la jardiner\u00eda. Al ayudarle a detectar problemas espec\u00edficos y adoptar una visi\u00f3n general de la salud del jard\u00edn, este libro le permitir\u00e1 adelantarse a las plagas, las enfermedades y los trastornos de las plantas.<\/p>\n<p> Asimismo, se han a\u00f1adido m\u00e1s de veinticinco plagas y enfermedades nuevas, y se han actualizado todas las entradas con nueva informaci\u00f3n sobre diagn\u00f3stico, m\u00e9todos de control y alternativas resistentes.<\/p>\n","protected":false},"excerpt":{"rendered":"<p>GREENWOOD, PIPPA \/ HALSTEAD, ANDREW \/ ROYAL HORTICULTURAL SOCIETY<\/p>\n","protected":false},"featured_media":454539,"template":"","meta":{"_acf_changed":false,"om_disable_all_campaigns":false,"rs_blank_template":"","rs_page_bg_color":"","slide_template_v7":"","inline_featured_image":false,"_monsterinsights_skip_tracking":false,"_monsterinsights_sitenote_active":false,"_monsterinsights_sitenote_note":"","_monsterinsights_sitenote_category":0},"product_brand":[],"product_cat":[554,555,547],"product_tag":[],"class_list":{"0":"post-38727","1":"product","2":"type-product","3":"status-publish","4":"has-post-thumbnail","6":"product_cat-ciencia-5_otras-spa","7":"product_cat-regalo","8":"product_cat-salud","10":"first","11":"instock","12":"taxable","13":"shipping-taxable","14":"purchasable","15":"product-type-simple"},"acf":{"autor":"GREENWOOD, PIPPA \/ HALSTEAD, ANDREW \/ ROYAL HORTICULTURAL SOCIETY","codart":"841872593","libros-coleccion":"","ediciones":"1","encuadernacion":"Carton\u00e9","fecha_de_publicacion":"01\/02\/2022","novedad":"1","paginas":"224","subtitulo":"MANTENGA LA SALUD DE SUS PLANTAS Y PRODUCTOS DEL HUERTO","orden":"0","portada":"0","idioma":"spa","editorial":[{"ID":147554,"post_author":"3","post_date":"2022-10-14 11:51:27","post_date_gmt":"2022-10-14 09:51:27","post_content":"","post_title":"BLUME (Naturart)","post_excerpt":"","post_status":"publish","comment_status":"closed","ping_status":"closed","post_password":"","post_name":"blume-naturart","to_ping":"","pinged":"","post_modified":"2022-10-14 11:51:27","post_modified_gmt":"2022-10-14 09:51:27","post_content_filtered":"","post_parent":0,"guid":"http:\/\/dev.claret.cat\/editorial\/blume-naturart\/","menu_order":0,"post_type":"editorial","post_mime_type":"","comment_count":"0","filter":"raw"}],"autores-libros":[{"ID":150321,"post_author":"3","post_date":"2022-10-14 14:32:00","post_date_gmt":"2022-10-14 12:32:00","post_content":"","post_title":"ANDREW HALSTEAD","post_excerpt":"","post_status":"publish","comment_status":"closed","ping_status":"closed","post_password":"","post_name":"andrew-halstead","to_ping":"","pinged":"","post_modified":"2022-10-14 14:32:00","post_modified_gmt":"2022-10-14 12:32:00","post_content_filtered":"","post_parent":0,"guid":"http:\/\/dev.claret.cat\/autor\/andrew-halstead\/","menu_order":0,"post_type":"autor","post_mime_type":"","comment_count":"0","filter":"raw"},{"ID":167360,"post_author":"3","post_date":"2022-10-14 18:10:35","post_date_gmt":"2022-10-14 16:10:35","post_content":"","post_title":"PIPPA GREENWOOD","post_excerpt":"","post_status":"publish","comment_status":"closed","ping_status":"closed","post_password":"","post_name":"pippa-greenwood","to_ping":"","pinged":"","post_modified":"2022-10-14 18:10:35","post_modified_gmt":"2022-10-14 16:10:35","post_content_filtered":"","post_parent":0,"guid":"http:\/\/dev.claret.cat\/autor\/pippa-greenwood\/","menu_order":0,"post_type":"autor","post_mime_type":"","comment_count":"0","filter":"raw"},{"ID":168631,"post_author":"3","post_date":"2022-10-14 22:20:40","post_date_gmt":"2022-10-14 20:20:40","post_content":"","post_title":"ROYAL HORTICULTURAL SOCIETY","post_excerpt":"","post_status":"publish","comment_status":"closed","ping_status":"closed","post_password":"","post_name":"royal-horticultural-society","to_ping":"","pinged":"","post_modified":"2022-10-14 22:20:40","post_modified_gmt":"2022-10-14 20:20:40","post_content_filtered":"","post_parent":0,"guid":"http:\/\/dev.claret.cat\/autor\/royal-horticultural-society\/","menu_order":0,"post_type":"autor","post_mime_type":"","comment_count":"0","filter":"raw"}]},"aioseo_notices":[],"_links":{"self":[{"href":"https:\/\/www.claret.cat\/es\/wp-json\/wp\/v2\/product\/38727","targetHints":{"allow":["GET"]}}],"collection":[{"href":"https:\/\/www.claret.cat\/es\/wp-json\/wp\/v2\/product"}],"about":[{"href":"https:\/\/www.claret.cat\/es\/wp-json\/wp\/v2\/types\/product"}],"wp:featuredmedia":[{"embeddable":true,"href":"https:\/\/www.claret.cat\/es\/wp-json\/wp\/v2\/media\/454539"}],"wp:attachment":[{"href":"https:\/\/www.claret.cat\/es\/wp-json\/wp\/v2\/media?parent=38727"}],"wp:term":[{"taxonomy":"product_brand","embeddable":true,"href":"https:\/\/www.claret.cat\/es\/wp-json\/wp\/v2\/product_brand?post=38727"},{"taxonomy":"product_cat","embeddable":true,"href":"https:\/\/www.claret.cat\/es\/wp-json\/wp\/v2\/product_cat?post=38727"},{"taxonomy":"product_tag","embeddable":true,"href":"https:\/\/www.claret.cat\/es\/wp-json\/wp\/v2\/product_tag?post=38727"}],"curies":[{"name":"wp","href":"https:\/\/api.w.org\/{rel}","templated":true}]}}