{"id":38793,"date":"2022-10-02T18:57:10","date_gmt":"2022-10-02T16:57:10","guid":{"rendered":"http:\/\/dev.claret.cat\/producte\/el-maravilloso-mundo-de-los-libros\/"},"modified":"2023-10-06T09:51:39","modified_gmt":"2023-10-06T07:51:39","slug":"el-maravilloso-mundo-de-los-libros-9788469890967","status":"publish","type":"product","link":"https:\/\/www.claret.cat\/es\/libro\/el-maravilloso-mundo-de-los-libros-9788469890967\/","title":{"rendered":"EL MARAVILLOSO MUNDO DE LOS LIBROS"},"content":{"rendered":"<p>Apasionante recorrido por la historia de la literatura a trav\u00e9s de sus principales obras, autores y personajes.<br \/>Desde la aparici\u00f3n de los primeros textos hasta nuestros tiempos, se han escrito innumerables obras literarias. Este libro recoge muchas de aquellas que deben pervivir en nuestra memoria, que fueron creadas por autores geniales, que se han convertido en sagas legendarias,  que fueron prohibidas injustamente o que se han transformado en pel\u00edculas inolvidables. Adem\u00e1s, abre las puertas al fascinante mundo alrededor del libro: desde los primeros alfabetos hasta el proceso de creaci\u00f3n de una obra o la descripci\u00f3n de las bibliotecas y librer\u00edas m\u00e1s c\u00e9lebres del mundo.<\/p>\n","protected":false},"excerpt":{"rendered":"<p>ALCOLEA, ANA<\/p>\n","protected":false},"featured_media":454273,"template":"","meta":{"_acf_changed":false,"om_disable_all_campaigns":false,"rs_blank_template":"","rs_page_bg_color":"","slide_template_v7":"","inline_featured_image":false,"_monsterinsights_skip_tracking":false,"_monsterinsights_sitenote_active":false,"_monsterinsights_sitenote_note":"","_monsterinsights_sitenote_category":0},"product_brand":[],"product_cat":[362],"product_tag":[],"class_list":{"0":"post-38793","1":"product","2":"type-product","3":"status-publish","4":"has-post-thumbnail","6":"product_cat-libros-preadolescentes-6-12-anos","8":"first","9":"instock","10":"taxable","11":"shipping-taxable","12":"purchasable","13":"product-type-simple"},"acf":{"autor":"ALCOLEA, ANA","codart":"846989096","libros-coleccion":"Infantil y juvenil","ediciones":"1","encuadernacion":"Carton\u00e9","fecha_de_publicacion":"01\/04\/2022","novedad":"1","paginas":"77","subtitulo":"","orden":"0","portada":"0","idioma":"spa","editorial":[{"ID":147433,"post_author":"3","post_date":"2022-10-14 11:50:32","post_date_gmt":"2022-10-14 09:50:32","post_content":"","post_title":"ANAYA INFANTIL Y JUVENIL","post_excerpt":"","post_status":"publish","comment_status":"closed","ping_status":"closed","post_password":"","post_name":"anaya-infantil-y-juvenil","to_ping":"","pinged":"","post_modified":"2022-10-14 11:50:32","post_modified_gmt":"2022-10-14 09:50:32","post_content_filtered":"","post_parent":0,"guid":"http:\/\/dev.claret.cat\/editorial\/anaya-infantil-y-juvenil\/","menu_order":0,"post_type":"editorial","post_mime_type":"","comment_count":"0","filter":"raw"}],"autores-libros":[{"ID":150049,"post_author":"3","post_date":"2022-10-14 14:29:49","post_date_gmt":"2022-10-14 12:29:49","post_content":"","post_title":"ANA ALCOLEA","post_excerpt":"","post_status":"publish","comment_status":"closed","ping_status":"closed","post_password":"","post_name":"ana-alcolea","to_ping":"","pinged":"","post_modified":"2022-10-14 14:29:49","post_modified_gmt":"2022-10-14 12:29:49","post_content_filtered":"","post_parent":0,"guid":"http:\/\/dev.claret.cat\/autor\/ana-alcolea\/","menu_order":0,"post_type":"autor","post_mime_type":"","comment_count":"0","filter":"raw"}]},"aioseo_notices":[],"_links":{"self":[{"href":"https:\/\/www.claret.cat\/es\/wp-json\/wp\/v2\/product\/38793","targetHints":{"allow":["GET"]}}],"collection":[{"href":"https:\/\/www.claret.cat\/es\/wp-json\/wp\/v2\/product"}],"about":[{"href":"https:\/\/www.claret.cat\/es\/wp-json\/wp\/v2\/types\/product"}],"wp:featuredmedia":[{"embeddable":true,"href":"https:\/\/www.claret.cat\/es\/wp-json\/wp\/v2\/media\/454273"}],"wp:attachment":[{"href":"https:\/\/www.claret.cat\/es\/wp-json\/wp\/v2\/media?parent=38793"}],"wp:term":[{"taxonomy":"product_brand","embeddable":true,"href":"https:\/\/www.claret.cat\/es\/wp-json\/wp\/v2\/product_brand?post=38793"},{"taxonomy":"product_cat","embeddable":true,"href":"https:\/\/www.claret.cat\/es\/wp-json\/wp\/v2\/product_cat?post=38793"},{"taxonomy":"product_tag","embeddable":true,"href":"https:\/\/www.claret.cat\/es\/wp-json\/wp\/v2\/product_tag?post=38793"}],"curies":[{"name":"wp","href":"https:\/\/api.w.org\/{rel}","templated":true}]}}