{"id":38820,"date":"2022-10-02T18:57:34","date_gmt":"2022-10-02T16:57:34","guid":{"rendered":"http:\/\/dev.claret.cat\/producte\/comics-de-ciencia-volcanes-fuego-y-vida\/"},"modified":"2023-10-06T09:45:23","modified_gmt":"2023-10-06T07:45:23","slug":"comics-de-ciencia-volcanes-fuego-y-vida-9788467951318","status":"publish","type":"product","link":"https:\/\/www.claret.cat\/es\/libro\/comics-de-ciencia-volcanes-fuego-y-vida-9788467951318\/","title":{"rendered":"COMICS DE CIENCIA. VOLCANES: FUEGO Y VIDA"},"content":{"rendered":"<p>\u00a1Toda una explosi\u00f3n de conocimiento! \u00bfQu\u00e9 se oculta bajo la superf\u00edcie de la tierra? M\u00e1s all\u00e1 de la corteza terrestre ocurre algo m\u00e1gico: canales de magma, placas tect\u00f3nicas en movimiento, erupciones volc\u00e1nicas&#8230; \u00a1nuestro planeta est\u00e1 vivo y no deja de moverse! Ad\u00e9ntrate junto a Aurora, una joven exploradora, en un viaje hasta las profundidades de la Tierra donde lo descubrir\u00e1s todo sobre las poderosas fuerzas que han dado forma, y que siguen modificando, nuestro incre\u00edble planeta. Jon Chad est\u00e1 obsesionado con los robots gigantes, la serigraf\u00eda y la creaci\u00f3n de libros. Durante a\u00f1os, se ha dedicado a ilustrar los c\u00f3mics de las series m\u00e1s populares de Cartoon Network, como Hora de aventuras o El asombroso mundo de Gumball. Aparte deolcanes, dentro de la colecci\u00f3n C\u00f3mics de ciencia ha ilustrado los vol\u00famenes dedicados al sistema solar y a la tabla peri\u00f3dica.ambi\u00e9n es autor de Leo Geo y el ilustrador de Pinball: A Graphic History of the Silver Ball.<\/p>\n","protected":false},"excerpt":{"rendered":"<p>MK REED \/ JOE FLOOD<\/p>\n","protected":false},"featured_media":55759,"template":"","meta":{"_acf_changed":false,"om_disable_all_campaigns":false,"rs_blank_template":"","rs_page_bg_color":"","slide_template_v7":"","inline_featured_image":false,"_monsterinsights_skip_tracking":false,"_monsterinsights_sitenote_active":false,"_monsterinsights_sitenote_note":"","_monsterinsights_sitenote_category":0},"product_brand":[],"product_cat":[554,558,364],"product_tag":[],"class_list":{"0":"post-38820","1":"product","2":"type-product","3":"status-publish","4":"has-post-thumbnail","6":"product_cat-ciencia-5_otras-spa","7":"product_cat-comic-3_infantil-juvenil-spa-spa","8":"product_cat-comics-infantil-3_infantil-juvenil-spa","10":"first","11":"instock","12":"taxable","13":"shipping-taxable","14":"purchasable","15":"product-type-simple"},"acf":{"autor":"MK REED \/ JOE FLOOD","codart":"846795131","libros-coleccion":"COMIC","ediciones":"1","encuadernacion":"Carpeta","fecha_de_publicacion":"01\/04\/2022","novedad":"1","paginas":"119","subtitulo":"","orden":"0","portada":"0","idioma":"spa","editorial":[{"ID":6315,"post_author":"3","post_date":"2022-07-28 17:49:33","post_date_gmt":"2022-07-28 15:49:33","post_content":"","post_title":"NORMA EDITORIAL S.A","post_excerpt":"","post_status":"publish","comment_status":"closed","ping_status":"closed","post_password":"","post_name":"norma-editorial-s-a","to_ping":"","pinged":"","post_modified":"2022-07-28 17:49:33","post_modified_gmt":"2022-07-28 15:49:33","post_content_filtered":"","post_parent":0,"guid":"http:\/\/dev.claret.cat\/editorial\/norma-editorial-s-a\/","menu_order":0,"post_type":"editorial","post_mime_type":"","comment_count":"0","filter":"raw"}],"autores-libros":[{"ID":165259,"post_author":"3","post_date":"2022-10-14 17:53:44","post_date_gmt":"2022-10-14 15:53:44","post_content":"","post_title":"MK REED","post_excerpt":"","post_status":"publish","comment_status":"closed","ping_status":"closed","post_password":"","post_name":"mk-reed","to_ping":"","pinged":"","post_modified":"2022-10-14 17:53:44","post_modified_gmt":"2022-10-14 15:53:44","post_content_filtered":"","post_parent":0,"guid":"http:\/\/dev.claret.cat\/autor\/mk-reed\/","menu_order":0,"post_type":"autor","post_mime_type":"","comment_count":"0","filter":"raw"},{"ID":159556,"post_author":"3","post_date":"2022-10-14 15:45:49","post_date_gmt":"2022-10-14 13:45:49","post_content":"","post_title":"JOE FLOOD","post_excerpt":"","post_status":"publish","comment_status":"closed","ping_status":"closed","post_password":"","post_name":"joe-flood","to_ping":"","pinged":"","post_modified":"2022-10-14 15:45:49","post_modified_gmt":"2022-10-14 13:45:49","post_content_filtered":"","post_parent":0,"guid":"http:\/\/dev.claret.cat\/autor\/joe-flood\/","menu_order":0,"post_type":"autor","post_mime_type":"","comment_count":"0","filter":"raw"}]},"aioseo_notices":[],"_links":{"self":[{"href":"https:\/\/www.claret.cat\/es\/wp-json\/wp\/v2\/product\/38820","targetHints":{"allow":["GET"]}}],"collection":[{"href":"https:\/\/www.claret.cat\/es\/wp-json\/wp\/v2\/product"}],"about":[{"href":"https:\/\/www.claret.cat\/es\/wp-json\/wp\/v2\/types\/product"}],"wp:featuredmedia":[{"embeddable":true,"href":"https:\/\/www.claret.cat\/es\/wp-json\/wp\/v2\/media\/55759"}],"wp:attachment":[{"href":"https:\/\/www.claret.cat\/es\/wp-json\/wp\/v2\/media?parent=38820"}],"wp:term":[{"taxonomy":"product_brand","embeddable":true,"href":"https:\/\/www.claret.cat\/es\/wp-json\/wp\/v2\/product_brand?post=38820"},{"taxonomy":"product_cat","embeddable":true,"href":"https:\/\/www.claret.cat\/es\/wp-json\/wp\/v2\/product_cat?post=38820"},{"taxonomy":"product_tag","embeddable":true,"href":"https:\/\/www.claret.cat\/es\/wp-json\/wp\/v2\/product_tag?post=38820"}],"curies":[{"name":"wp","href":"https:\/\/api.w.org\/{rel}","templated":true}]}}