{"id":38826,"date":"2022-10-02T18:57:38","date_gmt":"2022-10-02T16:57:38","guid":{"rendered":"http:\/\/dev.claret.cat\/producte\/el-moment-en-que-tot-va-canviar\/"},"modified":"2025-02-01T00:13:11","modified_gmt":"2025-01-31T23:13:11","slug":"el-moment-en-que-tot-va-canviar-9788418887208","status":"publish","type":"product","link":"https:\/\/www.claret.cat\/es\/libro\/el-moment-en-que-tot-va-canviar-9788418887208\/","title":{"rendered":"EL MOMENT EN QU\u00c8 TOT VA CANVIAR"},"content":{"rendered":"<p>L&#8217;amor, com la vida, sempre troba el seu cam\u00ed, fins i tot en els moments m\u00e9s dif\u00edcils.<\/p>\n<p>La vida d&#8217;en Thomas Nesbit, un escriptor americ\u00e0 solitari i trist, \u00e9s a punt de canviar un mat\u00ed qualsevol d&#8217;hivern en qu\u00e8 li arriba un paquet des de Berl\u00edn. El que m\u00e9s el trasbalsa \u00e9s el nom del remitent: Petra Dussmann. La dona amb qui, vint-i-cinc anys enrere, va viure una apassionada hist\u00f2ria d&#8217;amor en un Berl\u00edn dividit, on la gent viv\u00eda instal\u00b7lada en el neguit i la por de la Guerra Freda. <\/p>\n<p>El record de la Petra Dussmann obligar\u00e0 a en Thomas Nebit a reviure un passat que creia oblidat. El far\u00e0 revisitar una hist\u00f2ria i els records d&#8217;una persona que per primer i \u00fanic cop a la seva vida li van descobrir la for\u00e7a extraordin\u00e0ria de l&#8217;amor.<\/p>\n<p>\u00abUn aut\u00e8ntic geni de les novel\u00b7les d&#8217;amor. \u00c9s capa\u00e7 de tra\u00e7ar girs argumentals que far\u00e0 que se&#8217;ns aturi el cor.\u00bb The Times<\/p>\n<p>\u00abUna del\u00edcia; Kennedy \u00e9s un escriptor exigent, h\u00e0bil i enginy\u00f3s.\u00bb Financial Times<\/p>\n<p>\u00abFascinant.\u00bb Publishers Weekly<\/p>\n<p>\u00abUna hist\u00f2ria excepcionalment narrada.\u00bb Sunday Independent<\/p>\n","protected":false},"excerpt":{"rendered":"<p>KENNEDY, DOUGLAS<\/p>\n","protected":false},"featured_media":55763,"template":"","meta":{"_acf_changed":false,"om_disable_all_campaigns":false,"rs_blank_template":"","rs_page_bg_color":"","slide_template_v7":"","inline_featured_image":false,"_monsterinsights_skip_tracking":false,"_monsterinsights_sitenote_active":false,"_monsterinsights_sitenote_note":"","_monsterinsights_sitenote_category":0},"product_brand":[],"product_cat":[127,357],"product_tag":[],"class_list":{"0":"post-38826","1":"product","2":"type-product","3":"status-publish","4":"has-post-thumbnail","6":"product_cat-novella-contemporania","7":"product_cat-novela-contemporanea","9":"first","10":"instock","11":"taxable","12":"shipping-taxable","13":"purchasable","14":"product-type-simple"},"acf":{"autor":"KENNEDY, DOUGLAS","codart":"841888720","libros-coleccion":"Univers","ediciones":"1","encuadernacion":"R\u00fastica","fecha_de_publicacion":"01\/04\/2022","novedad":"1","paginas":"563","subtitulo":"","orden":"0","portada":"0","idioma":"cat","editorial":[{"ID":6384,"post_author":"3","post_date":"2022-07-28 17:51:02","post_date_gmt":"2022-07-28 15:51:02","post_content":"","post_title":"Univers Llibres","post_excerpt":"","post_status":"publish","comment_status":"closed","ping_status":"closed","post_password":"","post_name":"univers-llibres","to_ping":"","pinged":"","post_modified":"2022-07-28 17:51:02","post_modified_gmt":"2022-07-28 15:51:02","post_content_filtered":"","post_parent":0,"guid":"http:\/\/dev.claret.cat\/editorial\/univers-llibres\/","menu_order":0,"post_type":"editorial","post_mime_type":"","comment_count":"0","filter":"raw"}],"autores-libros":[{"ID":154339,"post_author":"3","post_date":"2022-10-14 15:04:02","post_date_gmt":"2022-10-14 13:04:02","post_content":"","post_title":"DOUGLAS KENNEDY","post_excerpt":"","post_status":"publish","comment_status":"closed","ping_status":"closed","post_password":"","post_name":"douglas-kennedy","to_ping":"","pinged":"","post_modified":"2022-10-14 15:04:02","post_modified_gmt":"2022-10-14 13:04:02","post_content_filtered":"","post_parent":0,"guid":"http:\/\/dev.claret.cat\/autor\/douglas-kennedy\/","menu_order":0,"post_type":"autor","post_mime_type":"","comment_count":"0","filter":"raw"}]},"aioseo_notices":[],"_links":{"self":[{"href":"https:\/\/www.claret.cat\/es\/wp-json\/wp\/v2\/product\/38826","targetHints":{"allow":["GET"]}}],"collection":[{"href":"https:\/\/www.claret.cat\/es\/wp-json\/wp\/v2\/product"}],"about":[{"href":"https:\/\/www.claret.cat\/es\/wp-json\/wp\/v2\/types\/product"}],"wp:featuredmedia":[{"embeddable":true,"href":"https:\/\/www.claret.cat\/es\/wp-json\/wp\/v2\/media\/55763"}],"wp:attachment":[{"href":"https:\/\/www.claret.cat\/es\/wp-json\/wp\/v2\/media?parent=38826"}],"wp:term":[{"taxonomy":"product_brand","embeddable":true,"href":"https:\/\/www.claret.cat\/es\/wp-json\/wp\/v2\/product_brand?post=38826"},{"taxonomy":"product_cat","embeddable":true,"href":"https:\/\/www.claret.cat\/es\/wp-json\/wp\/v2\/product_cat?post=38826"},{"taxonomy":"product_tag","embeddable":true,"href":"https:\/\/www.claret.cat\/es\/wp-json\/wp\/v2\/product_tag?post=38826"}],"curies":[{"name":"wp","href":"https:\/\/api.w.org\/{rel}","templated":true}]}}