{"id":389071,"date":"2023-02-14T17:18:36","date_gmt":"2023-02-14T16:18:36","guid":{"rendered":"https:\/\/www.claret.cat\/llibre\/historia-menor-de-grecia-9788415277729\/"},"modified":"2026-02-24T13:21:49","modified_gmt":"2026-02-24T12:21:49","slug":"historia-menor-de-grecia-9788415277729","status":"publish","type":"product","link":"https:\/\/www.claret.cat\/es\/libro\/historia-menor-de-grecia-9788415277729\/","title":{"rendered":"HISTORIA MENOR DE GRECIA"},"content":{"rendered":"<p>Historia menor de Grecia toma directamente las fuentes hist\u00f3ricas para plasmar de forma literaria una reveladora colecci\u00f3n de gestos humanos: decisiones, testimonios, ejemplos de conducta, personajes y hechos de la \u00absegunda fila\u00bb de la historia, que ilustran de manera esclarecedora y emotiva la conformaci\u00f3n y la supervivencia del esp\u00edritu humanista desde la Antig\u00fcedad hasta nuestros d\u00edas. Arist\u00f3teles en el Ninfeo de Mieza, Polibio navegando hacia el exilio, Damaris en el Are\u00f3pago, Athenais a las puertas de Jerusal\u00e9n, Metodio en Moravia, Ibn Qurra en la lejana Carras, Plet\u00f3n de regreso a Mistr\u00e1s, Montaigne en su biblioteca de P\u00e9rigord, Evliya \u00c7elebi en Atenas, el capit\u00e1n Leake en los montes de Arcadia, Delacroix en su estudio de Par\u00eds&#8230; Un vibrante relato de episodios menores sorprendentes y desconocidos, cuyos protagonistas no son los griegos ni los persas, sino todos los hombres. Su lectura nos alerta sobre la fragilidad de la cultura, sobre lo ef\u00edmero de sus conquistas y la necesidad de defenderlas cada d\u00eda que amanece. Nos ayuda tambi\u00e9n a comprender que la \u00fanica civilizaci\u00f3n posible es la que une a los hombres contra la barbarie.<\/p>\n","protected":false},"excerpt":{"rendered":"<p>OLALLA GONZ\u00c1LEZ, PEDRO<\/p>\n","protected":false},"featured_media":0,"template":"","meta":{"_acf_changed":false,"om_disable_all_campaigns":false,"rs_blank_template":"","rs_page_bg_color":"","slide_template_v7":"","inline_featured_image":false,"_monsterinsights_skip_tracking":false,"_monsterinsights_sitenote_active":false,"_monsterinsights_sitenote_note":"","_monsterinsights_sitenote_category":0},"product_brand":[],"product_cat":[90,540],"product_tag":[],"class_list":{"0":"post-389071","1":"product","2":"type-product","3":"status-publish","5":"product_cat-altres","6":"product_cat-otros","8":"first","9":"instock","10":"taxable","11":"shipping-taxable","12":"purchasable","13":"product-type-simple"},"acf":{"autor":"OLALLA GONZ\u00c1LEZ, PEDRO","codart":"841527772","libros-coleccion":"","ediciones":"1","encuadernacion":"R\u00fastica","fecha_de_publicacion":"01\/04\/2012","novedad":"0","paginas":"384","subtitulo":"UNA MIRADA HUMANISTA SOBRE LA AGITADA HISTORIA DE LOS GRIEGOS","orden":"999","portada":"0","idioma":"spa","editorial":[{"ID":6111,"post_author":"3","post_date":"2022-07-28 17:45:08","post_date_gmt":"2022-07-28 15:45:08","post_content":"","post_title":"ACANTILADO","post_excerpt":"","post_status":"publish","comment_status":"closed","ping_status":"closed","post_password":"","post_name":"acantilado","to_ping":"","pinged":"","post_modified":"2022-07-28 17:45:08","post_modified_gmt":"2022-07-28 15:45:08","post_content_filtered":"","post_parent":0,"guid":"http:\/\/dev.claret.cat\/editorial\/acantilado\/","menu_order":0,"post_type":"editorial","post_mime_type":"","comment_count":"0","filter":"raw"}],"autores-libros":[{"ID":166886,"post_author":"3","post_date":"2022-10-14 18:06:50","post_date_gmt":"2022-10-14 16:06:50","post_content":"","post_title":"PEDRO OLALLA GONZ\u00c1LEZ","post_excerpt":"","post_status":"publish","comment_status":"closed","ping_status":"closed","post_password":"","post_name":"pedro-olalla-gonzalez","to_ping":"","pinged":"","post_modified":"2022-10-14 18:06:50","post_modified_gmt":"2022-10-14 16:06:50","post_content_filtered":"","post_parent":0,"guid":"http:\/\/dev.claret.cat\/autor\/pedro-olalla-gonzalez\/","menu_order":0,"post_type":"autor","post_mime_type":"","comment_count":"0","filter":"raw"}],"booktrailer":"","resenas":""},"aioseo_notices":[],"_links":{"self":[{"href":"https:\/\/www.claret.cat\/es\/wp-json\/wp\/v2\/product\/389071","targetHints":{"allow":["GET"]}}],"collection":[{"href":"https:\/\/www.claret.cat\/es\/wp-json\/wp\/v2\/product"}],"about":[{"href":"https:\/\/www.claret.cat\/es\/wp-json\/wp\/v2\/types\/product"}],"wp:attachment":[{"href":"https:\/\/www.claret.cat\/es\/wp-json\/wp\/v2\/media?parent=389071"}],"wp:term":[{"taxonomy":"product_brand","embeddable":true,"href":"https:\/\/www.claret.cat\/es\/wp-json\/wp\/v2\/product_brand?post=389071"},{"taxonomy":"product_cat","embeddable":true,"href":"https:\/\/www.claret.cat\/es\/wp-json\/wp\/v2\/product_cat?post=389071"},{"taxonomy":"product_tag","embeddable":true,"href":"https:\/\/www.claret.cat\/es\/wp-json\/wp\/v2\/product_tag?post=389071"}],"curies":[{"name":"wp","href":"https:\/\/api.w.org\/{rel}","templated":true}]}}