{"id":389128,"date":"2023-02-14T17:25:51","date_gmt":"2023-02-14T16:25:51","guid":{"rendered":"https:\/\/www.claret.cat\/llibre\/emily-la-de-luna-nueva-9788415943181\/"},"modified":"2023-02-14T17:25:54","modified_gmt":"2023-02-14T16:25:54","slug":"emily-la-de-luna-nueva-9788415943181","status":"publish","type":"product","link":"https:\/\/www.claret.cat\/es\/libro\/emily-la-de-luna-nueva-9788415943181\/","title":{"rendered":"EMILY, LA DE LUNA NUEVA"},"content":{"rendered":"<p>Tras lograr un \u00e9xito sin precedentes con su saga de Ana, la de Tejas Verdes, Lucy Maud Montgomery cre\u00f3 el personaje de Emily Starr, a la que consideraba su \u00e1lter ego, y que plasmar\u00eda en una trilog\u00eda de resonante acogida.<\/p>\n<p> La temperamental y muy imaginativa Emily no sab\u00eda lo que era estar sola hasta que su padre muri\u00f3. Ahora, unos parientes de su madre la llevar\u00e1n a vivir con ellos a la granja Luna Nueva. Emily est\u00e1 segura de que no ser\u00e1 feliz all\u00ed. Habr\u00e1 de hacer frente a la r\u00edgida y severa T\u00eda Elizabeth as\u00ed como a sus p\u00edcaros compa\u00f1eros de clase manteniendo la cabeza alta y haciendo gala de su aguzado y r\u00e1pido ingenio. Las cosas comienzan a cambiar cuando hace amigos como Teddy, autor de maravillosos dibujos, o Perry, que ha navegado por todo el mundo con su padre pero jam\u00e1s ha ido a la escuela; y, sobre todo, Ilse, una chica no muy femenina con un temperamento ardiente. Para su sorpresa, Emily descubrir\u00e1 que Luna Nueva es un lugar hermoso y fascinante. Su esp\u00edritu ferozmente libre tiene mucho que ense\u00f1ar a cualquiera -ni\u00f1o o adulto- con el suficiente sentido com\u00fan (e imaginaci\u00f3n) para escuchar.<\/p>\n","protected":false},"excerpt":{"rendered":"<p>MONTGOMERY, LUCY MAUD<\/p>\n","protected":false},"featured_media":0,"template":"","meta":{"_acf_changed":false,"om_disable_all_campaigns":false,"rs_blank_template":"","rs_page_bg_color":"","slide_template_v7":"","inline_featured_image":false,"_monsterinsights_skip_tracking":false,"_monsterinsights_sitenote_active":false,"_monsterinsights_sitenote_note":"","_monsterinsights_sitenote_category":0},"product_brand":[],"product_cat":[90,540],"product_tag":[],"class_list":{"0":"post-389128","1":"product","2":"type-product","3":"status-publish","5":"product_cat-altres","6":"product_cat-otros","8":"first","9":"instock","10":"taxable","11":"shipping-taxable","12":"purchasable","13":"product-type-simple"},"acf":{"autor":"MONTGOMERY, LUCY MAUD","codart":"841594318","libros-coleccion":"","ediciones":"1","encuadernacion":"R\u00fastica","fecha_de_publicacion":"01\/08\/2014","novedad":"0","paginas":"400","subtitulo":"","orden":"999","portada":"0","idioma":"spa","editorial":[{"ID":262523,"post_author":"3","post_date":"2022-10-24 11:25:29","post_date_gmt":"2022-10-24 09:25:29","post_content":"","post_title":"TOROMITICO","post_excerpt":"","post_status":"publish","comment_status":"closed","ping_status":"closed","post_password":"","post_name":"toromitico","to_ping":"","pinged":"","post_modified":"2022-10-24 11:25:29","post_modified_gmt":"2022-10-24 09:25:29","post_content_filtered":"","post_parent":0,"guid":"http:\/\/dev.claret.cat\/editorial\/toromitico\/","menu_order":0,"post_type":"editorial","post_mime_type":"","comment_count":"0","filter":"raw"}],"autores-libros":[{"ID":162631,"post_author":"3","post_date":"2022-10-14 17:32:33","post_date_gmt":"2022-10-14 15:32:33","post_content":"","post_title":"LUCY MAUD MONTGOMERY","post_excerpt":"","post_status":"publish","comment_status":"closed","ping_status":"closed","post_password":"","post_name":"lucy-maud-montgomery","to_ping":"","pinged":"","post_modified":"2022-10-14 17:32:33","post_modified_gmt":"2022-10-14 15:32:33","post_content_filtered":"","post_parent":0,"guid":"http:\/\/dev.claret.cat\/autor\/lucy-maud-montgomery\/","menu_order":0,"post_type":"autor","post_mime_type":"","comment_count":"0","filter":"raw"}]},"aioseo_notices":[],"_links":{"self":[{"href":"https:\/\/www.claret.cat\/es\/wp-json\/wp\/v2\/product\/389128","targetHints":{"allow":["GET"]}}],"collection":[{"href":"https:\/\/www.claret.cat\/es\/wp-json\/wp\/v2\/product"}],"about":[{"href":"https:\/\/www.claret.cat\/es\/wp-json\/wp\/v2\/types\/product"}],"wp:attachment":[{"href":"https:\/\/www.claret.cat\/es\/wp-json\/wp\/v2\/media?parent=389128"}],"wp:term":[{"taxonomy":"product_brand","embeddable":true,"href":"https:\/\/www.claret.cat\/es\/wp-json\/wp\/v2\/product_brand?post=389128"},{"taxonomy":"product_cat","embeddable":true,"href":"https:\/\/www.claret.cat\/es\/wp-json\/wp\/v2\/product_cat?post=389128"},{"taxonomy":"product_tag","embeddable":true,"href":"https:\/\/www.claret.cat\/es\/wp-json\/wp\/v2\/product_tag?post=389128"}],"curies":[{"name":"wp","href":"https:\/\/api.w.org\/{rel}","templated":true}]}}