{"id":389165,"date":"2023-02-14T17:30:29","date_gmt":"2023-02-14T16:30:29","guid":{"rendered":"https:\/\/www.claret.cat\/llibre\/el-consol-de-barcelona-9788417423698\/"},"modified":"2024-01-31T18:37:23","modified_gmt":"2024-01-31T17:37:23","slug":"el-consol-de-barcelona-9788417423698","status":"publish","type":"product","link":"https:\/\/www.claret.cat\/es\/libro\/el-consol-de-barcelona-9788417423698\/","title":{"rendered":"EL C\u00d2NSOL DE BARCELONA"},"content":{"rendered":"<p>Barcelona, 1936-37. La ciutat \u00e9s un bullidor d&#8221;il\u00b7lusions, conspiracions i trag\u00e8dies. Vladimir Ant\u00f3nov-<br \/>Ovs\u00e9ienko, el c\u00f2nsol sovi\u00e8tic, t\u00e9 l&#8221;enc\u00e0rrec d&#8221;ajudar la rereguarda republicana per\u00f2 tamb\u00e9 controlar la CNT<br \/>i perseguir els trotskistes del POUM. El vell bolxevic s&#8221;enamora de Catalunya, s&#8221;interessa pels anarquistes i<br \/>estableix grans complicitats amb Llu\u00eds Companys. \u00c9s l&#8221;any dels processos de Moscou i la seva dona, S\u00f2fia<br \/>Levin, descobreix els horrors de l&#8221;estalinisme i els comparteix amb el seu marit, que viu escindit entre la<br \/>lleialtat i la veritat. Stalin no se&#8221;n refiar\u00e0 mai. Ant\u00f3nov- Ovs\u00e9ienko escriu un testament pol\u00edtic que deixa al seu fidel xofer, Josep Tarrida, un militant del PSUC, per donar-lo a con\u00e8ixer quan Hitler hagi estat derrotat. Vuitanta anys m\u00e9s tard, una jove historiadora russa el descobrir\u00e0 a casa d&#8221;una dona misteriosa de noranta anys que viu envoltada de llibres i records.<\/p>\n<p>\u00abLa primera vegada que vaig sentir anomenar Stalin, tenia onze anys. Va ser prop de Tolosa de\u00a0Llenguadoc, on vivia amb els avis, a pag\u00e8s. Ja es veia que aquell dia no seria com els altres\u00bb.<\/p>\n<p> Amb la col\u00b7laboraci\u00f3 de la Generalitat de Catalunya, Departament de Cultura.<\/p>\n","protected":false},"excerpt":{"rendered":"<p>CLARET SERRA, ANDREU<\/p>\n","protected":false},"featured_media":0,"template":"","meta":{"_acf_changed":false,"om_disable_all_campaigns":false,"rs_blank_template":"","rs_page_bg_color":"","slide_template_v7":"","inline_featured_image":false,"_monsterinsights_skip_tracking":false,"_monsterinsights_sitenote_active":false,"_monsterinsights_sitenote_note":"","_monsterinsights_sitenote_category":0},"product_brand":[],"product_cat":[130,360],"product_tag":[],"class_list":{"0":"post-389165","1":"product","2":"type-product","3":"status-publish","5":"product_cat-novella-historica-i-ficcio","6":"product_cat-novela-historica-y-ficcion","8":"first","9":"instock","10":"taxable","11":"shipping-taxable","12":"purchasable","13":"product-type-simple"},"acf":{"autor":"CLARET SERRA, ANDREU","codart":"841742369","libros-coleccion":"LABUTXACA","ediciones":"1","encuadernacion":"R\u00fastica","fecha_de_publicacion":"01\/06\/2020","novedad":"1","paginas":"384","subtitulo":"","orden":"0","portada":"0","idioma":"cat","editorial":[{"ID":6281,"post_author":"3","post_date":"2022-07-28 17:48:50","post_date_gmt":"2022-07-28 15:48:50","post_content":"","post_title":"LABUTXACA","post_excerpt":"","post_status":"publish","comment_status":"closed","ping_status":"closed","post_password":"","post_name":"labutxaca","to_ping":"","pinged":"","post_modified":"2022-07-28 17:48:50","post_modified_gmt":"2022-07-28 15:48:50","post_content_filtered":"","post_parent":0,"guid":"http:\/\/dev.claret.cat\/editorial\/labutxaca\/","menu_order":0,"post_type":"editorial","post_mime_type":"","comment_count":"0","filter":"raw"}],"autores-libros":[{"ID":150288,"post_author":"3","post_date":"2022-10-14 14:31:45","post_date_gmt":"2022-10-14 12:31:45","post_content":"","post_title":"ANDREU CLARET SERRA","post_excerpt":"","post_status":"publish","comment_status":"closed","ping_status":"closed","post_password":"","post_name":"andreu-claret-serra","to_ping":"","pinged":"","post_modified":"2022-10-14 14:31:45","post_modified_gmt":"2022-10-14 12:31:45","post_content_filtered":"","post_parent":0,"guid":"http:\/\/dev.claret.cat\/autor\/andreu-claret-serra\/","menu_order":0,"post_type":"autor","post_mime_type":"","comment_count":"0","filter":"raw"}]},"aioseo_notices":[],"_links":{"self":[{"href":"https:\/\/www.claret.cat\/es\/wp-json\/wp\/v2\/product\/389165","targetHints":{"allow":["GET"]}}],"collection":[{"href":"https:\/\/www.claret.cat\/es\/wp-json\/wp\/v2\/product"}],"about":[{"href":"https:\/\/www.claret.cat\/es\/wp-json\/wp\/v2\/types\/product"}],"wp:attachment":[{"href":"https:\/\/www.claret.cat\/es\/wp-json\/wp\/v2\/media?parent=389165"}],"wp:term":[{"taxonomy":"product_brand","embeddable":true,"href":"https:\/\/www.claret.cat\/es\/wp-json\/wp\/v2\/product_brand?post=389165"},{"taxonomy":"product_cat","embeddable":true,"href":"https:\/\/www.claret.cat\/es\/wp-json\/wp\/v2\/product_cat?post=389165"},{"taxonomy":"product_tag","embeddable":true,"href":"https:\/\/www.claret.cat\/es\/wp-json\/wp\/v2\/product_tag?post=389165"}],"curies":[{"name":"wp","href":"https:\/\/api.w.org\/{rel}","templated":true}]}}