{"id":389193,"date":"2023-02-14T17:34:05","date_gmt":"2023-02-14T16:34:05","guid":{"rendered":"https:\/\/www.claret.cat\/llibre\/meditaciones-9788420688466\/"},"modified":"2023-02-14T17:34:08","modified_gmt":"2023-02-14T16:34:08","slug":"meditaciones-9788420688466","status":"publish","type":"product","link":"https:\/\/www.claret.cat\/es\/libro\/meditaciones-9788420688466\/","title":{"rendered":"MEDITACIONES"},"content":{"rendered":"<p>Considerado uno de los grandes pensadores del estoicismo romano, el emperador Marco Aurelio (121-180 d.C.) escribi\u00f3 hacia el final de su vida estas singulares &#8216;Meditaciones&#8217;: notas y apuntes tomados al hilo de las circunstancias y de los caprichos de la imaginaci\u00f3n que se articulan en p\u00e1rrafos generalmente breves y desconectados entre s\u00ed. Dividido en doce libros, este manual de los principios de psicolog\u00eda y de moral del \u00faltimo estoicismo romano reflexiona sobre la inevitabilidad de las cosas, la b\u00fasqueda de la virtud y la indiferencia del sabio ante los bienes y los males, principios que influir\u00edan despu\u00e9s tanto sobre la moral cristiana como sobre el humanismo secularizado.<\/p>\n<p> Traducci\u00f3n e introducci\u00f3n Antonio Guzm\u00e1n Guerra<\/p>\n","protected":false},"excerpt":{"rendered":"<p>MARCO AURELIO<\/p>\n","protected":false},"featured_media":0,"template":"","meta":{"_acf_changed":false,"om_disable_all_campaigns":false,"rs_blank_template":"","rs_page_bg_color":"","slide_template_v7":"","inline_featured_image":false,"_monsterinsights_skip_tracking":false,"_monsterinsights_sitenote_active":false,"_monsterinsights_sitenote_note":"","_monsterinsights_sitenote_category":0},"product_brand":[],"product_cat":[90,540],"product_tag":[],"class_list":{"0":"post-389193","1":"product","2":"type-product","3":"status-publish","5":"product_cat-altres","6":"product_cat-otros","8":"first","9":"instock","10":"taxable","11":"shipping-taxable","12":"purchasable","13":"product-type-simple"},"acf":{"autor":"MARCO AURELIO","codart":"842068846","libros-coleccion":"","ediciones":"1","encuadernacion":"R\u00fastica","fecha_de_publicacion":"01\/06\/2014","novedad":"0","paginas":"224","subtitulo":"","orden":"999","portada":"0","idioma":"spa","editorial":[{"ID":147398,"post_author":"3","post_date":"2022-10-14 11:50:16","post_date_gmt":"2022-10-14 09:50:16","post_content":"","post_title":"ALIANZA EDITORIAL, S. A.","post_excerpt":"","post_status":"publish","comment_status":"closed","ping_status":"closed","post_password":"","post_name":"alianza-editorial-s-a","to_ping":"","pinged":"","post_modified":"2022-10-14 11:50:16","post_modified_gmt":"2022-10-14 09:50:16","post_content_filtered":"","post_parent":0,"guid":"http:\/\/dev.claret.cat\/editorial\/alianza-editorial-s-a\/","menu_order":0,"post_type":"editorial","post_mime_type":"","comment_count":"0","filter":"raw"}],"autores-libros":[{"ID":163405,"post_author":"3","post_date":"2022-10-14 17:38:46","post_date_gmt":"2022-10-14 15:38:46","post_content":"","post_title":"MARCO AURELIO","post_excerpt":"","post_status":"publish","comment_status":"closed","ping_status":"closed","post_password":"","post_name":"marco-aurelio-2","to_ping":"","pinged":"","post_modified":"2022-10-14 17:38:46","post_modified_gmt":"2022-10-14 15:38:46","post_content_filtered":"","post_parent":0,"guid":"http:\/\/dev.claret.cat\/autor\/marco-aurelio-2\/","menu_order":0,"post_type":"autor","post_mime_type":"","comment_count":"0","filter":"raw"}]},"aioseo_notices":[],"_links":{"self":[{"href":"https:\/\/www.claret.cat\/es\/wp-json\/wp\/v2\/product\/389193","targetHints":{"allow":["GET"]}}],"collection":[{"href":"https:\/\/www.claret.cat\/es\/wp-json\/wp\/v2\/product"}],"about":[{"href":"https:\/\/www.claret.cat\/es\/wp-json\/wp\/v2\/types\/product"}],"wp:attachment":[{"href":"https:\/\/www.claret.cat\/es\/wp-json\/wp\/v2\/media?parent=389193"}],"wp:term":[{"taxonomy":"product_brand","embeddable":true,"href":"https:\/\/www.claret.cat\/es\/wp-json\/wp\/v2\/product_brand?post=389193"},{"taxonomy":"product_cat","embeddable":true,"href":"https:\/\/www.claret.cat\/es\/wp-json\/wp\/v2\/product_cat?post=389193"},{"taxonomy":"product_tag","embeddable":true,"href":"https:\/\/www.claret.cat\/es\/wp-json\/wp\/v2\/product_tag?post=389193"}],"curies":[{"name":"wp","href":"https:\/\/api.w.org\/{rel}","templated":true}]}}