{"id":389327,"date":"2023-02-14T17:48:51","date_gmt":"2023-02-14T16:48:51","guid":{"rendered":"https:\/\/www.claret.cat\/llibre\/el-maleti-de-la-moda-primaveraestiu-9788424637378\/"},"modified":"2025-01-31T21:09:38","modified_gmt":"2025-01-31T20:09:38","slug":"el-maleti-de-la-moda-primaveraestiu-9788424637378","status":"publish","type":"product","link":"https:\/\/www.claret.cat\/es\/libro\/el-maleti-de-la-moda-primaveraestiu-9788424637378\/","title":{"rendered":"EL MALET\u00cd DE LA MODA PRIMAVERA-ESTIU"},"content":{"rendered":"<p>El malet\u00ed perfecte per dissenyar la moda primavera-estiu. Amb estampats, adhesius, siluetes i trucs i consells per preparar la futura moda del bon temps. Amb aquest malet\u00ed entrar\u00e0s en el m\u00f3n de la moda!<\/p>\n","protected":false},"excerpt":{"rendered":"<p>CHANTILLY, LILI<\/p>\n","protected":false},"featured_media":0,"template":"","meta":{"_acf_changed":false,"om_disable_all_campaigns":false,"rs_blank_template":"","rs_page_bg_color":"","slide_template_v7":"","inline_featured_image":false,"_monsterinsights_skip_tracking":false,"_monsterinsights_sitenote_active":false,"_monsterinsights_sitenote_note":"","_monsterinsights_sitenote_category":0},"product_brand":[],"product_cat":[90,540],"product_tag":[],"class_list":{"0":"post-389327","1":"product","2":"type-product","3":"status-publish","5":"product_cat-altres","6":"product_cat-otros","8":"first","9":"instock","10":"taxable","11":"shipping-taxable","12":"purchasable","13":"product-type-simple"},"acf":{"autor":"CHANTILLY, LILI","codart":"842463737","libros-coleccion":"","ediciones":"1","encuadernacion":"Carpeta","fecha_de_publicacion":"01\/05\/2011","novedad":"0","paginas":"80","subtitulo":"","orden":"999","portada":"0","idioma":"cat","editorial":[{"ID":148361,"post_author":"3","post_date":"2022-10-14 11:57:38","post_date_gmt":"2022-10-14 09:57:38","post_content":"","post_title":"LA GALERA, S.A. EDITORIAL","post_excerpt":"","post_status":"publish","comment_status":"closed","ping_status":"closed","post_password":"","post_name":"la-galera-s-a-editorial","to_ping":"","pinged":"","post_modified":"2022-10-14 11:57:38","post_modified_gmt":"2022-10-14 09:57:38","post_content_filtered":"","post_parent":0,"guid":"http:\/\/dev.claret.cat\/editorial\/la-galera-s-a-editorial\/","menu_order":0,"post_type":"editorial","post_mime_type":"","comment_count":"0","filter":"raw"}],"autores-libros":[{"ID":305415,"post_author":"3","post_date":"2022-12-16 05:40:07","post_date_gmt":"2022-12-16 04:40:07","post_content":"","post_title":"LILI CHANTILLY","post_excerpt":"","post_status":"publish","comment_status":"closed","ping_status":"closed","post_password":"","post_name":"lili-chantilly","to_ping":"","pinged":"","post_modified":"2022-12-16 05:40:07","post_modified_gmt":"2022-12-16 04:40:07","post_content_filtered":"","post_parent":0,"guid":"http:\/\/dev.claret.cat\/autor\/lili-chantilly\/","menu_order":0,"post_type":"autor","post_mime_type":"","comment_count":"0","filter":"raw"}]},"aioseo_notices":[],"_links":{"self":[{"href":"https:\/\/www.claret.cat\/es\/wp-json\/wp\/v2\/product\/389327","targetHints":{"allow":["GET"]}}],"collection":[{"href":"https:\/\/www.claret.cat\/es\/wp-json\/wp\/v2\/product"}],"about":[{"href":"https:\/\/www.claret.cat\/es\/wp-json\/wp\/v2\/types\/product"}],"wp:attachment":[{"href":"https:\/\/www.claret.cat\/es\/wp-json\/wp\/v2\/media?parent=389327"}],"wp:term":[{"taxonomy":"product_brand","embeddable":true,"href":"https:\/\/www.claret.cat\/es\/wp-json\/wp\/v2\/product_brand?post=389327"},{"taxonomy":"product_cat","embeddable":true,"href":"https:\/\/www.claret.cat\/es\/wp-json\/wp\/v2\/product_cat?post=389327"},{"taxonomy":"product_tag","embeddable":true,"href":"https:\/\/www.claret.cat\/es\/wp-json\/wp\/v2\/product_tag?post=389327"}],"curies":[{"name":"wp","href":"https:\/\/api.w.org\/{rel}","templated":true}]}}