{"id":389520,"date":"2023-02-14T18:09:10","date_gmt":"2023-02-14T17:09:10","guid":{"rendered":"https:\/\/www.claret.cat\/llibre\/pintem-la-seu-vella-de-lleida-9788499794006\/"},"modified":"2025-01-16T17:56:04","modified_gmt":"2025-01-16T16:56:04","slug":"pintem-la-seu-vella-de-lleida-9788499794006","status":"publish","type":"product","link":"https:\/\/www.claret.cat\/es\/libro\/pintem-la-seu-vella-de-lleida-9788499794006\/","title":{"rendered":"PINTEM! LA SEU VELLA DE LLEIDA"},"content":{"rendered":"<p>Libro de actividades para colorear sobre el conjunt monumental de la Seu Vella de Lleida<\/p>\n","protected":false},"excerpt":{"rendered":"<p>BAY\u00c9S, PILAR\u00cdN<\/p>\n","protected":false},"featured_media":0,"template":"","meta":{"_acf_changed":false,"om_disable_all_campaigns":false,"rs_blank_template":"","rs_page_bg_color":"","slide_template_v7":"","inline_featured_image":false,"_monsterinsights_skip_tracking":false,"_monsterinsights_sitenote_active":false,"_monsterinsights_sitenote_note":"","_monsterinsights_sitenote_category":0},"product_brand":[],"product_cat":[90,540],"product_tag":[],"class_list":{"0":"post-389520","1":"product","2":"type-product","3":"status-publish","5":"product_cat-altres","6":"product_cat-otros","8":"first","9":"instock","10":"taxable","11":"shipping-taxable","12":"purchasable","13":"product-type-simple"},"acf":{"autor":"BAY\u00c9S, PILAR\u00cdN","codart":"849979400","libros-coleccion":"","ediciones":"1","encuadernacion":"R\u00fastica","fecha_de_publicacion":"01\/11\/2015","novedad":"0","paginas":"20","subtitulo":"","orden":"999","portada":"0","idioma":"cat","editorial":[{"ID":8235,"post_author":"3","post_date":"2022-09-30 09:21:22","post_date_gmt":"2022-09-30 07:21:22","post_content":"","post_title":"EDITORIAL MEDITERRANIA","post_excerpt":"","post_status":"publish","comment_status":"closed","ping_status":"closed","post_password":"","post_name":"editorial-mediterrania","to_ping":"","pinged":"","post_modified":"2022-09-30 09:21:22","post_modified_gmt":"2022-09-30 07:21:22","post_content_filtered":"","post_parent":0,"guid":"http:\/\/dev.claret.cat\/editorial\/editorial-mediterrania\/","menu_order":0,"post_type":"editorial","post_mime_type":"","comment_count":"0","filter":"raw"}],"autores-libros":[{"ID":167343,"post_author":"3","post_date":"2022-10-14 18:10:27","post_date_gmt":"2022-10-14 16:10:27","post_content":"","post_title":"PILAR\u00cdN BAY\u00c9S","post_excerpt":"","post_status":"publish","comment_status":"closed","ping_status":"closed","post_password":"","post_name":"pilarin-bayes-2","to_ping":"","pinged":"","post_modified":"2022-10-14 18:10:27","post_modified_gmt":"2022-10-14 16:10:27","post_content_filtered":"","post_parent":0,"guid":"http:\/\/dev.claret.cat\/autor\/pilarin-bayes-2\/","menu_order":0,"post_type":"autor","post_mime_type":"","comment_count":"0","filter":"raw"}]},"aioseo_notices":[],"_links":{"self":[{"href":"https:\/\/www.claret.cat\/es\/wp-json\/wp\/v2\/product\/389520","targetHints":{"allow":["GET"]}}],"collection":[{"href":"https:\/\/www.claret.cat\/es\/wp-json\/wp\/v2\/product"}],"about":[{"href":"https:\/\/www.claret.cat\/es\/wp-json\/wp\/v2\/types\/product"}],"wp:attachment":[{"href":"https:\/\/www.claret.cat\/es\/wp-json\/wp\/v2\/media?parent=389520"}],"wp:term":[{"taxonomy":"product_brand","embeddable":true,"href":"https:\/\/www.claret.cat\/es\/wp-json\/wp\/v2\/product_brand?post=389520"},{"taxonomy":"product_cat","embeddable":true,"href":"https:\/\/www.claret.cat\/es\/wp-json\/wp\/v2\/product_cat?post=389520"},{"taxonomy":"product_tag","embeddable":true,"href":"https:\/\/www.claret.cat\/es\/wp-json\/wp\/v2\/product_tag?post=389520"}],"curies":[{"name":"wp","href":"https:\/\/api.w.org\/{rel}","templated":true}]}}