{"id":389585,"date":"2023-02-14T18:19:49","date_gmt":"2023-02-14T17:19:49","guid":{"rendered":"https:\/\/www.claret.cat\/llibre\/los-animales-libro-de-tela-mi-primera-biblioteca-montessori-9788408257028\/"},"modified":"2023-10-06T05:58:59","modified_gmt":"2023-10-06T03:58:59","slug":"los-animales-libro-de-tela-mi-primera-biblioteca-montessori-9788408257028","status":"publish","type":"product","link":"https:\/\/www.claret.cat\/es\/libro\/los-animales-libro-de-tela-mi-primera-biblioteca-montessori-9788408257028\/","title":{"rendered":"LOS ANIMALES. LIBRO DE TELA. MI PRIMERA BIBLIOTECA MONTESSORI"},"content":{"rendered":"<p>Mi primera biblioteca Montessori es una colecci\u00f3n de libros con fotograf\u00edas reales pensados para mostrar a los beb\u00e9s que empiezan a descubrir el mundo.<br \/> La pedagog\u00eda Montessori defiende que todo lo que se muestre a las criaturas sea lo m\u00e1s realista posible, sobre todo durante los seis primeros a\u00f1os. Este libro contiene fotograf\u00edas para que las ni\u00f1as y los ni\u00f1os desarrollen su vocabulario y aprendan sobre el mundo que los rodea.<br \/> Los animales es una de las tem\u00e1ticas favoritas para beb\u00e9s: les encanta jugar a imitar el sonido o cantar canciones. Las fotograf\u00edas seleccionadas, adem\u00e1s, dan juego para que puedan se\u00f1alar las partes, contar las patas, mostrar las diferencias de tama\u00f1o, color o entre adulto y cr\u00eda. Est\u00e1n separadas por categor\u00edas: los animales de la granja, del bosque, del agua, del aire, y los animales salvajes.\u00a0Perfecto para aprender vocabulario.<br \/> Se trata de un libro de tela suave y ligero, lo que permite que el beb\u00e9 pueda manipularlo a su antojo desde los primeros meses de vida.<br \/> Elaborado con el asesoramiento de una gu\u00eda Montessori.<br \/> Recomendado\u00a0a partir de 0 meses.<br \/> T\u00edtulos de la colecci\u00f3n Mi primera biblioteca Montessori<\/p>\n<p> Mi primera biblioteca Montessori. Los colores \u00b7 Las frutas \u00b7 Los n\u00fameros \u00b7 Los animales<br \/> \u00a1Emociones! Mi primera biblioteca Montessori<br \/> Los animales del jard\u00edn. Mi primera biblioteca Montessori<br \/> Los animales del bosque. Mi primera biblioteca Montessori<br \/> Los veh\u00edculos. Libro de tela. Mi primera biblioteca Montessori<br \/> Los animales. Libro de tela. Mi primera biblioteca Montessori<\/p>\n","protected":false},"excerpt":{"rendered":"<p>AA. VV.<\/p>\n","protected":false},"featured_media":389747,"template":"","meta":{"_acf_changed":false,"om_disable_all_campaigns":false,"rs_blank_template":"","rs_page_bg_color":"","slide_template_v7":"","inline_featured_image":false,"_monsterinsights_skip_tracking":false,"_monsterinsights_sitenote_active":false,"_monsterinsights_sitenote_note":"","_monsterinsights_sitenote_category":0},"product_brand":[],"product_cat":[361],"product_tag":[],"class_list":{"0":"post-389585","1":"product","2":"type-product","3":"status-publish","4":"has-post-thumbnail","6":"product_cat-cuentos-para-ninos-0-6-anos","8":"first","9":"instock","10":"taxable","11":"shipping-taxable","12":"purchasable","13":"product-type-simple"},"acf":{"autor":"AA. VV.","codart":"840825702","libros-coleccion":"Montessori","ediciones":"1","encuadernacion":"Carpeta","fecha_de_publicacion":"01\/02\/2023","novedad":"1","paginas":"6","subtitulo":"CON FOTOS REALES","orden":"0","portada":"0","idioma":"spa","editorial":[{"ID":6233,"post_author":"3","post_date":"2022-07-28 17:47:48","post_date_gmt":"2022-07-28 15:47:48","post_content":"","post_title":"EDITORIAL PLANETA","post_excerpt":"","post_status":"publish","comment_status":"closed","ping_status":"closed","post_password":"","post_name":"editorial-planeta","to_ping":"","pinged":"","post_modified":"2022-07-28 17:47:48","post_modified_gmt":"2022-07-28 15:47:48","post_content_filtered":"","post_parent":0,"guid":"http:\/\/dev.claret.cat\/editorial\/editorial-planeta\/","menu_order":0,"post_type":"editorial","post_mime_type":"","comment_count":"0","filter":"raw"}],"autores-libros":[{"ID":5197,"post_author":"3","post_date":"2022-07-28 17:16:51","post_date_gmt":"2022-07-28 15:16:51","post_content":"","post_title":"AA. VV.","post_excerpt":"","post_status":"publish","comment_status":"closed","ping_status":"closed","post_password":"","post_name":"aa-vv","to_ping":"","pinged":"","post_modified":"2022-07-28 17:16:51","post_modified_gmt":"2022-07-28 15:16:51","post_content_filtered":"","post_parent":0,"guid":"http:\/\/dev.claret.cat\/autor\/aa-vv\/","menu_order":0,"post_type":"autor","post_mime_type":"","comment_count":"0","filter":"raw"}]},"aioseo_notices":[],"_links":{"self":[{"href":"https:\/\/www.claret.cat\/es\/wp-json\/wp\/v2\/product\/389585","targetHints":{"allow":["GET"]}}],"collection":[{"href":"https:\/\/www.claret.cat\/es\/wp-json\/wp\/v2\/product"}],"about":[{"href":"https:\/\/www.claret.cat\/es\/wp-json\/wp\/v2\/types\/product"}],"wp:featuredmedia":[{"embeddable":true,"href":"https:\/\/www.claret.cat\/es\/wp-json\/wp\/v2\/media\/389747"}],"wp:attachment":[{"href":"https:\/\/www.claret.cat\/es\/wp-json\/wp\/v2\/media?parent=389585"}],"wp:term":[{"taxonomy":"product_brand","embeddable":true,"href":"https:\/\/www.claret.cat\/es\/wp-json\/wp\/v2\/product_brand?post=389585"},{"taxonomy":"product_cat","embeddable":true,"href":"https:\/\/www.claret.cat\/es\/wp-json\/wp\/v2\/product_cat?post=389585"},{"taxonomy":"product_tag","embeddable":true,"href":"https:\/\/www.claret.cat\/es\/wp-json\/wp\/v2\/product_tag?post=389585"}],"curies":[{"name":"wp","href":"https:\/\/api.w.org\/{rel}","templated":true}]}}