{"id":389663,"date":"2023-02-14T18:50:02","date_gmt":"2023-02-14T17:50:02","guid":{"rendered":"https:\/\/www.claret.cat\/llibre\/pack-bad-ash-trilogia-9788408268543\/"},"modified":"2023-10-06T06:16:16","modified_gmt":"2023-10-06T04:16:16","slug":"pack-bad-ash-trilogia-9788408268543","status":"publish","type":"product","link":"https:\/\/www.claret.cat\/es\/libro\/pack-bad-ash-trilogia-9788408268543\/","title":{"rendered":"PACK BAD ASH (TRILOG\u00cdA)"},"content":{"rendered":"<p>\u00a1La trilog\u00eda rom\u00e1ntica que hace que salten chispas!<br \/> Bad Ash 1. Saltan chispas<br \/> Ashley Bennet lleva toda la vida colgada de Tyler Sparks, el quarterback del equipo de f\u00fatbol del instituto. Ella lo sabe, sus amigas lo saben, \u00e9l lo sabe, \u00a1todo el instituto lo sabe! El problema es que Ashley tambi\u00e9n sabe que nunca ser\u00e1 suyo. Pero Cameron Parker, el mejor amigo de Tyler, le propone algo: ayudarla a conseguir que el chico de sus sue\u00f1os se fije en ella.<br \/> Cameron ha elegido a la chica perfecta. Solo hay que pulir algunos aspectos. En cuanto lo consiga, el resto saldr\u00e1 rodado: podr\u00e1 librarse de la bruja con la que sale su mejor amigo y conseguir que este vuelva a ser el de antes. Lo tiene todo meticulosamente calculado.<br \/> Solo que olvid\u00f3 que el amor no es f\u00e1cil de controlar.<\/p>\n<p> Bad Ash 2. Sin miedo<br \/> La vida de Ashley Bennet ha cambiado mucho desde que hizo un trato con el chico m\u00e1s popular del instituto, y ahora parece tener al alcance de su mano todo aquello con lo que llevaba tiempo so\u00f1ando.<br \/> Cameron Parker ha conseguido su prop\u00f3sito y, sin embargo, parece haber perdido mucho m\u00e1s de lo que cre\u00eda poder llegar a ganar. A veces, la vida te altera por completo los planes. Y todo se complica cuando debes elegir entre la amistad y el amor.<br \/> Y esa es una decisi\u00f3n que puede cambiar su vida para siempre.<\/p>\n<p> Bad Ash 3. Respira<br \/> El mundo de Ashley Bennet se ha vuelto completamente del rev\u00e9s. Ella, que por \u00ad fin pensaba que hab\u00eda conseguido al chico perfecto\u2026 renunci\u00f3 a lo que tanto hab\u00eda deseado porque se enamor\u00f3 sin haberlo planeado. Y ahora est\u00e1 sola. Y va a tener que descubrir qui\u00e9n es ella realmente. Tal vez, en los \u00faltimos a\u00f1os, olvidara que lo m\u00e1s importante siempre fue quererse a s\u00ed misma.<br \/> Cameron Parker ha perdido esa seguridad que derrochaba a cada paso. Tiene que hacer frente a las consecuencias de sus actos, y asegurarse de que no hiere a nadie m\u00e1s por el camino\u2026 aunque quien acabe con el coraz\u00f3n roto sea \u00e9l.<br \/> \u00bfConseguir\u00e1n Ash y Cam reconciliarse con ellos mismos para poder encontrarse de nuevo?<\/p>\n","protected":false},"excerpt":{"rendered":"<p>NOT, ALINA<\/p>\n","protected":false},"featured_media":390007,"template":"","meta":{"_acf_changed":false,"om_disable_all_campaigns":false,"rs_blank_template":"","rs_page_bg_color":"","slide_template_v7":"","inline_featured_image":false,"_monsterinsights_skip_tracking":false,"_monsterinsights_sitenote_active":false,"_monsterinsights_sitenote_note":"","_monsterinsights_sitenote_category":0},"product_brand":[],"product_cat":[566,363],"product_tag":[],"class_list":{"0":"post-389663","1":"product","2":"type-product","3":"status-publish","4":"has-post-thumbnail","6":"product_cat-juvenil-3_infantil-juvenil-spa-spa","7":"product_cat-lecturas-por-adolescentes-12-18-anos","9":"first","10":"instock","11":"taxable","12":"shipping-taxable","13":"purchasable","14":"product-type-simple"},"acf":{"editorial":[{"ID":6233,"post_author":"3","post_date":"2022-07-28 17:47:48","post_date_gmt":"2022-07-28 15:47:48","post_content":"","post_title":"EDITORIAL PLANETA","post_excerpt":"","post_status":"publish","comment_status":"closed","ping_status":"closed","post_password":"","post_name":"editorial-planeta","to_ping":"","pinged":"","post_modified":"2022-07-28 17:47:48","post_modified_gmt":"2022-07-28 15:47:48","post_content_filtered":"","post_parent":0,"guid":"http:\/\/dev.claret.cat\/editorial\/editorial-planeta\/","menu_order":0,"post_type":"editorial","post_mime_type":"","comment_count":"0","filter":"raw"}],"autores-libros":[{"ID":149862,"post_author":"3","post_date":"2022-10-14 14:28:17","post_date_gmt":"2022-10-14 12:28:17","post_content":"","post_title":"ALINA NOT","post_excerpt":"","post_status":"publish","comment_status":"closed","ping_status":"closed","post_password":"","post_name":"alina-not","to_ping":"","pinged":"","post_modified":"2022-10-14 14:28:17","post_modified_gmt":"2022-10-14 12:28:17","post_content_filtered":"","post_parent":0,"guid":"http:\/\/dev.claret.cat\/autor\/alina-not\/","menu_order":0,"post_type":"autor","post_mime_type":"","comment_count":"0","filter":"raw"}],"autor":"NOT, ALINA","codart":"840826854","libros-coleccion":"Novela","ediciones":"1","encuadernacion":"R\u00fastica","fecha_de_publicacion":"01\/02\/2023","novedad":"1","paginas":"1408","subtitulo":"INCLUYE LA TRILOG\u00cdA FORMADA POR BAD ASH 1. SALTAN CHISPAS, BAD ASH 2. SIN MIEDO","orden":"0","portada":"0","idioma":"spa"},"aioseo_notices":[],"_links":{"self":[{"href":"https:\/\/www.claret.cat\/es\/wp-json\/wp\/v2\/product\/389663","targetHints":{"allow":["GET"]}}],"collection":[{"href":"https:\/\/www.claret.cat\/es\/wp-json\/wp\/v2\/product"}],"about":[{"href":"https:\/\/www.claret.cat\/es\/wp-json\/wp\/v2\/types\/product"}],"wp:featuredmedia":[{"embeddable":true,"href":"https:\/\/www.claret.cat\/es\/wp-json\/wp\/v2\/media\/390007"}],"wp:attachment":[{"href":"https:\/\/www.claret.cat\/es\/wp-json\/wp\/v2\/media?parent=389663"}],"wp:term":[{"taxonomy":"product_brand","embeddable":true,"href":"https:\/\/www.claret.cat\/es\/wp-json\/wp\/v2\/product_brand?post=389663"},{"taxonomy":"product_cat","embeddable":true,"href":"https:\/\/www.claret.cat\/es\/wp-json\/wp\/v2\/product_cat?post=389663"},{"taxonomy":"product_tag","embeddable":true,"href":"https:\/\/www.claret.cat\/es\/wp-json\/wp\/v2\/product_tag?post=389663"}],"curies":[{"name":"wp","href":"https:\/\/api.w.org\/{rel}","templated":true}]}}