{"id":389954,"date":"2023-02-15T08:01:23","date_gmt":"2023-02-15T07:01:23","guid":{"rendered":"https:\/\/www.claret.cat\/llibre\/artemisia-annua-la-planta-medicinal-de-los-dioses-9788491119531\/"},"modified":"2023-10-06T06:20:02","modified_gmt":"2023-10-06T04:20:02","slug":"artemisia-annua-la-planta-medicinal-de-los-dioses-9788491119531","status":"publish","type":"product","link":"https:\/\/www.claret.cat\/es\/libro\/artemisia-annua-la-planta-medicinal-de-los-dioses-9788491119531\/","title":{"rendered":"ARTEMISIA ANNUA, LA PLANTA MEDICINAL DE LOS DIOSES"},"content":{"rendered":"<p>Gu\u00eda compacta o La nueva estrella entre los remedios naturales<\/p>\n<p> Artemisia annua, la artemisa anual, es una planta fascinante que contiene sustancias curativas. Los chinos ya lo sab\u00edan hace 2000 a\u00f1os. Tiene un efecto altamente antioxidante y antiinflamatorio, es una verdadera bomba de vitaminas, elimina bacterias y ayuda con muchas enfermedades espec\u00edficas.<\/p>\n<p> Conocida por su gran eficacia contra la malaria, la artemisia se usa hoy en d\u00eda en caso de cuadros sintom\u00e1ticos muy variados. Esta \u00abplanta milagrosa\u00bb limpia los intestinos, la sangre y los \u00f3rganos internos; activa nuestras defensas e incluso contrarresta la demencia y la enfermedad de Alzheimer.<\/p>\n<p> En la presente gu\u00eda se describir\u00e1 esta planta medicinal y se aportar\u00e1n, entre otras cosas:<\/p>\n<p> \u2022 Datos interesantes sobre crecimiento, la ocurrencia e historia de esta planta.<\/p>\n<p> \u2022 Informaci\u00f3n exhaustiva sobre ingredientes, \u00e1reas de aplicaci\u00f3n y resultados de investigaciones actuales.<\/p>\n<p> \u2022 Consejos pr\u00e1cticos para el autocultivo y recetas con productos basados en la artemisia.<\/p>\n","protected":false},"excerpt":{"rendered":"<p>SIMONSOHN, BARBARA<\/p>\n","protected":false},"featured_media":390452,"template":"","meta":{"_acf_changed":false,"om_disable_all_campaigns":false,"rs_blank_template":"","rs_page_bg_color":"","slide_template_v7":"","inline_featured_image":false,"_monsterinsights_skip_tracking":false,"_monsterinsights_sitenote_active":false,"_monsterinsights_sitenote_note":"","_monsterinsights_sitenote_category":0},"product_brand":[],"product_cat":[547],"product_tag":[],"class_list":{"0":"post-389954","1":"product","2":"type-product","3":"status-publish","4":"has-post-thumbnail","6":"product_cat-salud","8":"first","9":"instock","10":"taxable","11":"shipping-taxable","12":"purchasable","13":"product-type-simple"},"acf":{"autor":"SIMONSOHN, BARBARA","codart":"849111953","libros-coleccion":"SALUD Y VIDA NATURAL","ediciones":"1","encuadernacion":"R\u00fastica","fecha_de_publicacion":"01\/02\/2023","novedad":"1","paginas":"136","subtitulo":"GU\u00cdA COMPACTA O LA NUEVA ESTRELLA ENTRE LOS REMEDIOS NATURALES","orden":"0","portada":"0","idioma":"spa","editorial":[{"ID":6318,"post_author":"3","post_date":"2022-07-28 17:49:37","post_date_gmt":"2022-07-28 15:49:37","post_content":"","post_title":"OBELISCO","post_excerpt":"","post_status":"publish","comment_status":"closed","ping_status":"closed","post_password":"","post_name":"obelisco","to_ping":"","pinged":"","post_modified":"2022-07-28 17:49:37","post_modified_gmt":"2022-07-28 15:49:37","post_content_filtered":"","post_parent":0,"guid":"http:\/\/dev.claret.cat\/editorial\/obelisco\/","menu_order":0,"post_type":"editorial","post_mime_type":"","comment_count":"0","filter":"raw"}],"autores-libros":[{"ID":151361,"post_author":"3","post_date":"2022-10-14 14:40:16","post_date_gmt":"2022-10-14 12:40:16","post_content":"","post_title":"BARBARA SIMONSOHN","post_excerpt":"","post_status":"publish","comment_status":"closed","ping_status":"closed","post_password":"","post_name":"barbara-simonsohn","to_ping":"","pinged":"","post_modified":"2022-10-14 14:40:16","post_modified_gmt":"2022-10-14 12:40:16","post_content_filtered":"","post_parent":0,"guid":"http:\/\/dev.claret.cat\/autor\/barbara-simonsohn\/","menu_order":0,"post_type":"autor","post_mime_type":"","comment_count":"0","filter":"raw"}]},"aioseo_notices":[],"_links":{"self":[{"href":"https:\/\/www.claret.cat\/es\/wp-json\/wp\/v2\/product\/389954","targetHints":{"allow":["GET"]}}],"collection":[{"href":"https:\/\/www.claret.cat\/es\/wp-json\/wp\/v2\/product"}],"about":[{"href":"https:\/\/www.claret.cat\/es\/wp-json\/wp\/v2\/types\/product"}],"wp:featuredmedia":[{"embeddable":true,"href":"https:\/\/www.claret.cat\/es\/wp-json\/wp\/v2\/media\/390452"}],"wp:attachment":[{"href":"https:\/\/www.claret.cat\/es\/wp-json\/wp\/v2\/media?parent=389954"}],"wp:term":[{"taxonomy":"product_brand","embeddable":true,"href":"https:\/\/www.claret.cat\/es\/wp-json\/wp\/v2\/product_brand?post=389954"},{"taxonomy":"product_cat","embeddable":true,"href":"https:\/\/www.claret.cat\/es\/wp-json\/wp\/v2\/product_cat?post=389954"},{"taxonomy":"product_tag","embeddable":true,"href":"https:\/\/www.claret.cat\/es\/wp-json\/wp\/v2\/product_tag?post=389954"}],"curies":[{"name":"wp","href":"https:\/\/api.w.org\/{rel}","templated":true}]}}