{"id":389958,"date":"2023-02-15T08:01:35","date_gmt":"2023-02-15T07:01:35","guid":{"rendered":"https:\/\/www.claret.cat\/llibre\/maria-zambrano-9788425450051\/"},"modified":"2026-01-28T11:49:33","modified_gmt":"2026-01-28T10:49:33","slug":"maria-zambrano-9788425450051","status":"publish","type":"product","link":"https:\/\/www.claret.cat\/es\/libro\/maria-zambrano-9788425450051\/","title":{"rendered":"MAR\u00cdA ZAMBRANO"},"content":{"rendered":"<p>Mar\u00eda Zambrano es probablemente la pensadora de habla hispana m\u00e1s influyente del siglo pasado. Sin embargo, a pesar de sus aportaciones fundamentales a la filosof\u00eda, sus contribuciones pol\u00edticas no han recibido la atenci\u00f3n editorial que merecen. Su originalidad radica en haber extendido la noci\u00f3n de democracia desde una forma de gobierno hasta una din\u00e1mica de convivencia. As\u00ed, la democracia no ser\u00eda una formalidad gubernamental, legal o institucional, sino un modo-de-convivir, un modo-de-estar con los dem\u00e1s ciudadanos.  En este libro, a partir de un examen profundo de las obras de Zambrano, Pamela Soto Garc\u00eda propone un recorrido a trav\u00e9s de una serie de \u00abnotas\u00bb de lectura ?entendidas al modo de notas musicales, que no son teorizaciones menores, sino verdaderas punzadas? que, como una constelaci\u00f3n, dibujan los aspectos m\u00e1s fundamentales de la filosof\u00eda de la autora. Se cruzan aqu\u00ed aspectos te\u00f3ricos y pol\u00edticos que vinculan a Zambrano con las discusiones te\u00f3ricas de diversas \u00e9pocas, en un proceso que comprende tanto la organizaci\u00f3n de la Segunda Rep\u00fablica espa\u00f1ola como la experiencia del exilio.    AUTOR  Pa<\/p>\n","protected":false},"excerpt":{"rendered":"<p>SOTO GARC\u00cdA, PAMELA<\/p>\n","protected":false},"featured_media":390459,"template":"","meta":{"_acf_changed":false,"om_disable_all_campaigns":false,"rs_blank_template":"","rs_page_bg_color":"","slide_template_v7":"","inline_featured_image":false,"_monsterinsights_skip_tracking":false,"_monsterinsights_sitenote_active":false,"_monsterinsights_sitenote_note":"","_monsterinsights_sitenote_category":0},"product_brand":[],"product_cat":[373,166,549,99],"product_tag":[],"class_list":{"0":"post-389958","1":"product","2":"type-product","3":"status-publish","4":"has-post-thumbnail","6":"product_cat-autores","7":"product_cat-autors-filosofia","8":"product_cat-biografias","9":"product_cat-biografies","11":"first","12":"instock","13":"taxable","14":"shipping-taxable","15":"purchasable","16":"product-type-simple"},"acf":{"autor":"SOTO GARC\u00cdA, PAMELA","codart":"842545005","libros-coleccion":"Filosof\u00eda","ediciones":"1","encuadernacion":"R\u00fastica","fecha_de_publicacion":"01\/02\/2023","novedad":"1","paginas":"192","subtitulo":"LOS TIEMPOS DE LA DEMOCRACIA","orden":"0","portada":"0","idioma":"spa","editorial":[{"ID":6266,"post_author":"3","post_date":"2022-07-28 17:48:31","post_date_gmt":"2022-07-28 15:48:31","post_content":"","post_title":"HERDER","post_excerpt":"","post_status":"publish","comment_status":"closed","ping_status":"closed","post_password":"","post_name":"herder","to_ping":"","pinged":"","post_modified":"2022-07-28 17:48:31","post_modified_gmt":"2022-07-28 15:48:31","post_content_filtered":"","post_parent":0,"guid":"http:\/\/dev.claret.cat\/editorial\/herder\/","menu_order":0,"post_type":"editorial","post_mime_type":"","comment_count":"0","filter":"raw"}],"autores-libros":[{"ID":389957,"post_author":"3","post_date":"2023-02-15 08:01:32","post_date_gmt":"2023-02-15 07:01:32","post_content":"","post_title":"PAMELA SOTO GARC\u00cdA","post_excerpt":"","post_status":"publish","comment_status":"closed","ping_status":"closed","post_password":"","post_name":"pamela-soto-garcia-2","to_ping":"","pinged":"","post_modified":"2023-02-15 08:01:32","post_modified_gmt":"2023-02-15 07:01:32","post_content_filtered":"","post_parent":0,"guid":"https:\/\/www.claret.cat\/autor\/pamela-soto-garcia-2\/","menu_order":0,"post_type":"autor","post_mime_type":"","comment_count":"0","filter":"raw"}],"booktrailer":"","resenas":""},"aioseo_notices":[],"_links":{"self":[{"href":"https:\/\/www.claret.cat\/es\/wp-json\/wp\/v2\/product\/389958","targetHints":{"allow":["GET"]}}],"collection":[{"href":"https:\/\/www.claret.cat\/es\/wp-json\/wp\/v2\/product"}],"about":[{"href":"https:\/\/www.claret.cat\/es\/wp-json\/wp\/v2\/types\/product"}],"wp:featuredmedia":[{"embeddable":true,"href":"https:\/\/www.claret.cat\/es\/wp-json\/wp\/v2\/media\/390459"}],"wp:attachment":[{"href":"https:\/\/www.claret.cat\/es\/wp-json\/wp\/v2\/media?parent=389958"}],"wp:term":[{"taxonomy":"product_brand","embeddable":true,"href":"https:\/\/www.claret.cat\/es\/wp-json\/wp\/v2\/product_brand?post=389958"},{"taxonomy":"product_cat","embeddable":true,"href":"https:\/\/www.claret.cat\/es\/wp-json\/wp\/v2\/product_cat?post=389958"},{"taxonomy":"product_tag","embeddable":true,"href":"https:\/\/www.claret.cat\/es\/wp-json\/wp\/v2\/product_tag?post=389958"}],"curies":[{"name":"wp","href":"https:\/\/api.w.org\/{rel}","templated":true}]}}