{"id":390141,"date":"2023-02-15T12:53:03","date_gmt":"2023-02-15T11:53:03","guid":{"rendered":"https:\/\/www.claret.cat\/llibre\/benedicto-xvi-el-papa-teologo-9788428568562\/"},"modified":"2025-11-22T11:11:19","modified_gmt":"2025-11-22T10:11:19","slug":"benedicto-xvi-el-papa-teologo-9788428568562","status":"publish","type":"product","link":"https:\/\/www.claret.cat\/es\/libro\/benedicto-xvi-el-papa-teologo-9788428568562\/","title":{"rendered":"BENEDICTO XVI, EL PAPA TE\u00d3LOGO"},"content":{"rendered":"<p>Biograf\u00eda de Benedicto XVI, que fue un hombre humilde, un erudito un gran te\u00f3logo y un papa que marc\u00f3 la historia de nuestro tiempo. El hilo conductor de sus p\u00e1ginas es la historia de su vocaci\u00f3n: primero como cristiano y sacerdote, despu\u00e9s como profesor y arzobispo y, por \u00faltimo, como prefecto y papa, e incluso como papa em\u00e9rito. Se trata de una obra que, adem\u00e1s de dar a conocer los aspectos m\u00e1s significativos de su vida, busca arrojar luz sobre datos incomprendidos de su persona y su pontificado, desmoronando, incluso, aquellos juicios sin demasiado conocimiento del hombre b\u00e1varo que mir\u00f3 siempre de cara tanto a la raz\u00f3n de los intelectuales como a lo que \u00e9l llama \u00abla fe de los sencillos\u00bb.<\/p>\n","protected":false},"excerpt":{"rendered":"<p>BLANCO SARTO, PABLO<\/p>\n","protected":false},"featured_media":1067727,"template":"","meta":{"_acf_changed":false,"om_disable_all_campaigns":false,"rs_blank_template":"","rs_page_bg_color":"","slide_template_v7":"","inline_featured_image":false,"_monsterinsights_skip_tracking":false,"_monsterinsights_sitenote_active":false,"_monsterinsights_sitenote_note":"","_monsterinsights_sitenote_category":0},"product_brand":[],"product_cat":[93,543],"product_tag":[],"class_list":{"0":"post-390141","1":"product","2":"type-product","3":"status-publish","4":"has-post-thumbnail","6":"product_cat-eclesiologia","7":"product_cat-eclesiologia-es","9":"first","10":"instock","11":"taxable","12":"shipping-taxable","13":"purchasable","14":"product-type-simple"},"acf":{"autor":"BLANCO SARTO, PABLO","codart":"842856856","libros-coleccion":"Retratos de bolsillo","ediciones":"1","encuadernacion":"R\u00fastica","fecha_de_publicacion":"13\/02\/2023","novedad":"1","paginas":"236","subtitulo":"","orden":"0","portada":"0","idioma":"spa","editorial":[{"ID":6356,"post_author":"3","post_date":"2022-07-28 17:50:26","post_date_gmt":"2022-07-28 15:50:26","post_content":"","post_title":"SAN PABLO COMUNICACI\u00d3N","post_excerpt":"","post_status":"publish","comment_status":"closed","ping_status":"closed","post_password":"","post_name":"san-pablo-comunicacion","to_ping":"","pinged":"","post_modified":"2022-07-28 17:50:26","post_modified_gmt":"2022-07-28 15:50:26","post_content_filtered":"","post_parent":0,"guid":"http:\/\/dev.claret.cat\/editorial\/san-pablo-comunicacion\/","menu_order":0,"post_type":"editorial","post_mime_type":"","comment_count":"0","filter":"raw"}],"autores-libros":[{"ID":5911,"post_author":"3","post_date":"2022-07-28 17:34:08","post_date_gmt":"2022-07-28 15:34:08","post_content":"","post_title":"PABLO BLANCO SARTO","post_excerpt":"","post_status":"publish","comment_status":"closed","ping_status":"closed","post_password":"","post_name":"pablo-blanco-sarto","to_ping":"","pinged":"","post_modified":"2022-07-28 17:34:08","post_modified_gmt":"2022-07-28 15:34:08","post_content_filtered":"","post_parent":0,"guid":"http:\/\/dev.claret.cat\/autor\/pablo-blanco-sarto\/","menu_order":0,"post_type":"autor","post_mime_type":"","comment_count":"0","filter":"raw"}],"booktrailer":"","resenas":""},"aioseo_notices":[],"_links":{"self":[{"href":"https:\/\/www.claret.cat\/es\/wp-json\/wp\/v2\/product\/390141","targetHints":{"allow":["GET"]}}],"collection":[{"href":"https:\/\/www.claret.cat\/es\/wp-json\/wp\/v2\/product"}],"about":[{"href":"https:\/\/www.claret.cat\/es\/wp-json\/wp\/v2\/types\/product"}],"wp:featuredmedia":[{"embeddable":true,"href":"https:\/\/www.claret.cat\/es\/wp-json\/wp\/v2\/media\/1067727"}],"wp:attachment":[{"href":"https:\/\/www.claret.cat\/es\/wp-json\/wp\/v2\/media?parent=390141"}],"wp:term":[{"taxonomy":"product_brand","embeddable":true,"href":"https:\/\/www.claret.cat\/es\/wp-json\/wp\/v2\/product_brand?post=390141"},{"taxonomy":"product_cat","embeddable":true,"href":"https:\/\/www.claret.cat\/es\/wp-json\/wp\/v2\/product_cat?post=390141"},{"taxonomy":"product_tag","embeddable":true,"href":"https:\/\/www.claret.cat\/es\/wp-json\/wp\/v2\/product_tag?post=390141"}],"curies":[{"name":"wp","href":"https:\/\/api.w.org\/{rel}","templated":true}]}}